{"id":32906,"date":"2025-02-20T23:32:57","date_gmt":"2025-02-20T22:32:57","guid":{"rendered":"https:\/\/olemosaic.orbitalia.org\/producto\/iman-de-resina-salamandra-9-cm-2\/"},"modified":"2025-07-25T18:41:50","modified_gmt":"2025-07-25T16:41:50","slug":"iman-de-resina-salamandra-9-cm-2-pt-pt","status":"publish","type":"product","link":"https:\/\/olemosaic.orbitalia.org\/pt-pt\/produto\/iman-de-resina-salamandra-9-cm-2-pt-pt\/","title":{"rendered":"\u00cdman de resina. Salamandra. Estilo floral. 9 cm."},"content":{"rendered":"<p>Este \u00edman de resina com forma de salamandra \u00e9 uma recorda\u00e7\u00e3o atraente que capta a ess\u00eancia vibrante da fauna ib\u00e9rica. Com dimens\u00f5es de 9 cm, este \u00edman colorido apresenta um design inspirado na arte do mosaico, onde se entrela\u00e7am tons de azul, verde, amarelo e vermelho, evocando um estilo art\u00edstico que celebra a diversidade natural da regi\u00e3o. A salamandra, s\u00edmbolo de transforma\u00e7\u00e3o e renova\u00e7\u00e3o, representa a rica heran\u00e7a cultural europeia e tornou-se um \u00edcone em diversas tradi\u00e7\u00f5es locais.<\/p>\n<p>O acabamento brilhante do \u00edman real\u00e7a os detalhes meticulosamente desenhados, criando uma pe\u00e7a que n\u00e3o s\u00f3 adorna qualquer superf\u00edcie met\u00e1lica, mas tamb\u00e9m funciona como uma preciosa recorda\u00e7\u00e3o da sua visita a Espanha. Ideal para quem procura recorda\u00e7\u00f5es aut\u00eanticas e representativas, este \u00edman encapsula a beleza do folclore local, tornando-se uma excelente op\u00e7\u00e3o para turistas. Na Ol\u00e9 Mosaic, especializamo-nos na distribui\u00e7\u00e3o de souvenirs por grosso, oferecendo \u00edmanes de resina art\u00edsticos que atraem clientes de todo o mundo. Este \u00edman de salamandra \u00e9 uma op\u00e7\u00e3o perfeita para lojas de presentes tur\u00edsticos que desejem adicionar um toque de originalidade e cultura \u00e0 sua oferta de souvenirs. Se procura uma recorda\u00e7\u00e3o distintiva que fale da riqueza cultural espanhola, este \u00edman \u00e9 a escolha ideal.<\/p>\n","protected":false},"excerpt":{"rendered":"<p>\u00cdman com forma de salamandra, de 9 cm, com um design vibrante e colorido. Esta recorda\u00e7\u00e3o atraente apresenta um estilo de mosaico que real\u00e7a tons azuis, verdes, amarelos e vermelhos, evocando a rica flora e fauna da pen\u00ednsula ib\u00e9rica. O seu acabamento brilhante e os seus detalhes art\u00edsticos tornam-no numa representa\u00e7\u00e3o ideal do folclore local, perfeito para adornar qualquer superf\u00edcie met\u00e1lica e recordar a sua visita a Espanha.<\/p>\n","protected":false},"featured_media":9263,"template":"","meta":{"_acf_changed":false},"product_brand":[],"product_cat":[699],"product_tag":[516],"class_list":{"0":"post-32906","1":"product","2":"type-product","3":"status-publish","4":"has-post-thumbnail","6":"product_cat-imanes","7":"product_tag-animais","8":"pa_motivo-salamandras","10":"first","11":"instock","12":"shipping-taxable","13":"product-type-simple"},"acf":[],"_links":{"self":[{"href":"https:\/\/olemosaic.orbitalia.org\/pt-pt\/wp-json\/wp\/v2\/product\/32906","targetHints":{"allow":["GET"]}}],"collection":[{"href":"https:\/\/olemosaic.orbitalia.org\/pt-pt\/wp-json\/wp\/v2\/product"}],"about":[{"href":"https:\/\/olemosaic.orbitalia.org\/pt-pt\/wp-json\/wp\/v2\/types\/product"}],"wp:featuredmedia":[{"embeddable":true,"href":"https:\/\/olemosaic.orbitalia.org\/pt-pt\/wp-json\/wp\/v2\/media\/9263"}],"wp:attachment":[{"href":"https:\/\/olemosaic.orbitalia.org\/pt-pt\/wp-json\/wp\/v2\/media?parent=32906"}],"wp:term":[{"taxonomy":"product_brand","embeddable":true,"href":"https:\/\/olemosaic.orbitalia.org\/pt-pt\/wp-json\/wp\/v2\/product_brand?post=32906"},{"taxonomy":"product_cat","embeddable":true,"href":"https:\/\/olemosaic.orbitalia.org\/pt-pt\/wp-json\/wp\/v2\/product_cat?post=32906"},{"taxonomy":"product_tag","embeddable":true,"href":"https:\/\/olemosaic.orbitalia.org\/pt-pt\/wp-json\/wp\/v2\/product_tag?post=32906"}],"curies":[{"name":"wp","href":"https:\/\/api.w.org\/{rel}","templated":true}]}}