{"id":32888,"date":"2025-02-20T23:32:56","date_gmt":"2025-02-20T22:32:56","guid":{"rendered":"https:\/\/olemosaic.orbitalia.org\/producto\/iman-de-resina-golondrina-9-cm\/"},"modified":"2025-07-25T19:28:57","modified_gmt":"2025-07-25T17:28:57","slug":"iman-de-resina-andorinha-9-cm","status":"publish","type":"product","link":"https:\/\/olemosaic.orbitalia.org\/pt-pt\/produto\/iman-de-resina-andorinha-9-cm\/","title":{"rendered":"\u00cdman de resina. Andorinha. 9 cm."},"content":{"rendered":"<p>Este \u00edman de resina com forma de andorinha \u00e9 uma recorda\u00e7\u00e3o encantadora que captura a ess\u00eancia da arte tradicional espanhola. Com dimens\u00f5es de 9 cm, esta pe\u00e7a destaca-se pela sua vibrante paleta de cores, que inclui azuis, amarelos, laranjas e rosas, ideal para adicionar um toque festivo a qualquer decora\u00e7\u00e3o. A andorinha, s\u00edmbolo da primavera e da boa sorte na cultura espanhola, apresenta um design meticulosamente elaborado com uma cuidada t\u00e9cnica de mosaico, o que lhe confere um aspeto aut\u00eantico e artesanal que os turistas adoram.<\/p>\n<p>O \u00edman n\u00e3o \u00e9 apenas funcional, mas tamb\u00e9m atua como uma recorda\u00e7\u00e3o representativa de uma viagem a Espanha, evocando mem\u00f3rias da beleza das paisagens e da riqueza cultural do pa\u00eds. Cada detalhe da andorinha foi finamente acabado, o que real\u00e7a o n\u00edvel de dedica\u00e7\u00e3o e a mestria na sua cria\u00e7\u00e3o. Esta encantadora recorda\u00e7\u00e3o \u00e9 uma excelente op\u00e7\u00e3o para lojas de presentes tur\u00edsticos que procuram produtos aut\u00eanticos e de qualidade. Com a Ol\u00e9 Mosaic, distribuidores de recorda\u00e7\u00f5es por grosso, garantimos que cada pe\u00e7a reflita a rica tradi\u00e7\u00e3o cultural espanhola que os seus clientes apreciar\u00e3o em casa.<\/p>\n","protected":false},"excerpt":{"rendered":"<p>\u00cdman com forma de andorinha, elaborado com uma cuidada t\u00e9cnica de mosaico. Este \u00edman, de 9 cm de tamanho, apresenta cores vivas numa ampla gama de tons azuis, amarelos, laranjas e rosas, criando um design atraente que evoca o esp\u00edrito da arte tradicional espanhola. A andorinha, s\u00edmbolo da primavera e da boa sorte, destaca-se pelos seus detalhes finamente acabados que lhe d\u00e3o um toque festivo, perfeito para decorar qualquer espa\u00e7o ou como recorda\u00e7\u00e3o de uma viagem a Espanha.<\/p>\n","protected":false},"featured_media":11079,"template":"","meta":{"_acf_changed":false},"product_brand":[],"product_cat":[699],"product_tag":[516],"class_list":{"0":"post-32888","1":"product","2":"type-product","3":"status-publish","4":"has-post-thumbnail","6":"product_cat-imanes","7":"product_tag-animais","8":"pa_motivo-andorinhas","10":"first","11":"instock","12":"shipping-taxable","13":"product-type-simple"},"acf":[],"_links":{"self":[{"href":"https:\/\/olemosaic.orbitalia.org\/pt-pt\/wp-json\/wp\/v2\/product\/32888","targetHints":{"allow":["GET"]}}],"collection":[{"href":"https:\/\/olemosaic.orbitalia.org\/pt-pt\/wp-json\/wp\/v2\/product"}],"about":[{"href":"https:\/\/olemosaic.orbitalia.org\/pt-pt\/wp-json\/wp\/v2\/types\/product"}],"wp:featuredmedia":[{"embeddable":true,"href":"https:\/\/olemosaic.orbitalia.org\/pt-pt\/wp-json\/wp\/v2\/media\/11079"}],"wp:attachment":[{"href":"https:\/\/olemosaic.orbitalia.org\/pt-pt\/wp-json\/wp\/v2\/media?parent=32888"}],"wp:term":[{"taxonomy":"product_brand","embeddable":true,"href":"https:\/\/olemosaic.orbitalia.org\/pt-pt\/wp-json\/wp\/v2\/product_brand?post=32888"},{"taxonomy":"product_cat","embeddable":true,"href":"https:\/\/olemosaic.orbitalia.org\/pt-pt\/wp-json\/wp\/v2\/product_cat?post=32888"},{"taxonomy":"product_tag","embeddable":true,"href":"https:\/\/olemosaic.orbitalia.org\/pt-pt\/wp-json\/wp\/v2\/product_tag?post=32888"}],"curies":[{"name":"wp","href":"https:\/\/api.w.org\/{rel}","templated":true}]}}