{"id":32837,"date":"2025-02-20T23:32:53","date_gmt":"2025-02-20T22:32:53","guid":{"rendered":"https:\/\/olemosaic.orbitalia.org\/producto\/iman-de-resina-patio\/"},"modified":"2025-07-25T19:39:11","modified_gmt":"2025-07-25T17:39:11","slug":"iman-de-resina-patio-pt-pt","status":"publish","type":"product","link":"https:\/\/olemosaic.orbitalia.org\/pt-pt\/produto\/iman-de-resina-patio-pt-pt\/","title":{"rendered":"\u00cdman de resina. P\u00e1tio."},"content":{"rendered":"<p>Este \u00edman de resina, com o seu vibrante design de p\u00e1tio andaluz, \u00e9 a recorda\u00e7\u00e3o perfeita para capturar a ess\u00eancia do folclore espanhol e o calor da Andaluzia. A pe\u00e7a representa uma bailarina de flamenco, vestida com um espetacular traje de bolinhas vermelhas, que evoca a tradi\u00e7\u00e3o e o esp\u00edrito do flamenco. Ao seu lado, um bailarino destaca-se com o seu vestu\u00e1rio elegante, conferindo dinamismo \u00e0 cena. O fundo do \u00edman est\u00e1 meticulosamente decorado com mosaicos, vasos repletos de flores coloridas e uma guitarra, elementos que evocam a atmosfera festiva dos p\u00e1tios andaluzes.<\/p>\n<p>As cores brilhantes e os detalhes pintados \u00e0 m\u00e3o conferem uma autenticidade excecional, tornando este \u00edman uma verdadeira homenagem \u00e0 cultura andaluza. Ideal para quem procura recorda\u00e7\u00f5es de Sevilha, este artigo n\u00e3o \u00e9 apenas funcional, mas tamb\u00e9m uma pe\u00e7a decorativa que transporta os turistas para as ruas ensolaradas do sul de Espanha. Na Ol\u00e9 Mosaic, especializamo-nos na distribui\u00e7\u00e3o por grosso de produtos aut\u00eanticos como este \u00edman, garantindo que cada pe\u00e7a reflita a rica heran\u00e7a cultural da regi\u00e3o. Este \u00edman \u00e9 uma excelente op\u00e7\u00e3o para lojas de recorda\u00e7\u00f5es tur\u00edsticas que desejem oferecer lembran\u00e7as memor\u00e1veis e significativas.<\/p>\n","protected":false},"excerpt":{"rendered":"<p>\u00cdman com um vibrante design de p\u00e1tio andaluz que captura a ess\u00eancia do folclore espanhol. Este atrativo \u00edman representa uma bailarina de flamenco com um vestido vermelho de bolinhas e um bailarino, sobre um fundo decorado com mosaicos, vasos de flores e uma guitarra. As cores brilhantes e os detalhes pintados \u00e0 m\u00e3o conferem-lhe autenticidade e um toque festivo, ideal para recordar o calor da Andaluzia.<\/p>\n","protected":false},"featured_media":9571,"template":"","meta":{"_acf_changed":false},"product_brand":[],"product_cat":[699],"product_tag":[],"class_list":{"0":"post-32837","1":"product","2":"type-product","3":"status-publish","4":"has-post-thumbnail","6":"product_cat-imanes","7":"pa_motivo-patios","9":"first","10":"instock","11":"shipping-taxable","12":"product-type-simple"},"acf":[],"_links":{"self":[{"href":"https:\/\/olemosaic.orbitalia.org\/pt-pt\/wp-json\/wp\/v2\/product\/32837","targetHints":{"allow":["GET"]}}],"collection":[{"href":"https:\/\/olemosaic.orbitalia.org\/pt-pt\/wp-json\/wp\/v2\/product"}],"about":[{"href":"https:\/\/olemosaic.orbitalia.org\/pt-pt\/wp-json\/wp\/v2\/types\/product"}],"wp:featuredmedia":[{"embeddable":true,"href":"https:\/\/olemosaic.orbitalia.org\/pt-pt\/wp-json\/wp\/v2\/media\/9571"}],"wp:attachment":[{"href":"https:\/\/olemosaic.orbitalia.org\/pt-pt\/wp-json\/wp\/v2\/media?parent=32837"}],"wp:term":[{"taxonomy":"product_brand","embeddable":true,"href":"https:\/\/olemosaic.orbitalia.org\/pt-pt\/wp-json\/wp\/v2\/product_brand?post=32837"},{"taxonomy":"product_cat","embeddable":true,"href":"https:\/\/olemosaic.orbitalia.org\/pt-pt\/wp-json\/wp\/v2\/product_cat?post=32837"},{"taxonomy":"product_tag","embeddable":true,"href":"https:\/\/olemosaic.orbitalia.org\/pt-pt\/wp-json\/wp\/v2\/product_tag?post=32837"}],"curies":[{"name":"wp","href":"https:\/\/api.w.org\/{rel}","templated":true}]}}