{"id":32836,"date":"2025-02-20T23:32:53","date_gmt":"2025-02-20T22:32:53","guid":{"rendered":"https:\/\/olemosaic.orbitalia.org\/producto\/iman-de-resina-toros\/"},"modified":"2025-07-25T19:27:05","modified_gmt":"2025-07-25T17:27:05","slug":"iman-de-resina-touros","status":"publish","type":"product","link":"https:\/\/olemosaic.orbitalia.org\/pt-pt\/produto\/iman-de-resina-touros\/","title":{"rendered":"\u00cdman de resina. Touros."},"content":{"rendered":"<p>Este colorido \u00edman de resina \u00e9 uma representa\u00e7\u00e3o fiel do ic\u00f3nico touro espanhol, um s\u00edmbolo inconfund\u00edvel da cultura e da tradi\u00e7\u00e3o do pa\u00eds. Com um design vibrante, que se destaca pelos seus tons ricos de azul, verde e vermelho, este \u00edman apresenta um touro num estilo mosaico que evoca a beleza da cer\u00e2mica tradicional espanhola. No fundo, o sol radiante e as flores vermelhas acrescentam um toque de calor e alegria, encapsulando a ess\u00eancia das ensolaradas terras ib\u00e9ricas. No sop\u00e9 do design, a inscri\u00e7\u00e3o &#8220;ESPA\u00d1A&#8221; real\u00e7a o seu significado como uma recorda\u00e7\u00e3o representativa das experi\u00eancias vividas neste pa\u00eds singular.<\/p>\n<p>O acabamento em resina garante que este \u00edman n\u00e3o seja apenas um objeto decorativo, mas tamb\u00e9m duradouro e resistente, perfeito para adornar qualquer espa\u00e7o, seja em casa ou no escrit\u00f3rio. Este produto \u00e9 ideal como recorda\u00e7\u00e3o pessoal, mas tamb\u00e9m como um presente para aqueles que procuram levar um peda\u00e7o de Espanha para casa. Especialmente atrativo para os turistas, este \u00edman de touro espanhol apresenta-se como uma recorda\u00e7\u00e3o que celebra o patrim\u00f3nio cultural das touradas, uma tradi\u00e7\u00e3o profundamente enraizada na identidade espanhola. Na Ol\u00e9 Mosaic, orgulhamo-nos de distribuir recorda\u00e7\u00f5es aut\u00eanticas e de qualidade por grosso, oferecendo este \u00edman de resina como uma op\u00e7\u00e3o que encanta tanto locais como visitantes.<\/p>\n","protected":false},"excerpt":{"rendered":"<p>\u00cdman colorido inspirado no ic\u00f3nico touro espanhol. Este \u00edman apresenta uma representa\u00e7\u00e3o art\u00edstica do touro num estilo mosaico vibrante, com cores vivas como o azul, o verde e o vermelho, rodeado por um sol radiante e flores vermelhas. O fundo, com detalhes em branco, evoca as t\u00e9cnicas tradicionais da cer\u00e2mica espanhola. Incluye a inscri\u00e7\u00e3o &#8220;ESPA\u00d1A&#8221;, o que torna este artigo uma recorda\u00e7\u00e3o atrativa e emblem\u00e1tica do patrim\u00f3nio espanhol.<\/p>\n","protected":false},"featured_media":9352,"template":"","meta":{"_acf_changed":false},"product_brand":[],"product_cat":[699],"product_tag":[516],"class_list":{"0":"post-32836","1":"product","2":"type-product","3":"status-publish","4":"has-post-thumbnail","6":"product_cat-imanes","7":"product_tag-animais","8":"pa_motivo-touros","10":"first","11":"instock","12":"shipping-taxable","13":"product-type-simple"},"acf":[],"_links":{"self":[{"href":"https:\/\/olemosaic.orbitalia.org\/pt-pt\/wp-json\/wp\/v2\/product\/32836","targetHints":{"allow":["GET"]}}],"collection":[{"href":"https:\/\/olemosaic.orbitalia.org\/pt-pt\/wp-json\/wp\/v2\/product"}],"about":[{"href":"https:\/\/olemosaic.orbitalia.org\/pt-pt\/wp-json\/wp\/v2\/types\/product"}],"wp:featuredmedia":[{"embeddable":true,"href":"https:\/\/olemosaic.orbitalia.org\/pt-pt\/wp-json\/wp\/v2\/media\/9352"}],"wp:attachment":[{"href":"https:\/\/olemosaic.orbitalia.org\/pt-pt\/wp-json\/wp\/v2\/media?parent=32836"}],"wp:term":[{"taxonomy":"product_brand","embeddable":true,"href":"https:\/\/olemosaic.orbitalia.org\/pt-pt\/wp-json\/wp\/v2\/product_brand?post=32836"},{"taxonomy":"product_cat","embeddable":true,"href":"https:\/\/olemosaic.orbitalia.org\/pt-pt\/wp-json\/wp\/v2\/product_cat?post=32836"},{"taxonomy":"product_tag","embeddable":true,"href":"https:\/\/olemosaic.orbitalia.org\/pt-pt\/wp-json\/wp\/v2\/product_tag?post=32836"}],"curies":[{"name":"wp","href":"https:\/\/api.w.org\/{rel}","templated":true}]}}