{"id":32825,"date":"2025-02-20T22:32:52","date_gmt":"2025-02-20T22:32:52","guid":{"rendered":"https:\/\/olemosaic.orbitalia.org\/producto\/iman-de-pvc-salamandra\/"},"modified":"2025-07-25T19:02:24","modified_gmt":"2025-07-25T17:02:24","slug":"iman-de-pvc-salamandra-pt-pt","status":"publish","type":"product","link":"https:\/\/olemosaic.orbitalia.org\/pt-pt\/produto\/iman-de-pvc-salamandra-pt-pt\/","title":{"rendered":"\u00cdman de PVC. Salamandra."},"content":{"rendered":"<p>Este \u00edman de PVC com forma de salamandra \u00e9 um souvenir vibrante que capta a ess\u00eancia do folclore espanhol numa pe\u00e7a \u00fanica e colorida. Com um design que evoca a riqueza da biodiversidade ib\u00e9rica, este \u00edman apresenta uma paleta de cores brilhantes que inclui tons de verde, azul e vermelho, dispostos numa estrutura geom\u00e9trica que simula um mosaico, um elemento carater\u00edstico da arte e da cultura de Espanha. A figura estilizada da salamandra, criatura emblem\u00e1tica de diversas tradi\u00e7\u00f5es, destaca-se pelos seus detalhes cuidados e pelo seu acabamento brilhante, o que o torna um atraente decorativo ideal para qualquer frigor\u00edfico.<\/p>\n<p>Este \u00edman n\u00e3o s\u00f3 \u00e9 uma excelente op\u00e7\u00e3o para adornar a sua casa, como tamb\u00e9m atua como um lembrete constante da alegre e colorida natureza de Espanha. A salamandra, muito apreciada na cultura ib\u00e9rica, simboliza a adaptabilidade e a liga\u00e7\u00e3o com o meio envolvente, fazendo deste \u00edman um presente significativo para quem deseje levar um peda\u00e7o de Espanha. Na Ol\u00e9 Mosaic, orgulhamo-nos de distribuir souvenirs aut\u00eanticos que refletem a tradi\u00e7\u00e3o e a cultura da nossa terra. Este \u00edman \u00e9 uma op\u00e7\u00e3o perfeita para lojas de presentes tur\u00edsticos que procuram oferecer souvenirs de qualidade, real\u00e7ando o valor cultural e o artesanato em cada pe\u00e7a.<\/p>\n","protected":false},"excerpt":{"rendered":"<p>\u00cdman de PVC com forma de salamandra, com um design vibrante e colorido carater\u00edstico do folclore espanhol. Este atraente \u00edman apresenta uma paleta de cores brilhantes, como verdes, azuis e vermelhos, dispostos de forma geom\u00e9trica, simulando um mosaico. \u00c9 ideal para decorar o seu frigor\u00edfico e recordar a biodiversidade e a cultura de Espanha. Um souvenir perfeito que capta a ess\u00eancia alegre e colorida da fauna ib\u00e9rica.<\/p>\n","protected":false},"featured_media":7571,"template":"","meta":{"_acf_changed":false},"product_brand":[],"product_cat":[699],"product_tag":[516],"class_list":{"0":"post-32825","1":"product","2":"type-product","3":"status-publish","4":"has-post-thumbnail","6":"product_cat-imanes","7":"product_tag-animais","8":"pa_motivo-salamandras","10":"first","11":"instock","12":"shipping-taxable","13":"product-type-simple"},"acf":[],"_links":{"self":[{"href":"https:\/\/olemosaic.orbitalia.org\/pt-pt\/wp-json\/wp\/v2\/product\/32825","targetHints":{"allow":["GET"]}}],"collection":[{"href":"https:\/\/olemosaic.orbitalia.org\/pt-pt\/wp-json\/wp\/v2\/product"}],"about":[{"href":"https:\/\/olemosaic.orbitalia.org\/pt-pt\/wp-json\/wp\/v2\/types\/product"}],"wp:featuredmedia":[{"embeddable":true,"href":"https:\/\/olemosaic.orbitalia.org\/pt-pt\/wp-json\/wp\/v2\/media\/7571"}],"wp:attachment":[{"href":"https:\/\/olemosaic.orbitalia.org\/pt-pt\/wp-json\/wp\/v2\/media?parent=32825"}],"wp:term":[{"taxonomy":"product_brand","embeddable":true,"href":"https:\/\/olemosaic.orbitalia.org\/pt-pt\/wp-json\/wp\/v2\/product_brand?post=32825"},{"taxonomy":"product_cat","embeddable":true,"href":"https:\/\/olemosaic.orbitalia.org\/pt-pt\/wp-json\/wp\/v2\/product_cat?post=32825"},{"taxonomy":"product_tag","embeddable":true,"href":"https:\/\/olemosaic.orbitalia.org\/pt-pt\/wp-json\/wp\/v2\/product_tag?post=32825"}],"curies":[{"name":"wp","href":"https:\/\/api.w.org\/{rel}","templated":true}]}}