{"id":32821,"date":"2025-02-20T22:32:51","date_gmt":"2025-02-20T22:32:51","guid":{"rendered":"https:\/\/olemosaic.orbitalia.org\/producto\/iman-de-pvc-casa-batllo\/"},"modified":"2025-07-25T19:04:01","modified_gmt":"2025-07-25T17:04:01","slug":"iman-de-pvc-casa-batllo-pt-pt","status":"publish","type":"product","link":"https:\/\/olemosaic.orbitalia.org\/pt-pt\/produto\/iman-de-pvc-casa-batllo-pt-pt\/","title":{"rendered":"\u00cdman de PVC. Casa Batll\u00f3."},"content":{"rendered":"<p>Este \u00edman de PVC da emblem\u00e1tica Casa Batll\u00f3 \u00e9 uma recorda\u00e7\u00e3o vibrante que capta a ess\u00eancia da obra-prima de Antoni Gaud\u00ed em Barcelona. Com o seu design colorido e art\u00edstico, evoca a ic\u00f3nica fachada do edif\u00edcio, caraterizada pelos seus mosaicos ondulantes e elementos florais que refletem a natureza e a criatividade pr\u00f3prias do modernismo catal\u00e3o. A forma do \u00edman reproduz as famosas chamin\u00e9s do edif\u00edcio, que se erguem com eleg\u00e2ncia, oferecendo um detalhe visual inconfund\u00edvel para qualquer amante da arquitetura.<\/p>\n<p>Fabricado em PVC de alta qualidade, este souvenir \u00e9 duradouro e leve, pelo que resulta perfeito para adornar o seu frigor\u00edfico ou qualquer superf\u00edcie met\u00e1lica. Cada vez que o vir, recordar\u00e1 a impressionante beleza arquitet\u00f3nica de Barcelona e a genialidade de Gaud\u00ed, uma figura-chave na hist\u00f3ria cultural de Espanha. \u00c9 uma escolha perfeita para turistas que procuram recorda\u00e7\u00f5es aut\u00eanticas e significativas de Barcelona, que se destaquem n\u00e3o s\u00f3 pela est\u00e9tica, mas tamb\u00e9m pela hist\u00f3ria da Casa Batll\u00f3.<\/p>\n<p>Na Ol\u00e9 Mosaic, como distribuidores de souvenirs por grosso, oferecemos produtos que celebram a cultura e a arte de Espanha. Este \u00edman da Casa Batll\u00f3 \u00e9 uma op\u00e7\u00e3o ideal para lojas de presentes tur\u00edsticos que procuram artigos que realcem a riqueza patrimonial do pa\u00eds.<\/p>\n","protected":false},"excerpt":{"rendered":"<p>\u00cdman de PVC da emblem\u00e1tica Casa Batll\u00f3, uma obra-prima do arquiteto Antoni Gaud\u00ed em Barcelona. Este atraente \u00edman apresenta um design vibrante com cores vivas e elementos florais, evocando a famosa fachada da casa decorada com mosaicos. A forma do \u00edman reproduz as ic\u00f3nicas chamin\u00e9s do edif\u00edcio, destacando o seu estilo \u00fanico e ondulante. Uma recorda\u00e7\u00e3o ideal para rememorar a beleza arquitet\u00f3nica da cidade.<\/p>\n","protected":false},"featured_media":9568,"template":"","meta":{"_acf_changed":false},"product_brand":[],"product_cat":[699],"product_tag":[],"class_list":{"0":"post-32821","1":"product","2":"type-product","3":"status-publish","4":"has-post-thumbnail","6":"product_cat-imanes","7":"pa_motivo-casa-batllo","9":"first","10":"instock","11":"shipping-taxable","12":"product-type-simple"},"acf":[],"_links":{"self":[{"href":"https:\/\/olemosaic.orbitalia.org\/pt-pt\/wp-json\/wp\/v2\/product\/32821","targetHints":{"allow":["GET"]}}],"collection":[{"href":"https:\/\/olemosaic.orbitalia.org\/pt-pt\/wp-json\/wp\/v2\/product"}],"about":[{"href":"https:\/\/olemosaic.orbitalia.org\/pt-pt\/wp-json\/wp\/v2\/types\/product"}],"wp:featuredmedia":[{"embeddable":true,"href":"https:\/\/olemosaic.orbitalia.org\/pt-pt\/wp-json\/wp\/v2\/media\/9568"}],"wp:attachment":[{"href":"https:\/\/olemosaic.orbitalia.org\/pt-pt\/wp-json\/wp\/v2\/media?parent=32821"}],"wp:term":[{"taxonomy":"product_brand","embeddable":true,"href":"https:\/\/olemosaic.orbitalia.org\/pt-pt\/wp-json\/wp\/v2\/product_brand?post=32821"},{"taxonomy":"product_cat","embeddable":true,"href":"https:\/\/olemosaic.orbitalia.org\/pt-pt\/wp-json\/wp\/v2\/product_cat?post=32821"},{"taxonomy":"product_tag","embeddable":true,"href":"https:\/\/olemosaic.orbitalia.org\/pt-pt\/wp-json\/wp\/v2\/product_tag?post=32821"}],"curies":[{"name":"wp","href":"https:\/\/api.w.org\/{rel}","templated":true}]}}