{"id":32789,"date":"2025-02-20T23:32:51","date_gmt":"2025-02-20T22:32:51","guid":{"rendered":"https:\/\/olemosaic.orbitalia.org\/producto\/iman-de-pvc-panoramica-barcelona-3\/"},"modified":"2025-07-25T20:36:10","modified_gmt":"2025-07-25T18:36:10","slug":"iman-de-pvc-panoramica-barcelona-3-pt-pt","status":"publish","type":"product","link":"https:\/\/olemosaic.orbitalia.org\/pt-pt\/produto\/iman-de-pvc-panoramica-barcelona-3-pt-pt\/","title":{"rendered":"\u00cdman de PVC. Panor\u00e2mica. Sagrada Fam\u00edlia. Barcelona."},"content":{"rendered":"<p>Este \u00edman de PVC com uma vibrante panor\u00e2mica de Barcelona \u00e9 uma recorda\u00e7\u00e3o colorida e cheia de vida que capta a ess\u00eancia desta emblem\u00e1tica cidade mediterr\u00e2nica. A palavra &#8220;Barcelona&#8221; destaca-se em letras grandes e chamativas, cada uma delas decorada com ilustra\u00e7\u00f5es que representam cenas ic\u00f3nicas da cidade, como a majestosa Sagrada Fam\u00edlia, o colorido Parque G\u00fcell e as animadas paisagens do porto. O seu design, pintado com uma variedade de cores brilhantes, n\u00e3o s\u00f3 real\u00e7a a arquitetura \u00fanica e o vibrante ambiente de Barcelona, como tamb\u00e9m o torna um \u00edman que atrai o olhar e evoca recorda\u00e7\u00f5es de uma visita inesquec\u00edvel.<\/p>\n<p>Este \u00edman, ideal como souvenir, oferece uma representa\u00e7\u00e3o visual rica em detalhes, permitindo aos viajantes levar um peda\u00e7o da cultura catal\u00e3 para casa. Cada componente do design reflete o calor e a criatividade de Barcelona, fazendo deste \u00edman uma excelente op\u00e7\u00e3o para quem procura recorda\u00e7\u00f5es aut\u00eanticas e representativas. Na Ol\u00e9 Mosaic, como grossista de souvenirs, orgulhamo-nos de oferecer artigos de qualidade que celebram a riqueza cultural de Espanha. Este \u00edman de Barcelona \u00e9 perfeito para lojas de presentes tur\u00edsticos que desejem proporcionar aos seus clientes souvenirs memor\u00e1veis que capturem a beleza da cidade.<\/p>\n","protected":false},"excerpt":{"rendered":"<p>\u00cdman de PVC com uma vibrante panor\u00e2mica de Barcelona. Este atrativo \u00edman mostra o nome &#8220;Barcelona&#8221; com letras coloridas que ilustram cenas ic\u00f3nicas da cidade, como a Sagrada Fam\u00edlia, o Parque G\u00fcell e as animadas paisagens do porto. O seu design, pintado em m\u00faltiplas cores, reflete a ess\u00eancia cultural e arquitet\u00f3nica de Barcelona, tornando-o na recorda\u00e7\u00e3o perfeita para os amantes desta cidade mediterr\u00e2nica.<\/p>\n","protected":false},"featured_media":7205,"template":"","meta":{"_acf_changed":false},"product_brand":[],"product_cat":[699],"product_tag":[],"class_list":{"0":"post-32789","1":"product","2":"type-product","3":"status-publish","4":"has-post-thumbnail","6":"product_cat-imanes","7":"pa_ciudad-barcelona","8":"pa_motivo-panoramas","9":"pa_pais-espana","11":"first","12":"instock","13":"shipping-taxable","14":"product-type-simple"},"acf":[],"_links":{"self":[{"href":"https:\/\/olemosaic.orbitalia.org\/pt-pt\/wp-json\/wp\/v2\/product\/32789","targetHints":{"allow":["GET"]}}],"collection":[{"href":"https:\/\/olemosaic.orbitalia.org\/pt-pt\/wp-json\/wp\/v2\/product"}],"about":[{"href":"https:\/\/olemosaic.orbitalia.org\/pt-pt\/wp-json\/wp\/v2\/types\/product"}],"wp:featuredmedia":[{"embeddable":true,"href":"https:\/\/olemosaic.orbitalia.org\/pt-pt\/wp-json\/wp\/v2\/media\/7205"}],"wp:attachment":[{"href":"https:\/\/olemosaic.orbitalia.org\/pt-pt\/wp-json\/wp\/v2\/media?parent=32789"}],"wp:term":[{"taxonomy":"product_brand","embeddable":true,"href":"https:\/\/olemosaic.orbitalia.org\/pt-pt\/wp-json\/wp\/v2\/product_brand?post=32789"},{"taxonomy":"product_cat","embeddable":true,"href":"https:\/\/olemosaic.orbitalia.org\/pt-pt\/wp-json\/wp\/v2\/product_cat?post=32789"},{"taxonomy":"product_tag","embeddable":true,"href":"https:\/\/olemosaic.orbitalia.org\/pt-pt\/wp-json\/wp\/v2\/product_tag?post=32789"}],"curies":[{"name":"wp","href":"https:\/\/api.w.org\/{rel}","templated":true}]}}