{"id":32787,"date":"2025-02-20T22:32:51","date_gmt":"2025-02-20T22:32:51","guid":{"rendered":"https:\/\/olemosaic.orbitalia.org\/producto\/iman-de-pvc-panoramica-madrid\/"},"modified":"2025-07-25T18:52:25","modified_gmt":"2025-07-25T16:52:25","slug":"iman-de-pvc-panoramica-madrid-pt-pt","status":"publish","type":"product","link":"https:\/\/olemosaic.orbitalia.org\/pt-pt\/produto\/iman-de-pvc-panoramica-madrid-pt-pt\/","title":{"rendered":"\u00cdman de PVC. Panor\u00e2mica. Madrid."},"content":{"rendered":"<p>Este \u00edman de PVC, com uma colorida panor\u00e2mica de Madrid, \u00e9 a representa\u00e7\u00e3o perfeita da vibrante ess\u00eancia da capital espanhola. Com a palavra &#8220;MADRID&#8221; real\u00e7ada em letras grandes e chamativas, este \u00edman n\u00e3o s\u00f3 adorna qualquer superf\u00edcie met\u00e1lica, como tamb\u00e9m oferece uma experi\u00eancia visual cativante. Cada letra est\u00e1 decorada com ilustra\u00e7\u00f5es emblem\u00e1ticas, como o majestoso Pal\u00e1cio de Cibeles, o simp\u00e1tico Urso e o Medronheiro, e uma elegante bailarina vestida com trajes t\u00edpicos, que evoca a rica tradi\u00e7\u00e3o cultural da cidade.<\/p>\n<p>As tonalidades brilhantes e os detalhes art\u00edsticos, meticulosamente desenhados, refletem uma liga\u00e7\u00e3o profunda com a identidade madrilena, tornando este \u00edman num souvenir de destaque para quem deseje levar um pedacinho de Madrid para casa. A inclus\u00e3o de monumentos ic\u00f3nicos n\u00e3o s\u00f3 real\u00e7a o seu valor est\u00e9tico, como tamb\u00e9m o transforma numa recorda\u00e7\u00e3o representativa que celebra a hist\u00f3ria e a arquitetura que caracterizam a cidade.<\/p>\n<p>Na Ol\u00e9 Mosaic, somos especialistas na distribui\u00e7\u00e3o de souvenirs por grosso, oferecendo produtos aut\u00eanticos que capturam a cultura local. Este \u00edman de Madrid \u00e9 uma excelente op\u00e7\u00e3o para lojas de presentes tur\u00edsticos que procurem um artigo que combine arte, identidade e funcionalidade, ideal para turistas que procuram recorda\u00e7\u00f5es memor\u00e1veis.<\/p>\n","protected":false},"excerpt":{"rendered":"<p>\u00cdman de PVC com uma colorida panor\u00e2mica de Madrid que captura a ess\u00eancia da capital espanhola. Este vibrante \u00edman apresenta a palavra &#8220;MADRID&#8221; em letras grandes, decoradas com ilustra\u00e7\u00f5es emblem\u00e1ticas como o Pal\u00e1cio de Cibeles, o Urso e o Medronheiro, e uma bailarina com traje de flamenca. Com os seus tons brilhantes e detalhes art\u00edsticos, \u00e9 uma excelente recorda\u00e7\u00e3o que real\u00e7a a riqueza cultural e arquitet\u00f3nica de Madrid, perfeito para adornar qualquer superf\u00edcie met\u00e1lica.<\/p>\n","protected":false},"featured_media":8830,"template":"","meta":{"_acf_changed":false},"product_brand":[],"product_cat":[699],"product_tag":[],"class_list":{"0":"post-32787","1":"product","2":"type-product","3":"status-publish","4":"has-post-thumbnail","6":"product_cat-imanes","7":"pa_ciudad-madrid","8":"pa_motivo-panoramas","9":"pa_pais-espana","11":"first","12":"instock","13":"shipping-taxable","14":"product-type-simple"},"acf":[],"_links":{"self":[{"href":"https:\/\/olemosaic.orbitalia.org\/pt-pt\/wp-json\/wp\/v2\/product\/32787","targetHints":{"allow":["GET"]}}],"collection":[{"href":"https:\/\/olemosaic.orbitalia.org\/pt-pt\/wp-json\/wp\/v2\/product"}],"about":[{"href":"https:\/\/olemosaic.orbitalia.org\/pt-pt\/wp-json\/wp\/v2\/types\/product"}],"wp:featuredmedia":[{"embeddable":true,"href":"https:\/\/olemosaic.orbitalia.org\/pt-pt\/wp-json\/wp\/v2\/media\/8830"}],"wp:attachment":[{"href":"https:\/\/olemosaic.orbitalia.org\/pt-pt\/wp-json\/wp\/v2\/media?parent=32787"}],"wp:term":[{"taxonomy":"product_brand","embeddable":true,"href":"https:\/\/olemosaic.orbitalia.org\/pt-pt\/wp-json\/wp\/v2\/product_brand?post=32787"},{"taxonomy":"product_cat","embeddable":true,"href":"https:\/\/olemosaic.orbitalia.org\/pt-pt\/wp-json\/wp\/v2\/product_cat?post=32787"},{"taxonomy":"product_tag","embeddable":true,"href":"https:\/\/olemosaic.orbitalia.org\/pt-pt\/wp-json\/wp\/v2\/product_tag?post=32787"}],"curies":[{"name":"wp","href":"https:\/\/api.w.org\/{rel}","templated":true}]}}