{"id":32786,"date":"2025-02-20T22:32:50","date_gmt":"2025-02-20T22:32:50","guid":{"rendered":"https:\/\/olemosaic.orbitalia.org\/producto\/iman-de-pvc-panoramica-barcelona\/"},"modified":"2025-07-25T20:39:17","modified_gmt":"2025-07-25T18:39:17","slug":"iman-de-pvc-panoramica-barcelona-pt-pt","status":"publish","type":"product","link":"https:\/\/olemosaic.orbitalia.org\/pt-pt\/produto\/iman-de-pvc-panoramica-barcelona-pt-pt\/","title":{"rendered":"\u00cdman de PVC. Panor\u00e2mica. Barcelona."},"content":{"rendered":"<p>Este \u00edman de PVC com uma colorida panor\u00e2mica de Barcelona \u00e9 a forma perfeita de levar um peda\u00e7o da vibrante cultura catal\u00e3 para casa. Apresenta o nome \u201cBarcelona\u201d em letras grandes, cada uma adornada com ilustra\u00e7\u00f5es ic\u00f3nicas que representam a ess\u00eancia da cidade, como a impressionante Sagrada Fam\u00edlia com as suas torres caracter\u00edsticas, o m\u00e1gico Parque G\u00fcell com os seus coloridos mosaicos e a bela praia mediterr\u00e2nica que convida a desfrutar do sol. O design destaca-se pela sua brilhante paleta de cores e pela sua impressionante aten\u00e7\u00e3o ao detalhe, o que o torna um objeto atrativo que capta a aten\u00e7\u00e3o de qualquer visitante.<\/p>\n<p>Este \u00edman n\u00e3o funciona apenas como uma simples recorda\u00e7\u00e3o, mas torna-se um aut\u00eantico s\u00edmbolo do patrim\u00f3nio cultural de Barcelona, refletindo o seu ambiente din\u00e2mico e a sua rica hist\u00f3ria arquitet\u00f3nica. \u00c9 um souvenir ideal para aqueles que procuram uma pe\u00e7a \u00fanica que encapsule os momentos m\u00e1gicos vividos na cidade. Na Ol\u00e9 Mosaic, estamos comprometidos com a distribui\u00e7\u00e3o de souvenirs por grosso que celebram a autenticidade e a relev\u00e2ncia cultural. Este \u00edman panor\u00e2mico de Barcelona \u00e9 uma excelente escolha para lojas de presentes tur\u00edsticos que desejem oferecer produtos memor\u00e1veis e artisticamente representativos. Proporcionando um toque de alegria e cor, este \u00edman tornar-se-\u00e1 uma recorda\u00e7\u00e3o estimada pelos turistas que visitam esta magn\u00edfica cidade.<\/p>\n","protected":false},"excerpt":{"rendered":"<p>\u00cdman de PVC com uma colorida panor\u00e2mica de Barcelona. Este distintivo \u00edman apresenta o nome &#8220;Barcelona&#8221; em letras grandes, decoradas com ilustra\u00e7\u00f5es representativas da cidade, como a Sagrada Fam\u00edlia, o Park G\u00fcell e a praia, refletindo o vibrante ambiente cultural e arquitet\u00f3nico da regi\u00e3o. Com um design atrativo e cheio de detalhes, \u00e9 o souvenir perfeito para levar um peda\u00e7o de Barcelona para casa.<\/p>\n","protected":false},"featured_media":11324,"template":"","meta":{"_acf_changed":false},"product_brand":[],"product_cat":[699],"product_tag":[],"class_list":{"0":"post-32786","1":"product","2":"type-product","3":"status-publish","4":"has-post-thumbnail","6":"product_cat-imanes","7":"pa_ciudad-barcelona","8":"pa_motivo-panoramas","9":"pa_pais-espana","11":"first","12":"instock","13":"shipping-taxable","14":"product-type-simple"},"acf":[],"_links":{"self":[{"href":"https:\/\/olemosaic.orbitalia.org\/pt-pt\/wp-json\/wp\/v2\/product\/32786","targetHints":{"allow":["GET"]}}],"collection":[{"href":"https:\/\/olemosaic.orbitalia.org\/pt-pt\/wp-json\/wp\/v2\/product"}],"about":[{"href":"https:\/\/olemosaic.orbitalia.org\/pt-pt\/wp-json\/wp\/v2\/types\/product"}],"wp:featuredmedia":[{"embeddable":true,"href":"https:\/\/olemosaic.orbitalia.org\/pt-pt\/wp-json\/wp\/v2\/media\/11324"}],"wp:attachment":[{"href":"https:\/\/olemosaic.orbitalia.org\/pt-pt\/wp-json\/wp\/v2\/media?parent=32786"}],"wp:term":[{"taxonomy":"product_brand","embeddable":true,"href":"https:\/\/olemosaic.orbitalia.org\/pt-pt\/wp-json\/wp\/v2\/product_brand?post=32786"},{"taxonomy":"product_cat","embeddable":true,"href":"https:\/\/olemosaic.orbitalia.org\/pt-pt\/wp-json\/wp\/v2\/product_cat?post=32786"},{"taxonomy":"product_tag","embeddable":true,"href":"https:\/\/olemosaic.orbitalia.org\/pt-pt\/wp-json\/wp\/v2\/product_tag?post=32786"}],"curies":[{"name":"wp","href":"https:\/\/api.w.org\/{rel}","templated":true}]}}