{"id":32781,"date":"2025-02-20T22:32:49","date_gmt":"2025-02-20T22:32:49","guid":{"rendered":"https:\/\/olemosaic.orbitalia.org\/producto\/iman-de-metal-delfin-azul-11-cm\/"},"modified":"2025-07-25T19:44:37","modified_gmt":"2025-07-25T17:44:37","slug":"iman-de-metal-golfinho-azul-11-cm","status":"publish","type":"product","link":"https:\/\/olemosaic.orbitalia.org\/pt-pt\/produto\/iman-de-metal-golfinho-azul-11-cm\/","title":{"rendered":"\u00cdman de metal. Golfinho. Azul. 11 cm."},"content":{"rendered":"<p>Este vibrante \u00edman met\u00e1lico, inspirado na beleza das costas espanholas, \u00e9 uma representa\u00e7\u00e3o \u00fanica da fauna marinha mediterr\u00e2nica. Com dimens\u00f5es de 11 cm, o \u00edman destaca-se pela sua t\u00e9cnica de mosaico, mostrando um grupo de golfinhos em tons de azul e branco que parecem dan\u00e7ar num oceano de matizes. O fundo azul-marinho simula a profundidade do mar, enquanto os golfinhos, desenhados com precis\u00e3o, evocam a eleg\u00e2ncia e agilidade destes magn\u00edficos mam\u00edferos marinhos, rodeados por um ambiente marinho cheio de cor.<\/p>\n<p>Os elementos decorativos, como corais avermelhados e peixes tropicais, conferem vitalidade ao design, transformando este \u00edman numa pe\u00e7a n\u00e3o s\u00f3 decorativa, mas tamb\u00e9m educativa sobre a biodiversidade do Mediterr\u00e2neo. Esta recorda\u00e7\u00e3o n\u00e3o \u00e9 apenas um lembrete das f\u00e9rias na costa, mas um s\u00edmbolo do amor pela natureza e pela vida marinha.<\/p>\n<p>Na Ol\u00e9 Mosaic, distribu\u00edmos recorda\u00e7\u00f5es aut\u00eanticas por grosso e este \u00edman de golfinhos \u00e9 uma excelente op\u00e7\u00e3o para lojas de presentes tur\u00edsticos que procuram produtos que capturem a ess\u00eancia do mar. Oferecer ou adquirir este \u00edman \u00e9 uma forma perfeita de levar para casa um pedacinho do encanto do litoral espanhol, ideal para quem deseja guardar as suas mem\u00f3rias de f\u00e9rias.<\/p>\n","protected":false},"excerpt":{"rendered":"<p>\u00cdman met\u00e1lico trazido das costas espanholas, decorado com um vibrante design de golfinhos sobre um fundo azul-marinho. Este \u00edman, de 11 cm, destaca-se pela sua t\u00e9cnica de mosaico, onde os golfinhos s\u00e3o representados em tons de azul e branco, rodeados de elementos marinhos coloridos como corais e peixes. \u00c9 uma pe\u00e7a ideal para levar um pedacinho do mar para o seu lar e recordar a beleza da fauna marinha.<\/p>\n","protected":false},"featured_media":8954,"template":"","meta":{"_acf_changed":false},"product_brand":[],"product_cat":[699],"product_tag":[516],"class_list":{"0":"post-32781","1":"product","2":"type-product","3":"status-publish","4":"has-post-thumbnail","6":"product_cat-imanes","7":"product_tag-animais","8":"pa_motivo-golfinhos","10":"first","11":"instock","12":"shipping-taxable","13":"product-type-simple"},"acf":[],"_links":{"self":[{"href":"https:\/\/olemosaic.orbitalia.org\/pt-pt\/wp-json\/wp\/v2\/product\/32781","targetHints":{"allow":["GET"]}}],"collection":[{"href":"https:\/\/olemosaic.orbitalia.org\/pt-pt\/wp-json\/wp\/v2\/product"}],"about":[{"href":"https:\/\/olemosaic.orbitalia.org\/pt-pt\/wp-json\/wp\/v2\/types\/product"}],"wp:featuredmedia":[{"embeddable":true,"href":"https:\/\/olemosaic.orbitalia.org\/pt-pt\/wp-json\/wp\/v2\/media\/8954"}],"wp:attachment":[{"href":"https:\/\/olemosaic.orbitalia.org\/pt-pt\/wp-json\/wp\/v2\/media?parent=32781"}],"wp:term":[{"taxonomy":"product_brand","embeddable":true,"href":"https:\/\/olemosaic.orbitalia.org\/pt-pt\/wp-json\/wp\/v2\/product_brand?post=32781"},{"taxonomy":"product_cat","embeddable":true,"href":"https:\/\/olemosaic.orbitalia.org\/pt-pt\/wp-json\/wp\/v2\/product_cat?post=32781"},{"taxonomy":"product_tag","embeddable":true,"href":"https:\/\/olemosaic.orbitalia.org\/pt-pt\/wp-json\/wp\/v2\/product_tag?post=32781"}],"curies":[{"name":"wp","href":"https:\/\/api.w.org\/{rel}","templated":true}]}}