{"id":32765,"date":"2025-02-20T22:32:49","date_gmt":"2025-02-20T22:32:49","guid":{"rendered":"https:\/\/olemosaic.orbitalia.org\/producto\/iman-de-metal-alhambra-granada-8-cm\/"},"modified":"2025-07-25T18:33:48","modified_gmt":"2025-07-25T16:33:48","slug":"iman-de-metal-alhambra-granada-8-cm-pt-pt","status":"publish","type":"product","link":"https:\/\/olemosaic.orbitalia.org\/pt-pt\/produto\/iman-de-metal-alhambra-granada-8-cm-pt-pt\/","title":{"rendered":"\u00cdman de metal. Alhambra. Granada. 8 cm."},"content":{"rendered":"<p>Este \u00edman met\u00e1lico representa a imponente Alhambra de Granada, uma recorda\u00e7\u00e3o ideal para quem deseja levar consigo um peda\u00e7o da rica hist\u00f3ria andaluza. Com 8 cm de tamanho, destaca-se pela sua ilustra\u00e7\u00e3o estilizada que captura a beleza do famoso p\u00e1tio principal da Alhambra, adornado com a sua emblem\u00e1tica fonte, rodeado de arcos majestosos e jardins exuberantes. Os detalhes em tons vibrantes, como azuis e verdes, real\u00e7am as estruturas arquitet\u00f3nicas, evocando a ess\u00eancia do patrim\u00f3nio andaluz. Este design n\u00e3o \u00e9 apenas visualmente atraente, mas tamb\u00e9m presta homenagem \u00e0 fus\u00e3o de culturas e estilos art\u00edsticos que caracterizam Granada.<\/p>\n<p>Este \u00edman, para al\u00e9m de ser um acess\u00f3rio funcional, \u00e9 um s\u00edmbolo da hist\u00f3ria e da cultura da cidade, ideal para os amantes da arte e da hist\u00f3ria que procuram recorda\u00e7\u00f5es aut\u00eanticas. Na Ol\u00e9 Mosaic, como distribuidores de souvenirs por grosso, oferecemos produtos que refletem a autenticidade e o valor cultural de Espanha, como este \u00edman da Alhambra, que se tornar\u00e1 uma pe\u00e7a \u00fanica em qualquer loja de recorda\u00e7\u00f5es tur\u00edsticas. Adicionar este \u00edman \u00e0 sua cole\u00e7\u00e3o \u00e9 uma excelente forma de recordar a beleza intemporal de Granada, capturando um momento na hist\u00f3ria que perdura eternamente.<\/p>\n","protected":false},"excerpt":{"rendered":"<p>\u00cdman met\u00e1lico de 8 cm que representa a impressionante Alhambra de Granada. Este colorido \u00edman apresenta uma ilustra\u00e7\u00e3o estilizada do p\u00e1tio com a sua famosa fonte, rodeado de arcos e jardins. Os detalhes em tons vibrantes real\u00e7am as majestosas estruturas arquitet\u00f3nicas, capturando a ess\u00eancia do patrim\u00f3nio andaluz. Ideal para os amantes da hist\u00f3ria e da cultura, este souvenir \u00e9 perfeito para recordar a beleza de Granada.<\/p>\n","protected":false},"featured_media":7399,"template":"","meta":{"_acf_changed":false},"product_brand":[],"product_cat":[699],"product_tag":[],"class_list":{"0":"post-32765","1":"product","2":"type-product","3":"status-publish","4":"has-post-thumbnail","6":"product_cat-imanes","7":"pa_ciudad-granada","8":"pa_motivo-a-alhambra","9":"pa_pais-espana","11":"first","12":"instock","13":"shipping-taxable","14":"product-type-simple"},"acf":[],"_links":{"self":[{"href":"https:\/\/olemosaic.orbitalia.org\/pt-pt\/wp-json\/wp\/v2\/product\/32765","targetHints":{"allow":["GET"]}}],"collection":[{"href":"https:\/\/olemosaic.orbitalia.org\/pt-pt\/wp-json\/wp\/v2\/product"}],"about":[{"href":"https:\/\/olemosaic.orbitalia.org\/pt-pt\/wp-json\/wp\/v2\/types\/product"}],"wp:featuredmedia":[{"embeddable":true,"href":"https:\/\/olemosaic.orbitalia.org\/pt-pt\/wp-json\/wp\/v2\/media\/7399"}],"wp:attachment":[{"href":"https:\/\/olemosaic.orbitalia.org\/pt-pt\/wp-json\/wp\/v2\/media?parent=32765"}],"wp:term":[{"taxonomy":"product_brand","embeddable":true,"href":"https:\/\/olemosaic.orbitalia.org\/pt-pt\/wp-json\/wp\/v2\/product_brand?post=32765"},{"taxonomy":"product_cat","embeddable":true,"href":"https:\/\/olemosaic.orbitalia.org\/pt-pt\/wp-json\/wp\/v2\/product_cat?post=32765"},{"taxonomy":"product_tag","embeddable":true,"href":"https:\/\/olemosaic.orbitalia.org\/pt-pt\/wp-json\/wp\/v2\/product_tag?post=32765"}],"curies":[{"name":"wp","href":"https:\/\/api.w.org\/{rel}","templated":true}]}}