{"id":32762,"date":"2025-02-20T23:32:48","date_gmt":"2025-02-20T22:32:48","guid":{"rendered":"https:\/\/olemosaic.orbitalia.org\/producto\/iman-de-metal-casa-batllo-barcelona-8-cm-2\/"},"modified":"2025-07-25T20:34:17","modified_gmt":"2025-07-25T18:34:17","slug":"iman-de-metal-casa-batllo-barcelona-8-cm-2-pt-pt","status":"publish","type":"product","link":"https:\/\/olemosaic.orbitalia.org\/pt-pt\/produto\/iman-de-metal-casa-batllo-barcelona-8-cm-2-pt-pt\/","title":{"rendered":"\u00cdman de metal. Casa Batll\u00f3. Gaud\u00ed. Barcelona. 8 cm."},"content":{"rendered":"<p>Este \u00edman met\u00e1lico representa a ic\u00f3nica Casa Batll\u00f3 de Barcelona, uma obra-prima do arquiteto Antoni Gaud\u00ed que se destaca pela sua arquitetura modernista e pelo seu fascinante uso da cor. Com um tamanho de 8 cm, este \u00edman \u00e9 uma ador\u00e1vel recorda\u00e7\u00e3o de uma das joias arquitet\u00f3nicas da cidade. O seu design captura o famoso trencad\u00eds, uma t\u00e9cnica de mosaico que utiliza fragmentos de cer\u00e2mica de cores vivas, criando uma composi\u00e7\u00e3o visual impressionante. O \u00edman mostra o caracter\u00edstico telhado ondulado da Casa Batll\u00f3, com detalhes que lembram as escamas de um drag\u00e3o, bem como as janelas ornamentadas que d\u00e3o vida \u00e0 sua fachada.<\/p>\n<p>A palavra &#8220;Barcelona&#8221; est\u00e1 impressa numa cor vermelha chamativa, conferindo um toque vibrante ao design e tornando este \u00edman um s\u00edmbolo memor\u00e1vel da cidade. Este souvenir n\u00e3o s\u00f3 \u00e9 um excelente presente para os turistas que desejam levar um peda\u00e7o da cultura catal\u00e3, como tamb\u00e9m representa a heran\u00e7a art\u00edstica de Gaud\u00ed, tornando-se um objeto de cole\u00e7\u00e3o que pode adornar qualquer frigor\u00edfico ou quadro. Na Ol\u00e9 Mosaic, especializamo-nos na distribui\u00e7\u00e3o de souvenirs por grosso, e este \u00edman \u00e9 uma op\u00e7\u00e3o ideal para lojas de recorda\u00e7\u00f5es tur\u00edsticas que procuram produtos aut\u00eanticos e culturalmente significativos. Lembre-se que cada vez que olhar para este \u00edman, ele evocar\u00e1 a beleza e a hist\u00f3ria de Barcelona, tornando-o um presente perfeito para amigos e familiares.<\/p>\n","protected":false},"excerpt":{"rendered":"<p>\u00cdman met\u00e1lico que reproduz a emblem\u00e1tica Casa Batll\u00f3 de Barcelona, com um design que evoca o seu famoso trencad\u00eds. Com os seus 8 cm, este \u00edman destaca-se pelas suas cores vivas e pelos detalhes de mosaico que caracterizam o edif\u00edcio, incluindo o seu telhado ondulado e as janelas ornamentadas. A palavra &#8220;Barcelona&#8221; aparece impressa numa cor vermelha chamativa, o que o torna uma recorda\u00e7\u00e3o perfeita da arquitetura modernista de Gaud\u00ed.<\/p>\n","protected":false},"featured_media":11397,"template":"","meta":{"_acf_changed":false},"product_brand":[],"product_cat":[699],"product_tag":[],"class_list":{"0":"post-32762","1":"product","2":"type-product","3":"status-publish","4":"has-post-thumbnail","6":"product_cat-imanes","7":"pa_ciudad-barcelona","8":"pa_motivo-casa-batllo","9":"pa_pais-espana","11":"first","12":"instock","13":"shipping-taxable","14":"product-type-simple"},"acf":[],"_links":{"self":[{"href":"https:\/\/olemosaic.orbitalia.org\/pt-pt\/wp-json\/wp\/v2\/product\/32762","targetHints":{"allow":["GET"]}}],"collection":[{"href":"https:\/\/olemosaic.orbitalia.org\/pt-pt\/wp-json\/wp\/v2\/product"}],"about":[{"href":"https:\/\/olemosaic.orbitalia.org\/pt-pt\/wp-json\/wp\/v2\/types\/product"}],"wp:featuredmedia":[{"embeddable":true,"href":"https:\/\/olemosaic.orbitalia.org\/pt-pt\/wp-json\/wp\/v2\/media\/11397"}],"wp:attachment":[{"href":"https:\/\/olemosaic.orbitalia.org\/pt-pt\/wp-json\/wp\/v2\/media?parent=32762"}],"wp:term":[{"taxonomy":"product_brand","embeddable":true,"href":"https:\/\/olemosaic.orbitalia.org\/pt-pt\/wp-json\/wp\/v2\/product_brand?post=32762"},{"taxonomy":"product_cat","embeddable":true,"href":"https:\/\/olemosaic.orbitalia.org\/pt-pt\/wp-json\/wp\/v2\/product_cat?post=32762"},{"taxonomy":"product_tag","embeddable":true,"href":"https:\/\/olemosaic.orbitalia.org\/pt-pt\/wp-json\/wp\/v2\/product_tag?post=32762"}],"curies":[{"name":"wp","href":"https:\/\/api.w.org\/{rel}","templated":true}]}}