{"id":32736,"date":"2025-02-20T22:32:47","date_gmt":"2025-02-20T22:32:47","guid":{"rendered":"https:\/\/olemosaic.orbitalia.org\/producto\/iman-de-metal-bailaora\/"},"modified":"2025-07-25T18:57:16","modified_gmt":"2025-07-25T16:57:16","slug":"iman-de-metal-bailarina-de-flamenco","status":"publish","type":"product","link":"https:\/\/olemosaic.orbitalia.org\/pt-pt\/produto\/iman-de-metal-bailarina-de-flamenco\/","title":{"rendered":"\u00cdman de metal. Bailarina de flamenco."},"content":{"rendered":"<p>Este \u00edman met\u00e1lico que representa uma bailarina de flamenco \u00e9 uma vibrante homenagem \u00e0 rica heran\u00e7a cultural de Espanha, especialmente da Andaluzia. Com um design art\u00edstico real\u00e7ado por um acabamento brilhante, cada detalhe captura a ess\u00eancia do flamenco, uma dan\u00e7a cheia de paix\u00e3o e express\u00e3o. A bailarina, vestida com um espetacular traje de folhos, mostra-se num movimento din\u00e2mico que evoca a energia da dan\u00e7a. As cores utilizadas no \u00edman \u2014 vermelho, azul, verde e amarelo \u2014 s\u00e3o uma celebra\u00e7\u00e3o da cultura espanhola, e cada tonalidade real\u00e7a a alegria e a intensidade que caracterizam esta manifesta\u00e7\u00e3o art\u00edstica.<\/p>\n<p>A base do \u00edman inclui a inscri\u00e7\u00e3o &#8220;ESPA\u00d1A&#8221;, que n\u00e3o s\u00f3 acrescenta um toque aut\u00eantico, mas tamb\u00e9m o torna uma recorda\u00e7\u00e3o perfeita para quem visita o pa\u00eds. Este souvenir n\u00e3o \u00e9 apenas um objeto decorativo; \u00e9 um \u00edcone que se pode levar para casa como uma lembran\u00e7a tang\u00edvel da beleza do flamenco e das tradi\u00e7\u00f5es espanholas. Na Ol\u00e9 Mosaic, oferecemos este \u00edman de bailarina como parte da nossa cole\u00e7\u00e3o exclusiva de souvenirs por grosso, ideal para lojas de presentes tur\u00edsticos que procuram produtos aut\u00eanticos e culturais. Este \u00edman n\u00e3o s\u00f3 cativar\u00e1 os turistas, como tamb\u00e9m servir\u00e1 como uma excelente op\u00e7\u00e3o de merchandising que captar\u00e1 o interesse dos amantes da cultura espanhola.<\/p>\n","protected":false},"excerpt":{"rendered":"<p>\u00cdman de metal que representa uma bailarina de flamenco espanhola, uma figura emblem\u00e1tica da cultura andaluza. Este design colorido destaca-se pelo seu acabamento brilhante e pelos seus vibrantes motivos decorativos em tons de vermelho, azul, verde e amarelo, que evocam a paix\u00e3o e energia da dan\u00e7a flamenca. A bailarina usa um traje de folhos que real\u00e7a o seu movimento, e na base aparece a inscri\u00e7\u00e3o &#8220;ESPA\u00d1A&#8221;, o que o torna uma recorda\u00e7\u00e3o perfeita da rica heran\u00e7a cultural espanhola.<\/p>\n","protected":false},"featured_media":6638,"template":"","meta":{"_acf_changed":false},"product_brand":[],"product_cat":[699],"product_tag":[],"class_list":{"0":"post-32736","1":"product","2":"type-product","3":"status-publish","4":"has-post-thumbnail","6":"product_cat-imanes","7":"pa_motivo-dancarinos","9":"first","10":"instock","11":"shipping-taxable","12":"product-type-simple"},"acf":[],"_links":{"self":[{"href":"https:\/\/olemosaic.orbitalia.org\/pt-pt\/wp-json\/wp\/v2\/product\/32736","targetHints":{"allow":["GET"]}}],"collection":[{"href":"https:\/\/olemosaic.orbitalia.org\/pt-pt\/wp-json\/wp\/v2\/product"}],"about":[{"href":"https:\/\/olemosaic.orbitalia.org\/pt-pt\/wp-json\/wp\/v2\/types\/product"}],"wp:featuredmedia":[{"embeddable":true,"href":"https:\/\/olemosaic.orbitalia.org\/pt-pt\/wp-json\/wp\/v2\/media\/6638"}],"wp:attachment":[{"href":"https:\/\/olemosaic.orbitalia.org\/pt-pt\/wp-json\/wp\/v2\/media?parent=32736"}],"wp:term":[{"taxonomy":"product_brand","embeddable":true,"href":"https:\/\/olemosaic.orbitalia.org\/pt-pt\/wp-json\/wp\/v2\/product_brand?post=32736"},{"taxonomy":"product_cat","embeddable":true,"href":"https:\/\/olemosaic.orbitalia.org\/pt-pt\/wp-json\/wp\/v2\/product_cat?post=32736"},{"taxonomy":"product_tag","embeddable":true,"href":"https:\/\/olemosaic.orbitalia.org\/pt-pt\/wp-json\/wp\/v2\/product_tag?post=32736"}],"curies":[{"name":"wp","href":"https:\/\/api.w.org\/{rel}","templated":true}]}}