{"id":32732,"date":"2025-02-20T23:32:47","date_gmt":"2025-02-20T22:32:47","guid":{"rendered":"https:\/\/olemosaic.orbitalia.org\/producto\/iman-de-metal-panoramica-barcelona-8-cm-13\/"},"modified":"2025-07-25T20:24:57","modified_gmt":"2025-07-25T18:24:57","slug":"iman-de-metal-panoramica-barcelona-8-cm-13-pt-pt","status":"publish","type":"product","link":"https:\/\/olemosaic.orbitalia.org\/pt-pt\/produto\/iman-de-metal-panoramica-barcelona-8-cm-13-pt-pt\/","title":{"rendered":"\u00cdman de metal. Panor\u00e2mica. Sagrada Fam\u00edlia. Barcelona. 8 cm."},"content":{"rendered":"<p>Este \u00edman met\u00e1lico apresenta uma vibrante panor\u00e2mica de Barcelona, tornando-se a recorda\u00e7\u00e3o perfeita para quem deseja levar consigo um peda\u00e7o desta emblem\u00e1tica cidade. Com dimens\u00f5es de 8 cm, este atraente \u00edman captura a ess\u00eancia de dois dos monumentos mais ic\u00f3nicos de Barcelona: a majestosa Sagrada Fam\u00edlia e o colorido Parc G\u00fcell. A ilustra\u00e7\u00e3o destaca-se pelos seus mosaicos caracter\u00edsticos, refletindo o estilo distintivo do arquiteto Antoni Gaud\u00ed, enquanto um fundo azul intenso intensifica as cores e detalhes das estruturas.<\/p>\n<p>A frase &#8220;I \u2665 Barcelona&#8221; encontra-se elegantemente impressa na parte superior, encapsulando o esp\u00edrito \u00fanico que a cidade oferece aos seus visitantes. Este \u00edman n\u00e3o \u00e9 apenas uma recorda\u00e7\u00e3o pr\u00e1tica, mas tamb\u00e9m um s\u00edmbolo da rica heran\u00e7a cultural de Barcelona, ecoando as suas tradi\u00e7\u00f5es art\u00edsticas e arquitet\u00f3nicas. Perfeito para turistas e como presente para os apaixonados pela cidade, este \u00edman representa uma forma maravilhosa de recordar uma visita inesquec\u00edvel.<\/p>\n<p>Na Ol\u00e9 Mosaic, especializamo-nos na distribui\u00e7\u00e3o de recorda\u00e7\u00f5es por grosso, oferecendo produtos aut\u00eanticos que real\u00e7am a beleza e a singularidade de cada regi\u00e3o. Este \u00edman de Barcelona \u00e9 uma excelente op\u00e7\u00e3o para lojas de presentes tur\u00edsticos que procuram recorda\u00e7\u00f5es de qualidade, ideais para capturar a ess\u00eancia da cidade e partilh\u00e1-la com o mundo. Como grossistas de recorda\u00e7\u00f5es, garantimos autenticidade e um toque \u00fanico em cada pe\u00e7a que distribu\u00edmos.<\/p>\n","protected":false},"excerpt":{"rendered":"<p>\u00cdman de metal com uma vibrante panor\u00e2mica de Barcelona, de 8 cm. Este atraente \u00edman apresenta uma colorida ilustra\u00e7\u00e3o da Sagrada Fam\u00edlia e do Park G\u00fcell, com um design que se destaca pelos seus mosaicos caracter\u00edsticos e um fundo azul intenso. A frase &#8220;I \u2665 Barcelona&#8221; \u00e9 impressa na parte superior, capturando o esp\u00edrito da cidade. Uma recorda\u00e7\u00e3o ideal para recordar a sua visita ou como presente para os amantes desta emblem\u00e1tica cidade.<\/p>\n","protected":false},"featured_media":11411,"template":"","meta":{"_acf_changed":false},"product_brand":[],"product_cat":[699],"product_tag":[],"class_list":{"0":"post-32732","1":"product","2":"type-product","3":"status-publish","4":"has-post-thumbnail","6":"product_cat-imanes","7":"pa_ciudad-barcelona","8":"pa_motivo-panoramas","9":"pa_pais-espana","11":"first","12":"instock","13":"shipping-taxable","14":"product-type-simple"},"acf":[],"_links":{"self":[{"href":"https:\/\/olemosaic.orbitalia.org\/pt-pt\/wp-json\/wp\/v2\/product\/32732","targetHints":{"allow":["GET"]}}],"collection":[{"href":"https:\/\/olemosaic.orbitalia.org\/pt-pt\/wp-json\/wp\/v2\/product"}],"about":[{"href":"https:\/\/olemosaic.orbitalia.org\/pt-pt\/wp-json\/wp\/v2\/types\/product"}],"wp:featuredmedia":[{"embeddable":true,"href":"https:\/\/olemosaic.orbitalia.org\/pt-pt\/wp-json\/wp\/v2\/media\/11411"}],"wp:attachment":[{"href":"https:\/\/olemosaic.orbitalia.org\/pt-pt\/wp-json\/wp\/v2\/media?parent=32732"}],"wp:term":[{"taxonomy":"product_brand","embeddable":true,"href":"https:\/\/olemosaic.orbitalia.org\/pt-pt\/wp-json\/wp\/v2\/product_brand?post=32732"},{"taxonomy":"product_cat","embeddable":true,"href":"https:\/\/olemosaic.orbitalia.org\/pt-pt\/wp-json\/wp\/v2\/product_cat?post=32732"},{"taxonomy":"product_tag","embeddable":true,"href":"https:\/\/olemosaic.orbitalia.org\/pt-pt\/wp-json\/wp\/v2\/product_tag?post=32732"}],"curies":[{"name":"wp","href":"https:\/\/api.w.org\/{rel}","templated":true}]}}