{"id":32731,"date":"2025-02-20T23:32:47","date_gmt":"2025-02-20T22:32:47","guid":{"rendered":"https:\/\/olemosaic.orbitalia.org\/producto\/iman-de-metal-panoramica-barcelona-8-cm-12\/"},"modified":"2025-07-25T23:34:04","modified_gmt":"2025-07-25T21:34:04","slug":"iman-de-metal-panoramica-barcelona-8-cm-12-pt-pt","status":"publish","type":"product","link":"https:\/\/olemosaic.orbitalia.org\/pt-pt\/produto\/iman-de-metal-panoramica-barcelona-8-cm-12-pt-pt\/","title":{"rendered":"\u00cdman de metal. Panor\u00e2mica. Monumento a Colombo. I \u2665 Barcelona. Barcelona. 8 cm."},"content":{"rendered":"<p>Este \u00edman met\u00e1lico apresenta uma vibrante panor\u00e2mica de Barcelona, capturando a ess\u00eancia desta ic\u00f3nica cidade mediterr\u00e2nica num formato de 8 cm. O seu design engenhoso inclui elementos reconhec\u00edveis como a majestosa Sagrada Fam\u00edlia, a famosa coluna de Colombo e o colorido estilo mosaico que d\u00e1 vida \u00e0s paisagens urbanas de Barcelona. A frase &#8220;I \u2665 Barcelona&#8221; destaca-se na parte superior, simbolizando o amor que muitos sentem por esta cidade cheia de arte, cultura e vida.<\/p>\n<p>Os tons vivos de azul, verde e vermelho n\u00e3o s\u00f3 acrescentam um toque art\u00edstico \u00e0 pe\u00e7a, como tamb\u00e9m evocam a atmosfera alegre e vibrante que caracteriza Barcelona. Este \u00edman \u00e9 uma recorda\u00e7\u00e3o perfeita que servir\u00e1 como mem\u00f3ria da experi\u00eancia vivida neste destino tur\u00edstico, famoso pela sua arquitetura modernista e pela sua rica hist\u00f3ria cultural.<\/p>\n<p>Na Ol\u00e9 Mosaic, oferecemos este \u00edman como uma op\u00e7\u00e3o ideal para lojas de presentes tur\u00edsticos, proporcionando recorda\u00e7\u00f5es de alta qualidade que refletem a autenticidade e o encanto de Barcelona. Este \u00edman panor\u00e2mico n\u00e3o \u00e9 apenas um acess\u00f3rio decorativo, mas tamb\u00e9m um testemunho do amor e da admira\u00e7\u00e3o que esta cidade inspira nos visitantes, tornando-o um excelente artigo para quem procura recorda\u00e7\u00f5es representativas da sua viagem. Connosco, como distribuidores de recorda\u00e7\u00f5es, pode assegurar a satisfa\u00e7\u00e3o dos seus clientes ao oferecer produtos aut\u00eanticos que real\u00e7am a beleza e a singularidade de Barcelona.<\/p>\n","protected":false},"excerpt":{"rendered":"<p>\u00cdman de metal com uma vibrante panor\u00e2mica de Barcelona, de 8 cm. O design inclui elementos ic\u00f3nicos como a Sagrada Fam\u00edlia e a coluna de Colombo, tudo num colorido estilo de mosaico. A frase &#8220;I \u2665 Barcelona&#8221; destaca-se na parte superior, capturando a ess\u00eancia da cidade. Os tons vivos de azul, verde e vermelho conferem um toque art\u00edstico, ideal para recordar a sua visita a esta emocionante cidade mediterr\u00e2nica.<\/p>\n","protected":false},"featured_media":11419,"template":"","meta":{"_acf_changed":false},"product_brand":[],"product_cat":[699],"product_tag":[],"class_list":{"0":"post-32731","1":"product","2":"type-product","3":"status-publish","4":"has-post-thumbnail","6":"product_cat-imanes","7":"pa_ciudad-barcelona","8":"pa_motivo-panoramas","9":"pa_pais-espana","11":"first","12":"instock","13":"shipping-taxable","14":"product-type-simple"},"acf":[],"_links":{"self":[{"href":"https:\/\/olemosaic.orbitalia.org\/pt-pt\/wp-json\/wp\/v2\/product\/32731","targetHints":{"allow":["GET"]}}],"collection":[{"href":"https:\/\/olemosaic.orbitalia.org\/pt-pt\/wp-json\/wp\/v2\/product"}],"about":[{"href":"https:\/\/olemosaic.orbitalia.org\/pt-pt\/wp-json\/wp\/v2\/types\/product"}],"wp:featuredmedia":[{"embeddable":true,"href":"https:\/\/olemosaic.orbitalia.org\/pt-pt\/wp-json\/wp\/v2\/media\/11419"}],"wp:attachment":[{"href":"https:\/\/olemosaic.orbitalia.org\/pt-pt\/wp-json\/wp\/v2\/media?parent=32731"}],"wp:term":[{"taxonomy":"product_brand","embeddable":true,"href":"https:\/\/olemosaic.orbitalia.org\/pt-pt\/wp-json\/wp\/v2\/product_brand?post=32731"},{"taxonomy":"product_cat","embeddable":true,"href":"https:\/\/olemosaic.orbitalia.org\/pt-pt\/wp-json\/wp\/v2\/product_cat?post=32731"},{"taxonomy":"product_tag","embeddable":true,"href":"https:\/\/olemosaic.orbitalia.org\/pt-pt\/wp-json\/wp\/v2\/product_tag?post=32731"}],"curies":[{"name":"wp","href":"https:\/\/api.w.org\/{rel}","templated":true}]}}