{"id":32692,"date":"2025-02-20T22:32:44","date_gmt":"2025-02-20T22:32:44","guid":{"rendered":"https:\/\/olemosaic.orbitalia.org\/producto\/iman-de-metal-toro-mijas-negro-8-cm\/"},"modified":"2025-07-25T20:35:11","modified_gmt":"2025-07-25T18:35:11","slug":"iman-de-metal-touro-mijas-preto-8-cm","status":"publish","type":"product","link":"https:\/\/olemosaic.orbitalia.org\/pt-pt\/produto\/iman-de-metal-touro-mijas-preto-8-cm\/","title":{"rendered":"\u00cdman de metal. Touro. Mijas. Preto. 8 cm."},"content":{"rendered":"<p>Este \u00edman met\u00e1lico \u00e9 uma vibrante representa\u00e7\u00e3o do ic\u00f3nico touro, s\u00edmbolo da cultura espanhola que evoca a paix\u00e3o e a tradi\u00e7\u00e3o do pa\u00eds. Com 8 cm de tamanho, destaca-se pelo seu design impactante, onde um touro em tons vermelhos, amarelos e pretos ganha vida sobre um fundo escuro. A ilustra\u00e7\u00e3o do touro, realizada com um padr\u00e3o din\u00e2mico que lembra a cer\u00e2mica tradicional, reflete a ess\u00eancia de Mijas, famosa pela sua bela arquitetura e pela sua rica heran\u00e7a cultural. Na borda do \u00edman, a elegante tipografia \u201cMIJAS\u201d acrescenta um toque distintivo, refor\u00e7ando a liga\u00e7\u00e3o com esta encantadora cidade andaluza. Este \u00edman n\u00e3o s\u00f3 \u00e9 uma atraente recorda\u00e7\u00e3o para os visitantes, como tamb\u00e9m representa uma parte integrante da cultura espanhola, sendo um meio ic\u00f3nico de express\u00e3o art\u00edstica. A Ol\u00e9 Mosaic orgulha-se de oferecer este aut\u00eantico souvenir, ideal para turistas que procuram levar um peda\u00e7o de Espanha para casa. Como distribuidor de souvenirs por grosso, fornecemos produtos que celebram a riqueza cultural de cada regi\u00e3o, fazendo deste \u00edman uma excelente op\u00e7\u00e3o para lojas de presentes tur\u00edsticos que desejem oferecer artigos representativos e de qualidade.<\/p>\n","protected":false},"excerpt":{"rendered":"<p>\u00cdman met\u00e1lico com um vibrante design de um touro, s\u00edmbolo emblem\u00e1tico da cultura espanhola, inspirado em Mijas. Com um tamanho de 8 cm, este \u00edman destaca-se pelo seu colorido padr\u00e3o em tons vermelhos, amarelos e pretos, que evocam as tradi\u00e7\u00f5es taurinas. A elegante tipografia &#8220;MIJAS&#8221; adorna a borda, real\u00e7ando a liga\u00e7\u00e3o com esta encantadora cidade andaluza. Um souvenir ideal para recordar a ess\u00eancia de Espanha.<\/p>\n","protected":false},"featured_media":9976,"template":"","meta":{"_acf_changed":false},"product_brand":[],"product_cat":[699],"product_tag":[516],"class_list":{"0":"post-32692","1":"product","2":"type-product","3":"status-publish","4":"has-post-thumbnail","6":"product_cat-imanes","7":"product_tag-animais","8":"pa_ciudad-mijas","9":"pa_motivo-touros","10":"pa_pais-espana","12":"first","13":"instock","14":"shipping-taxable","15":"product-type-simple"},"acf":[],"_links":{"self":[{"href":"https:\/\/olemosaic.orbitalia.org\/pt-pt\/wp-json\/wp\/v2\/product\/32692","targetHints":{"allow":["GET"]}}],"collection":[{"href":"https:\/\/olemosaic.orbitalia.org\/pt-pt\/wp-json\/wp\/v2\/product"}],"about":[{"href":"https:\/\/olemosaic.orbitalia.org\/pt-pt\/wp-json\/wp\/v2\/types\/product"}],"wp:featuredmedia":[{"embeddable":true,"href":"https:\/\/olemosaic.orbitalia.org\/pt-pt\/wp-json\/wp\/v2\/media\/9976"}],"wp:attachment":[{"href":"https:\/\/olemosaic.orbitalia.org\/pt-pt\/wp-json\/wp\/v2\/media?parent=32692"}],"wp:term":[{"taxonomy":"product_brand","embeddable":true,"href":"https:\/\/olemosaic.orbitalia.org\/pt-pt\/wp-json\/wp\/v2\/product_brand?post=32692"},{"taxonomy":"product_cat","embeddable":true,"href":"https:\/\/olemosaic.orbitalia.org\/pt-pt\/wp-json\/wp\/v2\/product_cat?post=32692"},{"taxonomy":"product_tag","embeddable":true,"href":"https:\/\/olemosaic.orbitalia.org\/pt-pt\/wp-json\/wp\/v2\/product_tag?post=32692"}],"curies":[{"name":"wp","href":"https:\/\/api.w.org\/{rel}","templated":true}]}}