{"id":32691,"date":"2025-02-20T23:32:44","date_gmt":"2025-02-20T22:32:44","guid":{"rendered":"https:\/\/olemosaic.orbitalia.org\/producto\/iman-de-metal-panoramica-lisboa-8-cm-3\/"},"modified":"2025-07-25T19:06:21","modified_gmt":"2025-07-25T17:06:21","slug":"iman-de-metal-panoramica-lisboa-8-cm-3-pt-pt","status":"publish","type":"product","link":"https:\/\/olemosaic.orbitalia.org\/pt-pt\/produto\/iman-de-metal-panoramica-lisboa-8-cm-3-pt-pt\/","title":{"rendered":"\u00cdman de metal. Panor\u00e2mica. El\u00e9trico amarelo. Lisboa. 8 cm."},"content":{"rendered":"<p>Este \u00edman met\u00e1lico \u00e9 uma encantadora recorda\u00e7\u00e3o de Lisboa, ideal para quem deseja levar um peda\u00e7o aut\u00eantico desta vibrante cidade portuguesa. Com um tamanho de 8 cm, apresenta uma panor\u00e2mica cativante que mostra o famoso el\u00e9trico amarelo, um s\u00edmbolo ic\u00f3nico que percorre as coloridas ruas da capital lusa. A ilustra\u00e7\u00e3o inclui casas com telhados de telha vermelha, um tra\u00e7o distintivo da arquitetura lisboeta, juntamente com detalhes que evocam a vida quotidiana e o ambiente alegre da cidade. O texto &#8220;LISBOA&#8221;, em letras brancas, destaca-se sobre um fundo azul profundo, complementado por uma moldura decorativa inspirada nos tradicionais azulejos portugueses, que acrescentam um toque de autenticidade e cultura ao design. Este \u00edman n\u00e3o \u00e9 apenas um objeto decorativo, mas representa a ess\u00eancia de Lisboa, perfeito para quem procura souvenirs que capturem a alma da cidade.<\/p>\n<p>A Ol\u00e9 Mosaic especializa-se na distribui\u00e7\u00e3o por grosso de souvenirs, e este \u00edman met\u00e1lico \u00e9 uma excelente op\u00e7\u00e3o para lojas de presentes tur\u00edsticos que desejem oferecer produtos representativos de Lisboa. Gra\u00e7as ao seu design vibrante e culturalmente significativo, este \u00edman torna-se uma pe\u00e7a ideal para recordar momentos especiais na bela capital de Portugal, sendo um presente perfeito para turistas e amantes do folclore local. Como grossistas de souvenirs, asseguramos qualidade e autenticidade em cada produto.<\/p>\n","protected":false},"excerpt":{"rendered":"<p>\u00cdman met\u00e1lico com uma encantadora panor\u00e2mica de Lisboa, de 8 cm. Este atraente \u00edman mostra o famoso el\u00e9trico amarelo percorrendo as coloridas ruas da cidade, com casas de telhados vermelhos e detalhes arquitet\u00f3nicos singulares. O seu design vibrante inclui o texto &#8220;LISBOA&#8221; em letras brancas sobre um fundo azul, emoldurado por motivos decorativos de azulejos tradicionais. \u00c9 ideal para recordar a sua visita a esta bela cidade portuguesa.<\/p>\n","protected":false},"featured_media":11202,"template":"","meta":{"_acf_changed":false},"product_brand":[],"product_cat":[699],"product_tag":[],"class_list":{"0":"post-32691","1":"product","2":"type-product","3":"status-publish","4":"has-post-thumbnail","6":"product_cat-imanes","7":"pa_ciudad-lisboa","8":"pa_motivo-panoramas","9":"pa_pais-portugal","11":"first","12":"instock","13":"shipping-taxable","14":"product-type-simple"},"acf":[],"_links":{"self":[{"href":"https:\/\/olemosaic.orbitalia.org\/pt-pt\/wp-json\/wp\/v2\/product\/32691","targetHints":{"allow":["GET"]}}],"collection":[{"href":"https:\/\/olemosaic.orbitalia.org\/pt-pt\/wp-json\/wp\/v2\/product"}],"about":[{"href":"https:\/\/olemosaic.orbitalia.org\/pt-pt\/wp-json\/wp\/v2\/types\/product"}],"wp:featuredmedia":[{"embeddable":true,"href":"https:\/\/olemosaic.orbitalia.org\/pt-pt\/wp-json\/wp\/v2\/media\/11202"}],"wp:attachment":[{"href":"https:\/\/olemosaic.orbitalia.org\/pt-pt\/wp-json\/wp\/v2\/media?parent=32691"}],"wp:term":[{"taxonomy":"product_brand","embeddable":true,"href":"https:\/\/olemosaic.orbitalia.org\/pt-pt\/wp-json\/wp\/v2\/product_brand?post=32691"},{"taxonomy":"product_cat","embeddable":true,"href":"https:\/\/olemosaic.orbitalia.org\/pt-pt\/wp-json\/wp\/v2\/product_cat?post=32691"},{"taxonomy":"product_tag","embeddable":true,"href":"https:\/\/olemosaic.orbitalia.org\/pt-pt\/wp-json\/wp\/v2\/product_tag?post=32691"}],"curies":[{"name":"wp","href":"https:\/\/api.w.org\/{rel}","templated":true}]}}