{"id":32676,"date":"2025-02-20T22:32:42","date_gmt":"2025-02-20T22:32:42","guid":{"rendered":"https:\/\/olemosaic.orbitalia.org\/producto\/iman-de-metal-corazon-barcelona-negro-8-cm\/"},"modified":"2025-07-25T20:02:27","modified_gmt":"2025-07-25T18:02:27","slug":"iman-de-metal-coracao-barcelona-preto-8-cm","status":"publish","type":"product","link":"https:\/\/olemosaic.orbitalia.org\/pt-pt\/produto\/iman-de-metal-coracao-barcelona-preto-8-cm\/","title":{"rendered":"\u00cdman de metal. Cora\u00e7\u00e3o. Barcelona. Preto. 8 cm."},"content":{"rendered":"<p>Este \u00edman met\u00e1lico com forma de cora\u00e7\u00e3o \u00e9 uma encantadora recorda\u00e7\u00e3o de Barcelona que captura a ess\u00eancia vibrante e art\u00edstica da cidade. Com 8 cm de tamanho, o seu design atraente destaca-se por um mosaico colorido que evoca as ic\u00f3nicas obras do arquiteto Antoni Gaud\u00ed. Os cora\u00e7\u00f5es em tons de vermelho, azul, verde e amarelo contrastam com um elegante fundo preto, criando uma pe\u00e7a visualmente impactante que atrair\u00e1 todos os olhares em qualquer frigor\u00edfico. A palavra &#8220;Barcelona&#8221; aparece em letras grandes e coloridas, refor\u00e7ando o esp\u00edrito criativo e acolhedor da capital catal\u00e3.<\/p>\n<p>Este \u00edman n\u00e3o \u00e9 apenas um elemento decorativo, mas tamb\u00e9m uma recorda\u00e7\u00e3o aut\u00eantica que celebra o amor e a vida em Barcelona, uma cidade famosa pela sua arquitetura, cultura e tradi\u00e7\u00f5es. Ideal para turistas que procuram levar um pedacinho da cidade, este souvenir \u00e9 um presente perfeito para amigos e familiares. Na Ol\u00e9 Mosaic, como distribuidores de souvenirs por grosso, oferecemos produtos que combinam design, artesanato e relev\u00e2ncia cultural. Este \u00edman de Barcelona \u00e9 uma excelente op\u00e7\u00e3o para lojas de presentes tur\u00edsticos que desejam atrair viajantes que apreciam a autenticidade e a criatividade. Com este \u00edman de cora\u00e7\u00e3o, cada vez que abrir o frigor\u00edfico, recordar\u00e1 a magia de Barcelona.<\/p>\n","protected":false},"excerpt":{"rendered":"<p>\u00cdman met\u00e1lico com forma de cora\u00e7\u00e3o, inspirado nos coloridos mosaicos de Barcelona. Com um tamanho de 8 cm, este design atraente apresenta cora\u00e7\u00f5es em vibrantes tons de vermelho, azul, verde e amarelo sobre um fundo preto. A palavra &#8220;Barcelona&#8221; destaca-se em letras amplas e coloridas, real\u00e7ando a ess\u00eancia criativa da cidade. Ideal para decorar o seu frigor\u00edfico, este \u00edman \u00e9 uma recorda\u00e7\u00e3o \u00fanica que celebra o amor e a vida na capital catal\u00e3.<\/p>\n","protected":false},"featured_media":7803,"template":"","meta":{"_acf_changed":false},"product_brand":[],"product_cat":[699],"product_tag":[],"class_list":{"0":"post-32676","1":"product","2":"type-product","3":"status-publish","4":"has-post-thumbnail","6":"product_cat-imanes","7":"pa_ciudad-barcelona","8":"pa_motivo-coracoes","9":"pa_pais-espana","11":"first","12":"instock","13":"shipping-taxable","14":"product-type-simple"},"acf":[],"_links":{"self":[{"href":"https:\/\/olemosaic.orbitalia.org\/pt-pt\/wp-json\/wp\/v2\/product\/32676","targetHints":{"allow":["GET"]}}],"collection":[{"href":"https:\/\/olemosaic.orbitalia.org\/pt-pt\/wp-json\/wp\/v2\/product"}],"about":[{"href":"https:\/\/olemosaic.orbitalia.org\/pt-pt\/wp-json\/wp\/v2\/types\/product"}],"wp:featuredmedia":[{"embeddable":true,"href":"https:\/\/olemosaic.orbitalia.org\/pt-pt\/wp-json\/wp\/v2\/media\/7803"}],"wp:attachment":[{"href":"https:\/\/olemosaic.orbitalia.org\/pt-pt\/wp-json\/wp\/v2\/media?parent=32676"}],"wp:term":[{"taxonomy":"product_brand","embeddable":true,"href":"https:\/\/olemosaic.orbitalia.org\/pt-pt\/wp-json\/wp\/v2\/product_brand?post=32676"},{"taxonomy":"product_cat","embeddable":true,"href":"https:\/\/olemosaic.orbitalia.org\/pt-pt\/wp-json\/wp\/v2\/product_cat?post=32676"},{"taxonomy":"product_tag","embeddable":true,"href":"https:\/\/olemosaic.orbitalia.org\/pt-pt\/wp-json\/wp\/v2\/product_tag?post=32676"}],"curies":[{"name":"wp","href":"https:\/\/api.w.org\/{rel}","templated":true}]}}