{"id":32648,"date":"2025-02-20T22:32:42","date_gmt":"2025-02-20T22:32:42","guid":{"rendered":"https:\/\/olemosaic.orbitalia.org\/producto\/iman-de-metal-bailaora-madrid\/"},"modified":"2025-07-25T23:24:51","modified_gmt":"2025-07-25T21:24:51","slug":"iman-de-metal-bailaora-madrid-pt-pt","status":"publish","type":"product","link":"https:\/\/olemosaic.orbitalia.org\/pt-pt\/produto\/iman-de-metal-bailaora-madrid-pt-pt\/","title":{"rendered":"\u00cdman de metal. Bailaora. Madrid."},"content":{"rendered":"<p>Este \u00edman met\u00e1lico com forma de bailaora flamenca \u00e9 uma pe\u00e7a vibrante e colorida que capta a ess\u00eancia da cultura madrilena. O seu design, surpreendente, apresenta uma bailaora em pleno movimento, vestida com um traje multicolor que evoca a alegria e a paix\u00e3o do flamenco espanhol. Cada painel do vestido \u00e9 decorado com uma rica paleta de cores, desde os intensos vermelhos e amarelos at\u00e9 verdes e azuis, criando um efeito visual cativante que atrair\u00e1 a aten\u00e7\u00e3o de qualquer pessoa. A bailaora, com a sua postura elegante e um gesto subtil da m\u00e3o, simboliza n\u00e3o s\u00f3 a arte da dan\u00e7a, mas tamb\u00e9m a profundidade da cultura espanhola.<\/p>\n<p>Na base do \u00edman, o nome &#8220;Madrid&#8221; est\u00e1 inscrito em letras destacadas, sublinhando a sua identidade como uma aut\u00eantica recorda\u00e7\u00e3o da capital espanhola. Este \u00edman n\u00e3o \u00e9 apenas um complemento decorativo ideal para frigor\u00edficos e superf\u00edcies met\u00e1licas, mas tamb\u00e9m serve como um lembrete da rica heran\u00e7a cultural de Espanha, tornando-o um presente perfeito para turistas e amantes do flamenco.<\/p>\n<p>Na Ol\u00e9 Mosaic, especializamo-nos na distribui\u00e7\u00e3o de lembran\u00e7as por grosso, e este \u00edman de flamenco \u00e9 uma excelente op\u00e7\u00e3o para lojas de presentes tur\u00edsticos que procuram oferecer produtos aut\u00eanticos e representativos da cultura espanhola. Al\u00e9m disso, a sua relev\u00e2ncia cultural e est\u00e9tica torna-o num elemento ideal para quem deseja levar um peda\u00e7o de Madrid para casa.<\/p>\n","protected":false},"excerpt":{"rendered":"<p>\u00cdman met\u00e1lico com a forma de uma bailaora de flamenco, que representa a vibrante cultura madrilena. O design, muito colorido, destaca-se pela sua rica paleta crom\u00e1tica e pela sua silhueta estilizada, que capta a eleg\u00e2ncia da dan\u00e7a tradicional espanhola. A bailaora usa um vestido de bolinhas multicoloridas que evoca a alegria do flamenco, e a base do \u00edman tem a inscri\u00e7\u00e3o &#8220;Madrid&#8221;, o que acrescenta um toque distintivo e atraente para os amantes das recorda\u00e7\u00f5es culturais. Ideal para decorar o frigor\u00edfico ou qualquer superf\u00edcie met\u00e1lica.<\/p>\n","protected":false},"featured_media":6489,"template":"","meta":{"_acf_changed":false},"product_brand":[],"product_cat":[699],"product_tag":[],"class_list":{"0":"post-32648","1":"product","2":"type-product","3":"status-publish","4":"has-post-thumbnail","6":"product_cat-imanes","7":"pa_ciudad-madrid","8":"pa_motivo-dancarinos","9":"pa_pais-espana","11":"first","12":"instock","13":"shipping-taxable","14":"product-type-simple"},"acf":[],"_links":{"self":[{"href":"https:\/\/olemosaic.orbitalia.org\/pt-pt\/wp-json\/wp\/v2\/product\/32648","targetHints":{"allow":["GET"]}}],"collection":[{"href":"https:\/\/olemosaic.orbitalia.org\/pt-pt\/wp-json\/wp\/v2\/product"}],"about":[{"href":"https:\/\/olemosaic.orbitalia.org\/pt-pt\/wp-json\/wp\/v2\/types\/product"}],"wp:featuredmedia":[{"embeddable":true,"href":"https:\/\/olemosaic.orbitalia.org\/pt-pt\/wp-json\/wp\/v2\/media\/6489"}],"wp:attachment":[{"href":"https:\/\/olemosaic.orbitalia.org\/pt-pt\/wp-json\/wp\/v2\/media?parent=32648"}],"wp:term":[{"taxonomy":"product_brand","embeddable":true,"href":"https:\/\/olemosaic.orbitalia.org\/pt-pt\/wp-json\/wp\/v2\/product_brand?post=32648"},{"taxonomy":"product_cat","embeddable":true,"href":"https:\/\/olemosaic.orbitalia.org\/pt-pt\/wp-json\/wp\/v2\/product_cat?post=32648"},{"taxonomy":"product_tag","embeddable":true,"href":"https:\/\/olemosaic.orbitalia.org\/pt-pt\/wp-json\/wp\/v2\/product_tag?post=32648"}],"curies":[{"name":"wp","href":"https:\/\/api.w.org\/{rel}","templated":true}]}}