{"id":32644,"date":"2025-02-20T23:32:41","date_gmt":"2025-02-20T22:32:41","guid":{"rendered":"https:\/\/olemosaic.orbitalia.org\/producto\/iman-de-metal-camino-de-santiago-8-cm-2\/"},"modified":"2025-07-25T18:35:09","modified_gmt":"2025-07-25T16:35:09","slug":"iman-de-metal-caminho-de-santiago-8-cm-2","status":"publish","type":"product","link":"https:\/\/olemosaic.orbitalia.org\/pt-pt\/produto\/iman-de-metal-caminho-de-santiago-8-cm-2\/","title":{"rendered":"\u00cdman de metal. Caminho de Santiago. Mosaico. 8 cm."},"content":{"rendered":"<p>Este \u00edman met\u00e1lico do Caminho de Santiago \u00e9 uma recorda\u00e7\u00e3o vibrante que capta a ess\u00eancia da famosa catedral compostelana. Com os seus 8 cm, o design destaca-se pela sua t\u00e9cnica de mosaico colorido, com uma paleta audaz de tons azuis, amarelos e vermelhos que refletem o rico patrim\u00f3nio art\u00edstico da cidade. No centro, a majestosidade da catedral \u00e9 ilustrada com meticulosidade, desde as suas imponentes torres at\u00e9 aos ornamentos da fachada. Al\u00e9m disso, a concha do peregrino, s\u00edmbolo ic\u00f3nico do caminho, junta-se \u00e0 representa\u00e7\u00e3o cultural, acompanhada pelo texto &#8220;CAMINO DE SANTIAGO&#8221;, que evoca a tradi\u00e7\u00e3o de milhares de peregrinos que percorrem esta rota hist\u00f3rica todos os anos.<\/p>\n<p>Este \u00edman n\u00e3o \u00e9 apenas um acess\u00f3rio funcional para as suas mem\u00f3rias, mas tamb\u00e9m um aut\u00eantico lembrete de uma experi\u00eancia memor\u00e1vel numa das rotas de peregrina\u00e7\u00e3o mais reconhecidas do mundo. Na Ol\u00e9 Mosaic, especializamo-nos na distribui\u00e7\u00e3o de recorda\u00e7\u00f5es por grosso, oferecendo artigos que se destacam pela sua relev\u00e2ncia cultural e qualidade artesanal. Este \u00edman \u00e9 uma excelente op\u00e7\u00e3o para lojas de presentes tur\u00edsticos que procuram produtos \u00fanicos e aut\u00eanticos do Caminho de Santiago, perfeitos para aqueles que desejam levar um peda\u00e7o de hist\u00f3ria e tradi\u00e7\u00e3o para casa.<\/p>\n","protected":false},"excerpt":{"rendered":"<p>\u00cdman de metal do Caminho de Santiago de 8 cm, elaborado com um design vibrante que representa a famosa catedral compostelana. Este \u00edman apresenta uma t\u00e9cnica de mosaico colorido, onde predominam tons azuis, amarelos e vermelhos que captam a ess\u00eancia do patrim\u00f3nio art\u00edstico da cidade. Al\u00e9m disso, inclui a emblem\u00e1tica concha do peregrino e o texto &#8220;CAMINO DE SANTIAGO&#8221;, o que o torna uma recorda\u00e7\u00e3o ideal para os amantes desta rota hist\u00f3rica.<\/p>\n","protected":false},"featured_media":11197,"template":"","meta":{"_acf_changed":false},"product_brand":[],"product_cat":[699],"product_tag":[],"class_list":{"0":"post-32644","1":"product","2":"type-product","3":"status-publish","4":"has-post-thumbnail","6":"product_cat-imanes","7":"pa_ciudad-santiago","8":"pa_pais-espana","10":"first","11":"instock","12":"shipping-taxable","13":"product-type-simple"},"acf":[],"_links":{"self":[{"href":"https:\/\/olemosaic.orbitalia.org\/pt-pt\/wp-json\/wp\/v2\/product\/32644","targetHints":{"allow":["GET"]}}],"collection":[{"href":"https:\/\/olemosaic.orbitalia.org\/pt-pt\/wp-json\/wp\/v2\/product"}],"about":[{"href":"https:\/\/olemosaic.orbitalia.org\/pt-pt\/wp-json\/wp\/v2\/types\/product"}],"wp:featuredmedia":[{"embeddable":true,"href":"https:\/\/olemosaic.orbitalia.org\/pt-pt\/wp-json\/wp\/v2\/media\/11197"}],"wp:attachment":[{"href":"https:\/\/olemosaic.orbitalia.org\/pt-pt\/wp-json\/wp\/v2\/media?parent=32644"}],"wp:term":[{"taxonomy":"product_brand","embeddable":true,"href":"https:\/\/olemosaic.orbitalia.org\/pt-pt\/wp-json\/wp\/v2\/product_brand?post=32644"},{"taxonomy":"product_cat","embeddable":true,"href":"https:\/\/olemosaic.orbitalia.org\/pt-pt\/wp-json\/wp\/v2\/product_cat?post=32644"},{"taxonomy":"product_tag","embeddable":true,"href":"https:\/\/olemosaic.orbitalia.org\/pt-pt\/wp-json\/wp\/v2\/product_tag?post=32644"}],"curies":[{"name":"wp","href":"https:\/\/api.w.org\/{rel}","templated":true}]}}