{"id":32634,"date":"2025-02-20T22:32:40","date_gmt":"2025-02-20T22:32:40","guid":{"rendered":"https:\/\/olemosaic.orbitalia.org\/producto\/iman-de-metal-salamandra-mallorca-negro-11-cm\/"},"modified":"2025-07-25T20:11:50","modified_gmt":"2025-07-25T18:11:50","slug":"iman-de-metal-salamandra-maiorca-preto-11-cm","status":"publish","type":"product","link":"https:\/\/olemosaic.orbitalia.org\/pt-pt\/produto\/iman-de-metal-salamandra-maiorca-preto-11-cm\/","title":{"rendered":"\u00cdman de metal. Salamandra. Maiorca. Preto. 11 cm."},"content":{"rendered":"<p>Este \u00edman decorativo de metal com design de salamandra \u00e9 uma aut\u00eantica homenagem \u00e0 vibrante fauna maiorquina. Com os seus 11 cm, apresenta uma colorida ilustra\u00e7\u00e3o em mosaico sobre um elegante fundo preto, criando um contraste visual que capta a aten\u00e7\u00e3o instantaneamente. A salamandra, representada de forma art\u00edstica, combina vibrantes tons azuis, verdes, amarelos e vermelhos, simbolizando a riqueza natural e a biodiversidade da ilha, enquanto a parte superior do \u00edman exibe a palavra &#8220;MAIORCA&#8221; em letras chamativas que real\u00e7am o seu atrativo.<\/p>\n<p>Os detalhes dos r\u00e9pteis em diversas cores, que acompanham o motivo principal, acrescentam um toque l\u00fadico e real\u00e7am a liga\u00e7\u00e3o com o ambiente natural da ilha. Este \u00edman n\u00e3o \u00e9 apenas um artigo decorativo, mas encapsula a ess\u00eancia de Maiorca, tornando-o um presente ideal para os turistas que procuram recorda\u00e7\u00f5es aut\u00eanticas e significativas. Na Ol\u00e9 Mosaic, especializamo-nos na distribui\u00e7\u00e3o de recorda\u00e7\u00f5es de Maiorca por grosso, e este \u00edman \u00e9 uma op\u00e7\u00e3o perfeita para lojas de presentes tur\u00edsticos que desejam oferecer produtos que celebrem a cultura e fauna local. A sua autenticidade e design \u00fanico posicionam-no como um imprescind\u00edvel entre as recorda\u00e7\u00f5es da regi\u00e3o.<\/p>\n","protected":false},"excerpt":{"rendered":"<p>\u00cdman decorativo de metal com design de salamandra, que representa a fauna t\u00edpica de Maiorca. Com 11 cm de tamanho, este \u00edman apresenta uma colorida ilustra\u00e7\u00e3o em mosaico, combinando tons vibrantes sobre um fundo preto que real\u00e7a o seu design. A palavra &#8220;MAIORCA&#8221; aparece em letras chamativas, juntamente com outros detalhes de r\u00e9pteis em diferentes cores, o que o torna uma recorda\u00e7\u00e3o ideal para evocar a beleza desta ilha mediterr\u00e2nea.<\/p>\n","protected":false},"featured_media":8799,"template":"","meta":{"_acf_changed":false},"product_brand":[],"product_cat":[699],"product_tag":[516],"class_list":{"0":"post-32634","1":"product","2":"type-product","3":"status-publish","4":"has-post-thumbnail","6":"product_cat-imanes","7":"product_tag-animais","8":"pa_ciudad-mallorca","9":"pa_motivo-salamandras","10":"pa_pais-espana","12":"first","13":"instock","14":"shipping-taxable","15":"product-type-simple"},"acf":[],"_links":{"self":[{"href":"https:\/\/olemosaic.orbitalia.org\/pt-pt\/wp-json\/wp\/v2\/product\/32634","targetHints":{"allow":["GET"]}}],"collection":[{"href":"https:\/\/olemosaic.orbitalia.org\/pt-pt\/wp-json\/wp\/v2\/product"}],"about":[{"href":"https:\/\/olemosaic.orbitalia.org\/pt-pt\/wp-json\/wp\/v2\/types\/product"}],"wp:featuredmedia":[{"embeddable":true,"href":"https:\/\/olemosaic.orbitalia.org\/pt-pt\/wp-json\/wp\/v2\/media\/8799"}],"wp:attachment":[{"href":"https:\/\/olemosaic.orbitalia.org\/pt-pt\/wp-json\/wp\/v2\/media?parent=32634"}],"wp:term":[{"taxonomy":"product_brand","embeddable":true,"href":"https:\/\/olemosaic.orbitalia.org\/pt-pt\/wp-json\/wp\/v2\/product_brand?post=32634"},{"taxonomy":"product_cat","embeddable":true,"href":"https:\/\/olemosaic.orbitalia.org\/pt-pt\/wp-json\/wp\/v2\/product_cat?post=32634"},{"taxonomy":"product_tag","embeddable":true,"href":"https:\/\/olemosaic.orbitalia.org\/pt-pt\/wp-json\/wp\/v2\/product_tag?post=32634"}],"curies":[{"name":"wp","href":"https:\/\/api.w.org\/{rel}","templated":true}]}}