{"id":32620,"date":"2025-02-20T23:32:40","date_gmt":"2025-02-20T22:32:40","guid":{"rendered":"https:\/\/olemosaic.orbitalia.org\/producto\/iman-de-metal-panoramica-ronda-8-cm-2\/"},"modified":"2025-07-25T20:03:19","modified_gmt":"2025-07-25T18:03:19","slug":"iman-de-metal-panoramica-ronda-8-cm-2-pt-pt","status":"publish","type":"product","link":"https:\/\/olemosaic.orbitalia.org\/pt-pt\/produto\/iman-de-metal-panoramica-ronda-8-cm-2-pt-pt\/","title":{"rendered":"\u00cdman de metal. Panor\u00e2mica. Ronda. Ponte. 8 cm."},"content":{"rendered":"<p>Este \u00edman met\u00e1lico de Ronda \u00e9 um souvenir atrativo que captura a ess\u00eancia desta encantadora cidade andaluza. Com um tamanho de 8 cm, apresenta uma vibrante panor\u00e2mica que destaca a emblem\u00e1tica Ponte Nova de Ronda, conhecida pela sua impressionante arquitetura e pela sua localiza\u00e7\u00e3o sobre o espetacular desfiladeiro. A ilustra\u00e7\u00e3o inclui a figura de um majestoso touro colorido no centro, simbolizando a rica tradi\u00e7\u00e3o taurom\u00e1quica da regi\u00e3o, ladeado por duas figuras de toureiros que acrescentam um toque art\u00edstico relevante a esta pe\u00e7a. O fundo, desenhado com um cativante mosaico de tonalidades brilhantes, real\u00e7a n\u00e3o s\u00f3 a beleza de Ronda, mas tamb\u00e9m a sua paisagem inigual\u00e1vel, convidando os turistas a levar um peda\u00e7o da sua hist\u00f3ria.<\/p>\n<p>Este \u00edman n\u00e3o \u00e9 apenas um objeto decorativo, mas uma homenagem \u00e0 identidade cultural de Ronda, tornando-o numa recorda\u00e7\u00e3o perfeita para quem explorou as suas ruas cheias de hist\u00f3ria. A sua autenticidade e design atrativo tornam-no ideal para quem procura souvenirs de qualidade que representem a rica heran\u00e7a da Andaluzia. Na Ol\u00e9 Mosaic, oferecemos este e outros souvenirs que celebram a cultura espanhola, sendo distribuidores de souvenirs \u00fanicos para lojas de presentes tur\u00edsticos que desejam encantar os seus clientes com produtos genu\u00ednos e significativos.<\/p>\n","protected":false},"excerpt":{"rendered":"<p>\u00cdman met\u00e1lico com uma colorida panor\u00e2mica de Ronda, que destaca a sua emblem\u00e1tica ponte e o monumento ao toureiro. Com um tamanho de 8 cm, este \u00edman apresenta um design vibrante com detalhes art\u00edsticos, como figuras de toureiros em ambos os cantos e um majestoso touro colorido no centro. O fundo em mosaico, com tonalidades brilhantes, real\u00e7a a beleza desta ic\u00f3nica paisagem andaluza, tornando-o na recorda\u00e7\u00e3o perfeita de Ronda.<\/p>\n","protected":false},"featured_media":12818,"template":"","meta":{"_acf_changed":false},"product_brand":[],"product_cat":[699],"product_tag":[],"class_list":{"0":"post-32620","1":"product","2":"type-product","3":"status-publish","4":"has-post-thumbnail","6":"product_cat-imanes","7":"pa_ciudad-ronda","8":"pa_motivo-panoramas","9":"pa_pais-espana","11":"first","12":"instock","13":"shipping-taxable","14":"product-type-simple"},"acf":[],"_links":{"self":[{"href":"https:\/\/olemosaic.orbitalia.org\/pt-pt\/wp-json\/wp\/v2\/product\/32620","targetHints":{"allow":["GET"]}}],"collection":[{"href":"https:\/\/olemosaic.orbitalia.org\/pt-pt\/wp-json\/wp\/v2\/product"}],"about":[{"href":"https:\/\/olemosaic.orbitalia.org\/pt-pt\/wp-json\/wp\/v2\/types\/product"}],"wp:featuredmedia":[{"embeddable":true,"href":"https:\/\/olemosaic.orbitalia.org\/pt-pt\/wp-json\/wp\/v2\/media\/12818"}],"wp:attachment":[{"href":"https:\/\/olemosaic.orbitalia.org\/pt-pt\/wp-json\/wp\/v2\/media?parent=32620"}],"wp:term":[{"taxonomy":"product_brand","embeddable":true,"href":"https:\/\/olemosaic.orbitalia.org\/pt-pt\/wp-json\/wp\/v2\/product_brand?post=32620"},{"taxonomy":"product_cat","embeddable":true,"href":"https:\/\/olemosaic.orbitalia.org\/pt-pt\/wp-json\/wp\/v2\/product_cat?post=32620"},{"taxonomy":"product_tag","embeddable":true,"href":"https:\/\/olemosaic.orbitalia.org\/pt-pt\/wp-json\/wp\/v2\/product_tag?post=32620"}],"curies":[{"name":"wp","href":"https:\/\/api.w.org\/{rel}","templated":true}]}}