{"id":32618,"date":"2025-02-20T22:32:39","date_gmt":"2025-02-20T22:32:39","guid":{"rendered":"https:\/\/olemosaic.orbitalia.org\/producto\/iman-de-metal-salamandra-lanzarote-8-cm\/"},"modified":"2025-07-25T18:37:00","modified_gmt":"2025-07-25T16:37:00","slug":"iman-de-metal-salamandra-lanzarote-8-cm-pt-pt","status":"publish","type":"product","link":"https:\/\/olemosaic.orbitalia.org\/pt-pt\/produto\/iman-de-metal-salamandra-lanzarote-8-cm-pt-pt\/","title":{"rendered":"\u00cdman de metal. Salamandra. Lanzarote. 8 cm."},"content":{"rendered":"<p>Este \u00edman met\u00e1lico de Lanzarote \u00e9 uma recorda\u00e7\u00e3o vibrante que captura a ess\u00eancia natural das Ilhas Can\u00e1rias. Com um tamanho de 8 cm, o seu design colorido apresenta v\u00e1rias salamandras sobre um fundo que evoca os tradicionais azulejos can\u00e1rios, o que o torna um artigo distintivo e aut\u00eantico para os amantes da natureza e da cultura local. Cada salamandra est\u00e1 ilustrada em tons de azul, verde e multicolor, acrescentando um toque de alegria e frescura \u00e0 pe\u00e7a. Os intrincados mosaicos que comp\u00f5em o design n\u00e3o s\u00f3 refletem a rica fauna de Lanzarote, como tamb\u00e9m celebram a heran\u00e7a art\u00edstica da regi\u00e3o, conhecida pela sua arte e liga\u00e7\u00e3o com a natureza.<\/p>\n<p>Este \u00edman n\u00e3o \u00e9 apenas uma excelente op\u00e7\u00e3o para decorar superf\u00edcies met\u00e1licas em casa, mas tamb\u00e9m funciona como uma bela recorda\u00e7\u00e3o da beleza natural de Lanzarote, ideal para turistas que desejam levar um peda\u00e7o da ilha. Na Ol\u00e9 Mosaic, especializamo-nos na distribui\u00e7\u00e3o de souvenirs por grosso, e este \u00edman de salamandra \u00e9 uma escolha perfeita para lojas de presentes tur\u00edsticos que desejem oferecer aos seus clientes recorda\u00e7\u00f5es representativas das Can\u00e1rias. Este souvenir destaca-se pela sua autenticidade e valor cultural, tornando-se uma adi\u00e7\u00e3o essencial para qualquer cole\u00e7\u00e3o de recorda\u00e7\u00f5es de Lanzarote.<\/p>\n","protected":false},"excerpt":{"rendered":"<p>\u00cdman met\u00e1lico de 8 cm decorado com uma ilustra\u00e7\u00e3o colorida de salamandras, inspirado na fauna de Lanzarote. Este atrativo \u00edman apresenta um design vibrante com detalhes de mosaico em tons de azul, verde e multicolor que representam v\u00e1rias salamandras sobre um fundo que recorda os azulejos t\u00edpicos da regi\u00e3o. Perfeito para recordar a beleza natural das Ilhas Can\u00e1rias e decorar qualquer superf\u00edcie met\u00e1lica.<\/p>\n","protected":false},"featured_media":13528,"template":"","meta":{"_acf_changed":false},"product_brand":[],"product_cat":[699],"product_tag":[516],"class_list":{"0":"post-32618","1":"product","2":"type-product","3":"status-publish","4":"has-post-thumbnail","6":"product_cat-imanes","7":"product_tag-animais","8":"pa_ciudad-lanzarote","9":"pa_motivo-salamandras","10":"pa_pais-espana","12":"first","13":"instock","14":"shipping-taxable","15":"product-type-simple"},"acf":[],"_links":{"self":[{"href":"https:\/\/olemosaic.orbitalia.org\/pt-pt\/wp-json\/wp\/v2\/product\/32618","targetHints":{"allow":["GET"]}}],"collection":[{"href":"https:\/\/olemosaic.orbitalia.org\/pt-pt\/wp-json\/wp\/v2\/product"}],"about":[{"href":"https:\/\/olemosaic.orbitalia.org\/pt-pt\/wp-json\/wp\/v2\/types\/product"}],"wp:featuredmedia":[{"embeddable":true,"href":"https:\/\/olemosaic.orbitalia.org\/pt-pt\/wp-json\/wp\/v2\/media\/13528"}],"wp:attachment":[{"href":"https:\/\/olemosaic.orbitalia.org\/pt-pt\/wp-json\/wp\/v2\/media?parent=32618"}],"wp:term":[{"taxonomy":"product_brand","embeddable":true,"href":"https:\/\/olemosaic.orbitalia.org\/pt-pt\/wp-json\/wp\/v2\/product_brand?post=32618"},{"taxonomy":"product_cat","embeddable":true,"href":"https:\/\/olemosaic.orbitalia.org\/pt-pt\/wp-json\/wp\/v2\/product_cat?post=32618"},{"taxonomy":"product_tag","embeddable":true,"href":"https:\/\/olemosaic.orbitalia.org\/pt-pt\/wp-json\/wp\/v2\/product_tag?post=32618"}],"curies":[{"name":"wp","href":"https:\/\/api.w.org\/{rel}","templated":true}]}}