{"id":32612,"date":"2025-02-20T23:32:38","date_gmt":"2025-02-20T22:32:38","guid":{"rendered":"https:\/\/olemosaic.orbitalia.org\/producto\/iman-de-metal-panoramica-barcelona-plata-8-cm-4\/"},"modified":"2025-07-25T19:23:11","modified_gmt":"2025-07-25T17:23:11","slug":"iman-de-metal-panoramica-barcelona-prata-8-cm-4","status":"publish","type":"product","link":"https:\/\/olemosaic.orbitalia.org\/pt-pt\/produto\/iman-de-metal-panoramica-barcelona-prata-8-cm-4\/","title":{"rendered":"\u00cdman de metal. Panor\u00e2mica. Arquitetura Barcelona. Prata. 8 cm."},"content":{"rendered":"<p>Este \u00edman met\u00e1lico de Barcelona \u00e9 uma recorda\u00e7\u00e3o vibrante que capta a ess\u00eancia da cidade condal atrav\u00e9s do seu design em mosaico. Com um tamanho de 8 cm, apresenta uma panor\u00e2mica colorida que inclui as formas ic\u00f3nicas dos monumentos mais emblem\u00e1ticos, como o famoso drag\u00e3o do Park G\u00fcell e a majestosa Sagrada Fam\u00edlia. As letras &#8220;Barcelona&#8221; adornam a parte superior com um estilo colorido e chamativo que reflete a alegria e a arte caracter\u00edsticas da cidade.<\/p>\n<p>O design em mosaico real\u00e7a a riqueza cultural de Barcelona, onde o modernismo catal\u00e3o e a obra de Antoni Gaud\u00ed s\u00e3o insuper\u00e1veis. Este \u00edman n\u00e3o \u00e9 apenas um objeto decorativo, mas uma aut\u00eantica recorda\u00e7\u00e3o que presta homenagem \u00e0 vitalidade e \u00e0 criatividade da cidade. Ideal para aqueles turistas que procuram levar um peda\u00e7o desta fascinante cidade, este souvenir \u00e9 perfeito para exibir em frigor\u00edficos ou superf\u00edcies met\u00e1licas, recordando diariamente a magia de Barcelona. Na Ol\u00e9 Mosaic, especializados na distribui\u00e7\u00e3o de souvenirs por grosso, oferecemos este \u00edman met\u00e1lico como uma excelente op\u00e7\u00e3o para lojas de recorda\u00e7\u00f5es tur\u00edsticas que procuram produtos representativos e aut\u00eanticos da capital catal\u00e3. Este \u00edman, como parte da nossa cole\u00e7\u00e3o de souvenirs de Barcelona, \u00e9 um reflexo da arte e da autenticidade que cada visitante deseja levar consigo.<\/p>\n","protected":false},"excerpt":{"rendered":"<p>\u00cdman met\u00e1lico com uma vibrante panor\u00e2mica de Barcelona, que capta a ess\u00eancia da cidade com uma representa\u00e7\u00e3o colorida dos seus monumentos mais emblem\u00e1ticos. Com um tamanho de 8 cm, este \u00edman destaca-se pelo seu design em mosaico, que inclui formas ic\u00f3nicas como o drag\u00e3o do Park G\u00fcell e a Sagrada Fam\u00edlia. As letras &#8220;Barcelona&#8221; adornam a parte superior, enquanto as cores brilhantes e diversas evocam a alegria e a arte da Cidade Condal. Ideal como recorda\u00e7\u00e3o ou presente.<\/p>\n","protected":false},"featured_media":11421,"template":"","meta":{"_acf_changed":false},"product_brand":[],"product_cat":[699],"product_tag":[],"class_list":{"0":"post-32612","1":"product","2":"type-product","3":"status-publish","4":"has-post-thumbnail","6":"product_cat-imanes","7":"pa_ciudad-barcelona","8":"pa_motivo-panoramas","9":"pa_pais-espana","11":"first","12":"instock","13":"shipping-taxable","14":"product-type-simple"},"acf":[],"_links":{"self":[{"href":"https:\/\/olemosaic.orbitalia.org\/pt-pt\/wp-json\/wp\/v2\/product\/32612","targetHints":{"allow":["GET"]}}],"collection":[{"href":"https:\/\/olemosaic.orbitalia.org\/pt-pt\/wp-json\/wp\/v2\/product"}],"about":[{"href":"https:\/\/olemosaic.orbitalia.org\/pt-pt\/wp-json\/wp\/v2\/types\/product"}],"wp:featuredmedia":[{"embeddable":true,"href":"https:\/\/olemosaic.orbitalia.org\/pt-pt\/wp-json\/wp\/v2\/media\/11421"}],"wp:attachment":[{"href":"https:\/\/olemosaic.orbitalia.org\/pt-pt\/wp-json\/wp\/v2\/media?parent=32612"}],"wp:term":[{"taxonomy":"product_brand","embeddable":true,"href":"https:\/\/olemosaic.orbitalia.org\/pt-pt\/wp-json\/wp\/v2\/product_brand?post=32612"},{"taxonomy":"product_cat","embeddable":true,"href":"https:\/\/olemosaic.orbitalia.org\/pt-pt\/wp-json\/wp\/v2\/product_cat?post=32612"},{"taxonomy":"product_tag","embeddable":true,"href":"https:\/\/olemosaic.orbitalia.org\/pt-pt\/wp-json\/wp\/v2\/product_tag?post=32612"}],"curies":[{"name":"wp","href":"https:\/\/api.w.org\/{rel}","templated":true}]}}