{"id":32577,"date":"2025-02-20T22:32:37","date_gmt":"2025-02-20T22:32:37","guid":{"rendered":"https:\/\/olemosaic.orbitalia.org\/producto\/iman-de-metal-onyar-girona-plata-8-cm\/"},"modified":"2025-07-25T18:56:13","modified_gmt":"2025-07-25T16:56:13","slug":"iman-de-metal-onyar-girona-prata-8-cm","status":"publish","type":"product","link":"https:\/\/olemosaic.orbitalia.org\/pt-pt\/produto\/iman-de-metal-onyar-girona-prata-8-cm\/","title":{"rendered":"\u00cdman de metal. Onyar. Girona. Prata. 8 cm."},"content":{"rendered":"<p>Este \u00edman met\u00e1lico de 8 cm, inspirado na encantadora paisagem do rio Onyar em Girona, \u00e9 um presente tur\u00edstico que captura a ess\u00eancia vibrante desta emblem\u00e1tica localidade catal\u00e3. O seu design destaca a colorida arquitetura que adorna as margens do rio, com uma explos\u00e3o de tons brilhantes que evocam a alegria e o esp\u00edrito vivaz da cidade. No fundo, observam-se as casas de mil cores que se refletem nas \u00e1guas do Onyar, criando um efeito visual cativante. A palavra &#8220;GIRONA&#8221; \u00e9 exibida com uma tipografia chamativa, complementando na perfei\u00e7\u00e3o a ilustra\u00e7\u00e3o e garantindo que esta recorda\u00e7\u00e3o seja facilmente reconhec\u00edvel.<\/p>\n<p>A autenticidade deste \u00edman reside na sua capacidade de transmitir um peda\u00e7o da cultura catal\u00e3, uma recorda\u00e7\u00e3o ideal para quem deseja levar consigo um pouco da hist\u00f3ria e da beleza de Girona. O seu design cuidado e a qualidade do metal garantem que n\u00e3o sirva apenas como um simples acess\u00f3rio, mas como uma recorda\u00e7\u00e3o duradoura que revive mem\u00f3rias cada vez que \u00e9 contemplado. Na Ol\u00e9 Mosaic, oferecemos este \u00edman dentro da nossa vasta gama de recorda\u00e7\u00f5es, sendo uma op\u00e7\u00e3o perfeita para lojas de presentes tur\u00edsticos que procuram artigos \u00fanicos e representativos. Connosco, como grossistas de recorda\u00e7\u00f5es, garantimos que cada produto se destaca pela sua relev\u00e2ncia cultural e pela sua qualidade excecional.<\/p>\n","protected":false},"excerpt":{"rendered":"<p>\u00cdman de metal de 8 cm inspirado na bela paisagem do rio Onyar em Girona. Este \u00edman destaca-se pelo seu design vibrante, que captura a colorida arquitetura das casas que margeiam o rio, com tons brilhantes que evocam o esp\u00edrito da cidade. A palavra \u00abGIRONA\u00bb \u00e9 exibida numa tipografia chamativa, complementando o efeito visual. Uma recorda\u00e7\u00e3o ideal para rememorar a beleza desta emblem\u00e1tica localidade catal\u00e3.<\/p>\n","protected":false},"featured_media":10454,"template":"","meta":{"_acf_changed":false},"product_brand":[],"product_cat":[699],"product_tag":[],"class_list":{"0":"post-32577","1":"product","2":"type-product","3":"status-publish","4":"has-post-thumbnail","6":"product_cat-imanes","7":"pa_ciudad-girona","8":"pa_motivo-casas-do-onyar","9":"pa_pais-espana","11":"first","12":"instock","13":"shipping-taxable","14":"product-type-simple"},"acf":[],"_links":{"self":[{"href":"https:\/\/olemosaic.orbitalia.org\/pt-pt\/wp-json\/wp\/v2\/product\/32577","targetHints":{"allow":["GET"]}}],"collection":[{"href":"https:\/\/olemosaic.orbitalia.org\/pt-pt\/wp-json\/wp\/v2\/product"}],"about":[{"href":"https:\/\/olemosaic.orbitalia.org\/pt-pt\/wp-json\/wp\/v2\/types\/product"}],"wp:featuredmedia":[{"embeddable":true,"href":"https:\/\/olemosaic.orbitalia.org\/pt-pt\/wp-json\/wp\/v2\/media\/10454"}],"wp:attachment":[{"href":"https:\/\/olemosaic.orbitalia.org\/pt-pt\/wp-json\/wp\/v2\/media?parent=32577"}],"wp:term":[{"taxonomy":"product_brand","embeddable":true,"href":"https:\/\/olemosaic.orbitalia.org\/pt-pt\/wp-json\/wp\/v2\/product_brand?post=32577"},{"taxonomy":"product_cat","embeddable":true,"href":"https:\/\/olemosaic.orbitalia.org\/pt-pt\/wp-json\/wp\/v2\/product_cat?post=32577"},{"taxonomy":"product_tag","embeddable":true,"href":"https:\/\/olemosaic.orbitalia.org\/pt-pt\/wp-json\/wp\/v2\/product_tag?post=32577"}],"curies":[{"name":"wp","href":"https:\/\/api.w.org\/{rel}","templated":true}]}}