{"id":32576,"date":"2025-02-20T22:32:37","date_gmt":"2025-02-20T22:32:37","guid":{"rendered":"https:\/\/olemosaic.orbitalia.org\/producto\/iman-de-metal-camino-de-santiago-8-cm\/"},"modified":"2025-07-25T20:21:22","modified_gmt":"2025-07-25T18:21:22","slug":"iman-de-metal-caminho-de-santiago-8-cm","status":"publish","type":"product","link":"https:\/\/olemosaic.orbitalia.org\/pt-pt\/produto\/iman-de-metal-caminho-de-santiago-8-cm\/","title":{"rendered":"\u00cdman de metal. Caminho de Santiago. 8 cm."},"content":{"rendered":"<p>Este \u00edman met\u00e1lico de 8 cm, inspirado no emblem\u00e1tico Caminho de Santiago, \u00e9 a recorda\u00e7\u00e3o ideal para capturar a ess\u00eancia desta hist\u00f3rica rota espanhola. Apresenta uma bela ilustra\u00e7\u00e3o da impressionante Catedral de Santiago, com a sua grandiosa arquitetura real\u00e7ada num vibrante estilo de mosaico colorido. Os tons cativantes de amarelo, castanho e azul combinam-se para real\u00e7ar os detalhes arquitet\u00f3nicos das suas majestosas torres e esculturas, criando uma representa\u00e7\u00e3o visual que presta homenagem \u00e0 beleza deste importante monumento. O fundo do design evoca o pr\u00f3prio caminho, simbolizando a travessia de milhares de peregrinos que o percorreram ao longo dos s\u00e9culos.<\/p>\n<p>Este \u00edman n\u00e3o \u00e9 apenas um artigo decorativo para a casa, mas tamb\u00e9m um lembrete tang\u00edvel de uma viagem inesquec\u00edvel a um dos destinos mais representativos de Espanha. A catedral, considerada Patrim\u00f3nio da Humanidade, \u00e9 um s\u00edmbolo da espiritualidade e da tradi\u00e7\u00e3o cultural do caminho, o que torna este \u00edman numa liga\u00e7\u00e3o literal e emocional com a rica heran\u00e7a do Caminho de Santiago.<\/p>\n<p>Na Ol\u00e9 Mosaic, especializamo-nos na distribui\u00e7\u00e3o de recorda\u00e7\u00f5es aut\u00eanticas por grosso, e este \u00edman \u00e9 uma excelente escolha para lojas de presentes tur\u00edsticos que procurem oferecer produtos significativos e de qualidade. Com o seu design atraente e relev\u00e2ncia cultural, este \u00edman da Catedral de Santiago \u00e9 uma excelente recorda\u00e7\u00e3o para qualquer viajante que deseje levar consigo um peda\u00e7o desta antiqu\u00edssima rota de peregrina\u00e7\u00e3o.<\/p>\n","protected":false},"excerpt":{"rendered":"<p>\u00cdman met\u00e1lico de 8 cm inspirado no emblem\u00e1tico Caminho de Santiago. Este atraente \u00edman apresenta uma ilustra\u00e7\u00e3o da impressionante Catedral de Santiago, desenhada com um estilo de mosaico colorido. Com tons de amarelo, castanho e azul, o design destaca detalhes arquitet\u00f3nicos como as suas torres e elementos distintivos, complementados por um fundo que evoca o caminho. Uma recorda\u00e7\u00e3o ideal para recordar esta hist\u00f3rica rota espanhola.<\/p>\n","protected":false},"featured_media":11196,"template":"","meta":{"_acf_changed":false},"product_brand":[],"product_cat":[699],"product_tag":[],"class_list":{"0":"post-32576","1":"product","2":"type-product","3":"status-publish","4":"has-post-thumbnail","6":"product_cat-imanes","7":"pa_ciudad-santiago","8":"pa_pais-espana","10":"first","11":"instock","12":"shipping-taxable","13":"product-type-simple"},"acf":[],"_links":{"self":[{"href":"https:\/\/olemosaic.orbitalia.org\/pt-pt\/wp-json\/wp\/v2\/product\/32576","targetHints":{"allow":["GET"]}}],"collection":[{"href":"https:\/\/olemosaic.orbitalia.org\/pt-pt\/wp-json\/wp\/v2\/product"}],"about":[{"href":"https:\/\/olemosaic.orbitalia.org\/pt-pt\/wp-json\/wp\/v2\/types\/product"}],"wp:featuredmedia":[{"embeddable":true,"href":"https:\/\/olemosaic.orbitalia.org\/pt-pt\/wp-json\/wp\/v2\/media\/11196"}],"wp:attachment":[{"href":"https:\/\/olemosaic.orbitalia.org\/pt-pt\/wp-json\/wp\/v2\/media?parent=32576"}],"wp:term":[{"taxonomy":"product_brand","embeddable":true,"href":"https:\/\/olemosaic.orbitalia.org\/pt-pt\/wp-json\/wp\/v2\/product_brand?post=32576"},{"taxonomy":"product_cat","embeddable":true,"href":"https:\/\/olemosaic.orbitalia.org\/pt-pt\/wp-json\/wp\/v2\/product_cat?post=32576"},{"taxonomy":"product_tag","embeddable":true,"href":"https:\/\/olemosaic.orbitalia.org\/pt-pt\/wp-json\/wp\/v2\/product_tag?post=32576"}],"curies":[{"name":"wp","href":"https:\/\/api.w.org\/{rel}","templated":true}]}}