{"id":32557,"date":"2025-02-20T23:32:36","date_gmt":"2025-02-20T22:32:36","guid":{"rendered":"https:\/\/olemosaic.orbitalia.org\/producto\/iman-de-metal-salamandra-barcelona-negro-8-cm-3\/"},"modified":"2025-07-25T18:49:04","modified_gmt":"2025-07-25T16:49:04","slug":"iman-de-metal-salamandra-barcelona-preto-8-cm-3","status":"publish","type":"product","link":"https:\/\/olemosaic.orbitalia.org\/pt-pt\/produto\/iman-de-metal-salamandra-barcelona-preto-8-cm-3\/","title":{"rendered":"\u00cdman de metal. Salamandra. Mosaico. Barcelona. Preto. 8 cm."},"content":{"rendered":"<p>Este \u00edman met\u00e1lico de 8 cm, decorado com uma vibrante salamandra, \u00e9 uma recorda\u00e7\u00e3o emblem\u00e1tica de Barcelona, inspirado nos ic\u00f3nicos mosaicos de Gaud\u00ed. O seu design sobressai sobre um fundo preto, fazendo com que as cores vivas da salamandra se destaquem ainda mais. A pe\u00e7a apresenta uma paleta de cores que abrange tons azuis, verdes, vermelhos e amarelos, simbolizando a criatividade e o estilo \u00fanico que caracteriza a obra do famoso arquiteto catal\u00e3o. Logo acima da salamandra, a palavra &#8220;Barcelona&#8221; aparece em letras estilizadas, complementando na perfei\u00e7\u00e3o este design atraente.<\/p>\n<p>Este \u00edman n\u00e3o \u00e9 apenas um elemento decorativo ideal para a casa, mas tamb\u00e9m uma recorda\u00e7\u00e3o emblem\u00e1tica da cidade, que celebra a fus\u00e3o entre arte e natureza. Os turistas que procuram recorda\u00e7\u00f5es aut\u00eanticas de Barcelona apreciar\u00e3o este detalhe que reflete a ess\u00eancia da capital catal\u00e3.<\/p>\n<p>Na Ol\u00e9 Mosaic, dedicamo-nos \u00e0 distribui\u00e7\u00e3o de recorda\u00e7\u00f5es por grosso, e esta pe\u00e7a \u00e9 perfeita para lojas de presentes tur\u00edsticos que desejem oferecer produtos \u00fanicos e culturalmente relevantes. Este \u00edman de salamandra destaca-se como um excelente exemplo das recorda\u00e7\u00f5es de Barcelona, proporcionando um toque de cor e uma lembran\u00e7a da rica heran\u00e7a cultural que esta fascinante cidade oferece.<\/p>\n","protected":false},"excerpt":{"rendered":"<p>\u00cdman met\u00e1lico de 8 cm decorado com uma salamandra colorida, inspirada nos mosaicos de Gaud\u00ed, representativa de Barcelona. O design destaca-se sobre um fundo preto, real\u00e7ando a vibrante paleta de cores da salamandra, que inclui tons azuis, verdes, vermelhos e amarelos. A palavra &#8220;Barcelona&#8221; em letras estilizadas completa o design, tornando este \u00edman uma recorda\u00e7\u00e3o atraente e caracter\u00edstica da cidade, ideal para qualquer cole\u00e7\u00e3o.<\/p>\n","protected":false},"featured_media":6884,"template":"","meta":{"_acf_changed":false},"product_brand":[],"product_cat":[699],"product_tag":[516],"class_list":{"0":"post-32557","1":"product","2":"type-product","3":"status-publish","4":"has-post-thumbnail","6":"product_cat-imanes","7":"product_tag-animais","8":"pa_ciudad-barcelona","9":"pa_motivo-salamandras","10":"pa_pais-espana","12":"first","13":"instock","14":"shipping-taxable","15":"product-type-simple"},"acf":[],"_links":{"self":[{"href":"https:\/\/olemosaic.orbitalia.org\/pt-pt\/wp-json\/wp\/v2\/product\/32557","targetHints":{"allow":["GET"]}}],"collection":[{"href":"https:\/\/olemosaic.orbitalia.org\/pt-pt\/wp-json\/wp\/v2\/product"}],"about":[{"href":"https:\/\/olemosaic.orbitalia.org\/pt-pt\/wp-json\/wp\/v2\/types\/product"}],"wp:featuredmedia":[{"embeddable":true,"href":"https:\/\/olemosaic.orbitalia.org\/pt-pt\/wp-json\/wp\/v2\/media\/6884"}],"wp:attachment":[{"href":"https:\/\/olemosaic.orbitalia.org\/pt-pt\/wp-json\/wp\/v2\/media?parent=32557"}],"wp:term":[{"taxonomy":"product_brand","embeddable":true,"href":"https:\/\/olemosaic.orbitalia.org\/pt-pt\/wp-json\/wp\/v2\/product_brand?post=32557"},{"taxonomy":"product_cat","embeddable":true,"href":"https:\/\/olemosaic.orbitalia.org\/pt-pt\/wp-json\/wp\/v2\/product_cat?post=32557"},{"taxonomy":"product_tag","embeddable":true,"href":"https:\/\/olemosaic.orbitalia.org\/pt-pt\/wp-json\/wp\/v2\/product_tag?post=32557"}],"curies":[{"name":"wp","href":"https:\/\/api.w.org\/{rel}","templated":true}]}}