{"id":32546,"date":"2025-02-20T22:32:35","date_gmt":"2025-02-20T22:32:35","guid":{"rendered":"https:\/\/olemosaic.orbitalia.org\/producto\/iman-de-metal-buho-mallorca-negro-8-cm\/"},"modified":"2025-07-25T19:50:05","modified_gmt":"2025-07-25T17:50:05","slug":"iman-de-metal-mocho-maiorca-preto-8-cm","status":"publish","type":"product","link":"https:\/\/olemosaic.orbitalia.org\/pt-pt\/produto\/iman-de-metal-mocho-maiorca-preto-8-cm\/","title":{"rendered":"\u00cdman de metal. Mocho. Maiorca. Preto. 8 cm."},"content":{"rendered":"<p>Este \u00edman met\u00e1lico de 8 cm, com um vibrante design de mocho, \u00e9 a recorda\u00e7\u00e3o perfeita da rica cultura de Maiorca. O elaborado mosaico, que combina cores brilhantes como o azul, amarelo, verde e vermelho, destaca-se sobre um fundo preto, real\u00e7ando a figura do mocho, s\u00edmbolo de sabedoria e mist\u00e9rio. Decorado com a palavra &#8220;MALLORCA&#8221; na parte superior, o seu design cativante n\u00e3o s\u00f3 \u00e9 visualmente atraente, como tamb\u00e9m reflete a arte tradicional da ilha.<\/p>\n<p>A representa\u00e7\u00e3o do mocho, pintado com um estilo que evoca os mosaicos caracter\u00edsticos da regi\u00e3o, liga-se \u00e0 rica heran\u00e7a cultural e art\u00edstica de Maiorca. Este \u00edman n\u00e3o \u00e9 apenas um objeto decorativo; \u00e9 um s\u00edmbolo da beleza e diversidade que a ilha oferece. O seu tamanho e material tornam-no ideal para adornar qualquer superf\u00edcie met\u00e1lica, tornando-se um acess\u00f3rio funcional que adiciona um toque colorido e cultural a casas e escrit\u00f3rios.<\/p>\n<p>Na Ol\u00e9 Mosaic, especializamo-nos na distribui\u00e7\u00e3o de recorda\u00e7\u00f5es de qualidade por grosso. Este \u00edman de mocho \u00e9 uma excelente op\u00e7\u00e3o para lojas de presentes tur\u00edsticos que procuram produtos aut\u00eanticos e representativos de Maiorca. Ao escolher os nossos \u00edmanes, os clientes adquirem n\u00e3o apenas uma recorda\u00e7\u00e3o visual, mas uma pe\u00e7a da cultura e da tradi\u00e7\u00e3o de Maiorca, tornando esta recorda\u00e7\u00e3o um presente ideal para quem deseja levar consigo um peda\u00e7o desta bela ilha.<\/p>\n","protected":false},"excerpt":{"rendered":"<p>\u00cdman met\u00e1lico de 8 cm com um design vibrante de mocho, inspirado na cultura de Maiorca. Este \u00edman apresenta um elaborado mosaico de cores brilhantes, como azul, amarelo, verde e vermelho, sobre um fundo preto que real\u00e7a a sua figura. Decorado com a palavra &#8220;MALLORCA&#8221; na parte superior, este artigo combina arte e funcionalidade, sendo uma recorda\u00e7\u00e3o ideal da beleza e da riqueza cultural da ilha.<\/p>\n","protected":false},"featured_media":11438,"template":"","meta":{"_acf_changed":false},"product_brand":[],"product_cat":[699],"product_tag":[516],"class_list":{"0":"post-32546","1":"product","2":"type-product","3":"status-publish","4":"has-post-thumbnail","6":"product_cat-imanes","7":"product_tag-animais","8":"pa_ciudad-mallorca","9":"pa_motivo-corujas","10":"pa_pais-espana","12":"first","13":"instock","14":"shipping-taxable","15":"product-type-simple"},"acf":[],"_links":{"self":[{"href":"https:\/\/olemosaic.orbitalia.org\/pt-pt\/wp-json\/wp\/v2\/product\/32546","targetHints":{"allow":["GET"]}}],"collection":[{"href":"https:\/\/olemosaic.orbitalia.org\/pt-pt\/wp-json\/wp\/v2\/product"}],"about":[{"href":"https:\/\/olemosaic.orbitalia.org\/pt-pt\/wp-json\/wp\/v2\/types\/product"}],"wp:featuredmedia":[{"embeddable":true,"href":"https:\/\/olemosaic.orbitalia.org\/pt-pt\/wp-json\/wp\/v2\/media\/11438"}],"wp:attachment":[{"href":"https:\/\/olemosaic.orbitalia.org\/pt-pt\/wp-json\/wp\/v2\/media?parent=32546"}],"wp:term":[{"taxonomy":"product_brand","embeddable":true,"href":"https:\/\/olemosaic.orbitalia.org\/pt-pt\/wp-json\/wp\/v2\/product_brand?post=32546"},{"taxonomy":"product_cat","embeddable":true,"href":"https:\/\/olemosaic.orbitalia.org\/pt-pt\/wp-json\/wp\/v2\/product_cat?post=32546"},{"taxonomy":"product_tag","embeddable":true,"href":"https:\/\/olemosaic.orbitalia.org\/pt-pt\/wp-json\/wp\/v2\/product_tag?post=32546"}],"curies":[{"name":"wp","href":"https:\/\/api.w.org\/{rel}","templated":true}]}}