{"id":32545,"date":"2025-02-20T23:32:35","date_gmt":"2025-02-20T22:32:35","guid":{"rendered":"https:\/\/olemosaic.orbitalia.org\/producto\/iman-de-metal-salamandra-8-cm-2\/"},"modified":"2025-07-25T18:51:03","modified_gmt":"2025-07-25T16:51:03","slug":"iman-de-metal-salamandra-8-cm-2-pt-pt","status":"publish","type":"product","link":"https:\/\/olemosaic.orbitalia.org\/pt-pt\/produto\/iman-de-metal-salamandra-8-cm-2-pt-pt\/","title":{"rendered":"\u00cdman de metal. Salamandra. Mosaico. 8 cm."},"content":{"rendered":"<p>Este \u00edman met\u00e1lico de 8 cm, adornado com uma colorida salamandra, \u00e9 uma homenagem ao famoso mosaico de Gaud\u00ed, capturando a ess\u00eancia art\u00edstica de Barcelona. Com um design vibrante, este \u00edman apresenta uma paleta de azuis, verdes, amarelos e vermelhos, evocando a riqueza da cer\u00e2mica modernista da cidade. A salamandra, s\u00edmbolo da criatividade e inova\u00e7\u00e3o de Gaud\u00ed, destaca-se com eleg\u00e2ncia sobre um fundo de mosaico, real\u00e7ando a destreza artesanal que caracteriza estas recorda\u00e7\u00f5es. Os detalhes cuidadosamente elaborados e o acabamento brilhante fazem deste \u00edman n\u00e3o apenas um elemento decorativo atraente, mas uma pe\u00e7a que emocionar\u00e1 quem procura levar uma recorda\u00e7\u00e3o aut\u00eantica da cultura catal\u00e3. Perfeito para quem visita Barcelona, este \u00edman \u00e9 um presente ideal ou uma lembran\u00e7a significativa que liga \u00e0 hist\u00f3ria rica e vibrante da cidade. Na Ol\u00e9 Mosaic, somos especialistas na distribui\u00e7\u00e3o de recorda\u00e7\u00f5es de Barcelona por grosso, oferecendo produtos que se destacam pelo seu estilo e autenticidade, perfeitos para lojas de presentes tur\u00edsticos que desejem captar a aten\u00e7\u00e3o dos visitantes.<\/p>\n","protected":false},"excerpt":{"rendered":"<p>\u00cdman met\u00e1lico de 8 cm, decorado com uma colorida salamandra que evoca o famoso mosaico de Gaud\u00ed. Este atraente \u00edman apresenta uma vibrante paleta de azuis, verdes, amarelos e vermelhos, reproduzindo o corpo da salamandra sobre um fundo de mosaico. Os detalhes do design conferem-lhe um acabamento brilhante, ideal para adicionar um toque art\u00edstico a qualquer superf\u00edcie met\u00e1lica. Uma recorda\u00e7\u00e3o perfeita da riqueza cultural de Barcelona.<\/p>\n","protected":false},"featured_media":12868,"template":"","meta":{"_acf_changed":false},"product_brand":[],"product_cat":[699],"product_tag":[516],"class_list":{"0":"post-32545","1":"product","2":"type-product","3":"status-publish","4":"has-post-thumbnail","6":"product_cat-imanes","7":"product_tag-animais","8":"pa_motivo-salamandras","10":"first","11":"instock","12":"shipping-taxable","13":"product-type-simple"},"acf":[],"_links":{"self":[{"href":"https:\/\/olemosaic.orbitalia.org\/pt-pt\/wp-json\/wp\/v2\/product\/32545","targetHints":{"allow":["GET"]}}],"collection":[{"href":"https:\/\/olemosaic.orbitalia.org\/pt-pt\/wp-json\/wp\/v2\/product"}],"about":[{"href":"https:\/\/olemosaic.orbitalia.org\/pt-pt\/wp-json\/wp\/v2\/types\/product"}],"wp:featuredmedia":[{"embeddable":true,"href":"https:\/\/olemosaic.orbitalia.org\/pt-pt\/wp-json\/wp\/v2\/media\/12868"}],"wp:attachment":[{"href":"https:\/\/olemosaic.orbitalia.org\/pt-pt\/wp-json\/wp\/v2\/media?parent=32545"}],"wp:term":[{"taxonomy":"product_brand","embeddable":true,"href":"https:\/\/olemosaic.orbitalia.org\/pt-pt\/wp-json\/wp\/v2\/product_brand?post=32545"},{"taxonomy":"product_cat","embeddable":true,"href":"https:\/\/olemosaic.orbitalia.org\/pt-pt\/wp-json\/wp\/v2\/product_cat?post=32545"},{"taxonomy":"product_tag","embeddable":true,"href":"https:\/\/olemosaic.orbitalia.org\/pt-pt\/wp-json\/wp\/v2\/product_tag?post=32545"}],"curies":[{"name":"wp","href":"https:\/\/api.w.org\/{rel}","templated":true}]}}