{"id":32543,"date":"2025-02-20T22:32:34","date_gmt":"2025-02-20T22:32:34","guid":{"rendered":"https:\/\/olemosaic.orbitalia.org\/producto\/iman-de-metal-flamenco-8-cm\/"},"modified":"2025-07-25T19:38:50","modified_gmt":"2025-07-25T17:38:50","slug":"iman-de-metal-flamingo-8-cm","status":"publish","type":"product","link":"https:\/\/olemosaic.orbitalia.org\/pt-pt\/produto\/iman-de-metal-flamingo-8-cm\/","title":{"rendered":"\u00cdman de metal. Flamingo. 8 cm."},"content":{"rendered":"<p>Este \u00edman met\u00e1lico de 8 cm \u00e9 uma obra-prima em miniatura, perfeito para os amantes da arte e da cultura espanhola. Com dois flamingos entrela\u00e7ados como protagonistas, este design vibrante e colorido inspira-se na famosa arte do mosaico andaluz, adicionando um toque art\u00edstico a qualquer superf\u00edcie met\u00e1lica. Os flamingos, com as suas tonalidades rosa, vermelhas e azuis, evocam a beleza da fauna espanhola e o calor das suas paisagens naturais.<\/p>\n<p>O fundo claro real\u00e7a os detalhes gr\u00e1ficos das aves, capturando a ess\u00eancia do folclore andaluz e a sua rica liga\u00e7\u00e3o com a tradi\u00e7\u00e3o art\u00edstica da regi\u00e3o. Este \u00edman n\u00e3o \u00e9 apenas um acess\u00f3rio funcional, mas tamb\u00e9m uma recorda\u00e7\u00e3o representativa que celebra a autenticidade e o patrim\u00f3nio cultural de Espanha.<\/p>\n<p>Como parte da oferta da Ol\u00e9 Mosaic, este \u00edman de flamingo \u00e9 um excelente souvenir, \u00fanico e perfeito para turistas que procuram levar um peda\u00e7o da cultura andaluza. A nossa empresa especializa-se na distribui\u00e7\u00e3o de souvenirs por grosso, oferecendo produtos aut\u00eanticos que real\u00e7am o melhor de cada regi\u00e3o. Ideal para lojas de presentes tur\u00edsticos que desejam oferecer artigos de qualidade e relev\u00e2ncia cultural, este \u00edman \u00e9 uma op\u00e7\u00e3o infal\u00edvel para captar a aten\u00e7\u00e3o dos seus clientes.<\/p>\n","protected":false},"excerpt":{"rendered":"<p>\u00cdman met\u00e1lico de 8 cm com dois flamingos entrela\u00e7ados, inspirado na arte do mosaico andaluz. Este \u00edman destaca-se pelo seu design vibrante e colorido, com tons rosa, vermelhos e azuis que evocam a beleza da fauna espanhola. Os detalhes gr\u00e1ficos dos flamingos, sobre um fundo claro, refletem a ess\u00eancia do folclore andaluz e adicionam um toque art\u00edstico e elegante a qualquer superf\u00edcie met\u00e1lica. Perfeito como recorda\u00e7\u00e3o \u00fanica de Espanha.<\/p>\n","protected":false},"featured_media":12866,"template":"","meta":{"_acf_changed":false},"product_brand":[],"product_cat":[699],"product_tag":[516],"class_list":{"0":"post-32543","1":"product","2":"type-product","3":"status-publish","4":"has-post-thumbnail","6":"product_cat-imanes","7":"product_tag-animais","8":"pa_motivo-flamingos","10":"first","11":"instock","12":"shipping-taxable","13":"product-type-simple"},"acf":[],"_links":{"self":[{"href":"https:\/\/olemosaic.orbitalia.org\/pt-pt\/wp-json\/wp\/v2\/product\/32543","targetHints":{"allow":["GET"]}}],"collection":[{"href":"https:\/\/olemosaic.orbitalia.org\/pt-pt\/wp-json\/wp\/v2\/product"}],"about":[{"href":"https:\/\/olemosaic.orbitalia.org\/pt-pt\/wp-json\/wp\/v2\/types\/product"}],"wp:featuredmedia":[{"embeddable":true,"href":"https:\/\/olemosaic.orbitalia.org\/pt-pt\/wp-json\/wp\/v2\/media\/12866"}],"wp:attachment":[{"href":"https:\/\/olemosaic.orbitalia.org\/pt-pt\/wp-json\/wp\/v2\/media?parent=32543"}],"wp:term":[{"taxonomy":"product_brand","embeddable":true,"href":"https:\/\/olemosaic.orbitalia.org\/pt-pt\/wp-json\/wp\/v2\/product_brand?post=32543"},{"taxonomy":"product_cat","embeddable":true,"href":"https:\/\/olemosaic.orbitalia.org\/pt-pt\/wp-json\/wp\/v2\/product_cat?post=32543"},{"taxonomy":"product_tag","embeddable":true,"href":"https:\/\/olemosaic.orbitalia.org\/pt-pt\/wp-json\/wp\/v2\/product_tag?post=32543"}],"curies":[{"name":"wp","href":"https:\/\/api.w.org\/{rel}","templated":true}]}}