{"id":32520,"date":"2025-02-20T23:32:33","date_gmt":"2025-02-20T22:32:33","guid":{"rendered":"https:\/\/olemosaic.orbitalia.org\/producto\/iman-de-metal-panoramica-barcelona-8-cm-10\/"},"modified":"2025-07-25T20:28:26","modified_gmt":"2025-07-25T18:28:26","slug":"iman-de-metal-panoramica-barcelona-8-cm-10-pt-pt","status":"publish","type":"product","link":"https:\/\/olemosaic.orbitalia.org\/pt-pt\/produto\/iman-de-metal-panoramica-barcelona-8-cm-10-pt-pt\/","title":{"rendered":"\u00cdman de metal. Panor\u00e2mica. Mir\u00f3. I \u2665 Barcelona. Barcelona. 8 cm."},"content":{"rendered":"<p>Este \u00edman met\u00e1lico de 8 cm capta uma vibrante panor\u00e2mica de Barcelona, tornando-se uma recorda\u00e7\u00e3o imprescind\u00edvel para quem deseja levar consigo a ess\u00eancia desta emblem\u00e1tica cidade. O design, elaborado com a t\u00e9cnica do trencad\u00eds, presta homenagem \u00e0 criatividade barcelonesa, destacando \u00edcones arquitet\u00f3nicos como a majestosa Sagrada Fam\u00edlia e as coloridas obras de Joan Mir\u00f3. Estes elementos integram-se num fundo chamativo que evoca as cores vivas do Mediterr\u00e2neo, atraindo o olhar de qualquer amante da arte e da cultura.<\/p>\n<p>A inscri\u00e7\u00e3o &#8220;I \u2665 Barcelona&#8221; destaca-se na parte superior, encapsulando o esp\u00edrito de uma cidade que apaixona pela sua hist\u00f3ria, a sua arquitetura e a sua vibrante vida urbana. Este \u00edman n\u00e3o \u00e9 apenas um souvenir de Barcelona, mas tamb\u00e9m uma pe\u00e7a que celebra a riqueza cultural e patrimonial da cidade. \u00c9 perfeito para quem procura uma recorda\u00e7\u00e3o aut\u00eantica que represente as suas viv\u00eancias na cidade.<\/p>\n<p>Na Ol\u00e9 Mosaic, especializamo-nos na distribui\u00e7\u00e3o de souvenirs por grosso e oferecemos este \u00edman como uma excelente op\u00e7\u00e3o para lojas de presentes tur\u00edsticos que desejem oferecer aos seus clientes um produto de qualidade que reflita a identidade de Barcelona. Este \u00edman \u00e9 uma amostra perfeita do artesanato local e do esp\u00edrito vibrante da cidade, tornando-se uma pe\u00e7a atrativa tanto para turistas como para colecionadores.<\/p>\n","protected":false},"excerpt":{"rendered":"<p>\u00cdman met\u00e1lico de 8 cm com uma vibrante panor\u00e2mica de Barcelona. Decorado com um design de trencad\u00eds, este \u00edman mostra \u00edcones emblem\u00e1ticos como a Sagrada Fam\u00edlia e o Mir\u00f3, real\u00e7ados por um fundo colorido e chamativo. A inscri\u00e7\u00e3o &#8220;I \u2665 Barcelona&#8221; destaca-se na parte superior, capturando o esp\u00edrito da cidade. Ideal como recorda\u00e7\u00e3o, este \u00edman combina arte e simbolismo, tornando-se uma pe\u00e7a imprescind\u00edvel para os amantes de Barcelona.<\/p>\n","protected":false},"featured_media":11418,"template":"","meta":{"_acf_changed":false},"product_brand":[],"product_cat":[699],"product_tag":[],"class_list":{"0":"post-32520","1":"product","2":"type-product","3":"status-publish","4":"has-post-thumbnail","6":"product_cat-imanes","7":"pa_ciudad-barcelona","8":"pa_motivo-panoramas","9":"pa_pais-espana","11":"first","12":"instock","13":"shipping-taxable","14":"product-type-simple"},"acf":[],"_links":{"self":[{"href":"https:\/\/olemosaic.orbitalia.org\/pt-pt\/wp-json\/wp\/v2\/product\/32520","targetHints":{"allow":["GET"]}}],"collection":[{"href":"https:\/\/olemosaic.orbitalia.org\/pt-pt\/wp-json\/wp\/v2\/product"}],"about":[{"href":"https:\/\/olemosaic.orbitalia.org\/pt-pt\/wp-json\/wp\/v2\/types\/product"}],"wp:featuredmedia":[{"embeddable":true,"href":"https:\/\/olemosaic.orbitalia.org\/pt-pt\/wp-json\/wp\/v2\/media\/11418"}],"wp:attachment":[{"href":"https:\/\/olemosaic.orbitalia.org\/pt-pt\/wp-json\/wp\/v2\/media?parent=32520"}],"wp:term":[{"taxonomy":"product_brand","embeddable":true,"href":"https:\/\/olemosaic.orbitalia.org\/pt-pt\/wp-json\/wp\/v2\/product_brand?post=32520"},{"taxonomy":"product_cat","embeddable":true,"href":"https:\/\/olemosaic.orbitalia.org\/pt-pt\/wp-json\/wp\/v2\/product_cat?post=32520"},{"taxonomy":"product_tag","embeddable":true,"href":"https:\/\/olemosaic.orbitalia.org\/pt-pt\/wp-json\/wp\/v2\/product_tag?post=32520"}],"curies":[{"name":"wp","href":"https:\/\/api.w.org\/{rel}","templated":true}]}}