{"id":32493,"date":"2025-02-20T23:32:33","date_gmt":"2025-02-20T22:32:33","guid":{"rendered":"https:\/\/olemosaic.orbitalia.org\/producto\/iman-de-metal-sagrada-familia-barcelona-plata-8-cm-6\/"},"modified":"2025-07-25T20:03:39","modified_gmt":"2025-07-25T18:03:39","slug":"iman-de-metal-sagrada-familia-barcelona-prata-8-cm-6","status":"publish","type":"product","link":"https:\/\/olemosaic.orbitalia.org\/pt-pt\/produto\/iman-de-metal-sagrada-familia-barcelona-prata-8-cm-6\/","title":{"rendered":"\u00cdman de metal. Sagrada Fam\u00edlia. Mosaico. I \u2665 Barcelona. Barcelona. Prata. 8 cm."},"content":{"rendered":"<p>Este \u00edman met\u00e1lico de 8 cm apresenta uma vibrante ilustra\u00e7\u00e3o da emblem\u00e1tica Sagrada Fam\u00edlia, um dos monumentos mais ic\u00f3nicos de Barcelona. Com um design estilizado em forma de mosaico, esta atraente recorda\u00e7\u00e3o utiliza uma paleta de cores vivas que real\u00e7a os caracter\u00edsticos detalhes arquitet\u00f3nicos da obra-prima de Antoni Gaud\u00ed. As torres e fachadas est\u00e3o cuidadosamente representadas, capturando a ess\u00eancia do modernismo catal\u00e3o. Na parte superior, o texto &#8220;I \u2665 Barcelona&#8221; destaca-se, acrescentando um toque pessoal e evocativo que sem d\u00favida ressoar\u00e1 em todos aqueles que visitaram esta fascinante cidade.<\/p>\n<p>Este \u00edman n\u00e3o s\u00f3 serve como objeto decorativo para o lar, mas tamb\u00e9m como recorda\u00e7\u00e3o representativa da rica hist\u00f3ria e cultura de Barcelona. Ideal para turistas que procuram recorda\u00e7\u00f5es aut\u00eanticas que reflitam a sua passagem pela cidade, o \u00edman da Sagrada Fam\u00edlia \u00e9 uma excelente op\u00e7\u00e3o para lojas de presentes tur\u00edsticos. Na Ol\u00e9 Mosaic, como distribuidores de souvenirs por grosso, oferecemos produtos que se destacam pela sua qualidade art\u00edstica e relev\u00e2ncia cultural, assegurando que cada \u00edman seja uma pe\u00e7a \u00fanica que capture a magia de Barcelona e do seu famoso monumento. Este \u00edman da Sagrada Fam\u00edlia \u00e9, sem d\u00favida, um souvenir imprescind\u00edvel para todos os amantes desta extraordin\u00e1ria cidade.<\/p>\n","protected":false},"excerpt":{"rendered":"<p>\u00cdman de metal de 8 cm com uma vibrante ilustra\u00e7\u00e3o da emblem\u00e1tica Sagrada Fam\u00edlia de Barcelona. Este design atraente utiliza uma paleta de cores vivas e um estilo de mosaico, que capta os caracter\u00edsticos detalhes arquitet\u00f3nicos do monumento. Na parte superior, destaca-se o texto &#8220;I \u2665 Barcelona&#8221;, acrescentando um toque pessoal que evoca o amor por esta cidade. Um souvenir perfeito para recordar a beleza de Barcelona.<\/p>\n","protected":false},"featured_media":13540,"template":"","meta":{"_acf_changed":false},"product_brand":[],"product_cat":[699],"product_tag":[],"class_list":{"0":"post-32493","1":"product","2":"type-product","3":"status-publish","4":"has-post-thumbnail","6":"product_cat-imanes","7":"pa_ciudad-barcelona","8":"pa_motivo-sagrada-familia","9":"pa_pais-espana","11":"first","12":"instock","13":"shipping-taxable","14":"product-type-simple"},"acf":[],"_links":{"self":[{"href":"https:\/\/olemosaic.orbitalia.org\/pt-pt\/wp-json\/wp\/v2\/product\/32493","targetHints":{"allow":["GET"]}}],"collection":[{"href":"https:\/\/olemosaic.orbitalia.org\/pt-pt\/wp-json\/wp\/v2\/product"}],"about":[{"href":"https:\/\/olemosaic.orbitalia.org\/pt-pt\/wp-json\/wp\/v2\/types\/product"}],"wp:featuredmedia":[{"embeddable":true,"href":"https:\/\/olemosaic.orbitalia.org\/pt-pt\/wp-json\/wp\/v2\/media\/13540"}],"wp:attachment":[{"href":"https:\/\/olemosaic.orbitalia.org\/pt-pt\/wp-json\/wp\/v2\/media?parent=32493"}],"wp:term":[{"taxonomy":"product_brand","embeddable":true,"href":"https:\/\/olemosaic.orbitalia.org\/pt-pt\/wp-json\/wp\/v2\/product_brand?post=32493"},{"taxonomy":"product_cat","embeddable":true,"href":"https:\/\/olemosaic.orbitalia.org\/pt-pt\/wp-json\/wp\/v2\/product_cat?post=32493"},{"taxonomy":"product_tag","embeddable":true,"href":"https:\/\/olemosaic.orbitalia.org\/pt-pt\/wp-json\/wp\/v2\/product_tag?post=32493"}],"curies":[{"name":"wp","href":"https:\/\/api.w.org\/{rel}","templated":true}]}}