{"id":32478,"date":"2025-02-20T23:32:32","date_gmt":"2025-02-20T22:32:32","guid":{"rendered":"https:\/\/olemosaic.orbitalia.org\/producto\/iman-de-metal-bailaora-negro-8-cm-2\/"},"modified":"2025-07-25T20:33:11","modified_gmt":"2025-07-25T18:33:11","slug":"iman-de-metal-bailarina-preto-8-cm-2","status":"publish","type":"product","link":"https:\/\/olemosaic.orbitalia.org\/pt-pt\/produto\/iman-de-metal-bailarina-preto-8-cm-2\/","title":{"rendered":"\u00cdman de metal. Bailarina. Vestido vermelho e azul. Preto. 8 cm."},"content":{"rendered":"<p>Este \u00edman met\u00e1lico de 8 cm apresenta um design vibrante que capta a ess\u00eancia da cultura andaluza, com duas bailarinas de flamenco em plena atua\u00e7\u00e3o. Com uma t\u00e9cnica de ilustra\u00e7\u00e3o semelhante a um mosaico, o \u00edman destaca-se pelas suas cores vivas: o vermelho intenso do vestido de uma bailarina contrasta com o azul cativante da outra, emoldurados sobre um fundo preto que confere profundidade e eleg\u00e2ncia. Os detalhes florais no cabelo e os folhos ricos dos trajes acrescentam um toque de sofistica\u00e7\u00e3o que evoca a paix\u00e3o e a arte do flamenco.<\/p>\n<p>A representa\u00e7\u00e3o art\u00edstica das bailarinas \u00e9 uma homenagem ao flamenco e uma janela para a cultura espanhola, o que torna este \u00edman num souvenir aut\u00eantico e representativo da tradi\u00e7\u00e3o andaluza. Ideal para turistas que procuram uma recorda\u00e7\u00e3o que encapsule a vivacidade e o esplendor da Andaluzia, este \u00edman \u00e9 perfeito para rememorar momentos especiais da sua visita.<\/p>\n<p>Na Ol\u00e9 Mosaic, especializamo-nos na distribui\u00e7\u00e3o de souvenirs por grosso, oferecendo produtos de qualidade como este \u00edman de bailarinas. Com a sua relev\u00e2ncia cultural e design atraente, este \u00edman flamenco \u00e9 uma excelente op\u00e7\u00e3o para lojas de presentes tur\u00edsticos que desejem oferecer produtos exclusivos que reflitam a vibrante heran\u00e7a cultural de Espanha.<\/p>\n","protected":false},"excerpt":{"rendered":"<p>\u00cdman de metal de 8 cm com um design vibrante de duas bailarinas de flamenco, uma em vermelho e outra em azul, sobre um fundo preto. Este produto destaca-se pela sua t\u00e9cnica de ilustra\u00e7\u00e3o semelhante a um mosaico, que integra cores vivas como o vermelho, o amarelo e o verde, enriquecendo a cena. As bailarinas, adornadas com flores, captam a ess\u00eancia do flamenco e evocam o esp\u00edrito andaluz em cada detalhe. Ideal para recordar a cultura espanhola.<\/p>\n","protected":false},"featured_media":8149,"template":"","meta":{"_acf_changed":false},"product_brand":[],"product_cat":[699],"product_tag":[],"class_list":{"0":"post-32478","1":"product","2":"type-product","3":"status-publish","4":"has-post-thumbnail","6":"product_cat-imanes","7":"pa_motivo-dancarinos","9":"first","10":"instock","11":"shipping-taxable","12":"product-type-simple"},"acf":[],"_links":{"self":[{"href":"https:\/\/olemosaic.orbitalia.org\/pt-pt\/wp-json\/wp\/v2\/product\/32478","targetHints":{"allow":["GET"]}}],"collection":[{"href":"https:\/\/olemosaic.orbitalia.org\/pt-pt\/wp-json\/wp\/v2\/product"}],"about":[{"href":"https:\/\/olemosaic.orbitalia.org\/pt-pt\/wp-json\/wp\/v2\/types\/product"}],"wp:featuredmedia":[{"embeddable":true,"href":"https:\/\/olemosaic.orbitalia.org\/pt-pt\/wp-json\/wp\/v2\/media\/8149"}],"wp:attachment":[{"href":"https:\/\/olemosaic.orbitalia.org\/pt-pt\/wp-json\/wp\/v2\/media?parent=32478"}],"wp:term":[{"taxonomy":"product_brand","embeddable":true,"href":"https:\/\/olemosaic.orbitalia.org\/pt-pt\/wp-json\/wp\/v2\/product_brand?post=32478"},{"taxonomy":"product_cat","embeddable":true,"href":"https:\/\/olemosaic.orbitalia.org\/pt-pt\/wp-json\/wp\/v2\/product_cat?post=32478"},{"taxonomy":"product_tag","embeddable":true,"href":"https:\/\/olemosaic.orbitalia.org\/pt-pt\/wp-json\/wp\/v2\/product_tag?post=32478"}],"curies":[{"name":"wp","href":"https:\/\/api.w.org\/{rel}","templated":true}]}}