{"id":32452,"date":"2025-02-20T23:32:31","date_gmt":"2025-02-20T22:32:31","guid":{"rendered":"https:\/\/olemosaic.orbitalia.org\/producto\/iman-de-metal-gato-tenerife-8-cm\/"},"modified":"2025-07-25T18:41:33","modified_gmt":"2025-07-25T16:41:33","slug":"iman-de-metal-gato-tenerife-8-cm-pt-pt","status":"publish","type":"product","link":"https:\/\/olemosaic.orbitalia.org\/pt-pt\/produto\/iman-de-metal-gato-tenerife-8-cm-pt-pt\/","title":{"rendered":"\u00cdman de metal. Gato. Tenerife. 8 cm."},"content":{"rendered":"<p>Este \u00edman met\u00e1lico de 8 cm \u00e9 uma representa\u00e7\u00e3o vibrante de um gato inspirado na arte do mosaico t\u00edpica de Tenerife. O seu design colorido e cativante, pintado \u00e0 m\u00e3o, combina uma variedade de formas geom\u00e9tricas em tons de azul, verde, vermelho e amarelo, criando uma imagem apelativa que, al\u00e9m disso, reflete a rica cultura art\u00edstica da ilha. O fundo azul do \u00edman real\u00e7a o motivo do gato, conferindo-lhe um car\u00e1cter distintivo e atraente, e o nome &#8220;Tenerife&#8221; impresso em letras coloridas acrescenta um detalhe alegre que complementa a obra.<\/p>\n<p>Este \u00edman n\u00e3o \u00e9 apenas um complemento perfeito para decorar qualquer espa\u00e7o, mas tamb\u00e9m serve como uma recorda\u00e7\u00e3o aut\u00eantica da beleza de Tenerife, um lugar conhecido pela sua paisagem natural, pelo seu clima ameno e pelo seu vibrante patrim\u00f3nio cultural. A rela\u00e7\u00e3o entre a figura do gato e a arte do mosaico real\u00e7a a tradi\u00e7\u00e3o can\u00e1ria do design, tornando-o num souvenir que capta a ess\u00eancia da ilha.<\/p>\n<p>Na Ol\u00e9 Mosaic especializamo-nos na distribui\u00e7\u00e3o de souvenirs por grosso, oferecendo produtos que representam a autenticidade e o encanto de destinos tur\u00edsticos como Tenerife. Este \u00edman de gato \u00e9 uma excelente op\u00e7\u00e3o para lojas de presentes tur\u00edsticos que procuram captar a aten\u00e7\u00e3o dos visitantes com souvenirs memor\u00e1veis e culturalmente significativos.<\/p>\n","protected":false},"excerpt":{"rendered":"<p>\u00cdman met\u00e1lico de 8 cm que representa um gato colorido, inspirado na arte do mosaico t\u00edpica de Tenerife. Este design vibrante, de conce\u00e7\u00e3o artesanal e pintado \u00e0 m\u00e3o, mostra uma combina\u00e7\u00e3o de formas geom\u00e9tricas em tons de azul, verde, vermelho e amarelo, criando uma figura apelativa que captar\u00e1 a aten\u00e7\u00e3o. A base apresenta um fundo azul que real\u00e7a o motivo do gato, juntamente com o nome &#8220;Tenerife&#8221; impresso em cores vivas, oferecendo uma recorda\u00e7\u00e3o perfeita desta preciosa ilha can\u00e1ria.<\/p>\n","protected":false},"featured_media":12829,"template":"","meta":{"_acf_changed":false},"product_brand":[],"product_cat":[699],"product_tag":[516],"class_list":{"0":"post-32452","1":"product","2":"type-product","3":"status-publish","4":"has-post-thumbnail","6":"product_cat-imanes","7":"product_tag-animais","8":"pa_ciudad-tenerife","9":"pa_motivo-gatos","10":"pa_pais-espana","12":"first","13":"instock","14":"shipping-taxable","15":"product-type-simple"},"acf":[],"_links":{"self":[{"href":"https:\/\/olemosaic.orbitalia.org\/pt-pt\/wp-json\/wp\/v2\/product\/32452","targetHints":{"allow":["GET"]}}],"collection":[{"href":"https:\/\/olemosaic.orbitalia.org\/pt-pt\/wp-json\/wp\/v2\/product"}],"about":[{"href":"https:\/\/olemosaic.orbitalia.org\/pt-pt\/wp-json\/wp\/v2\/types\/product"}],"wp:featuredmedia":[{"embeddable":true,"href":"https:\/\/olemosaic.orbitalia.org\/pt-pt\/wp-json\/wp\/v2\/media\/12829"}],"wp:attachment":[{"href":"https:\/\/olemosaic.orbitalia.org\/pt-pt\/wp-json\/wp\/v2\/media?parent=32452"}],"wp:term":[{"taxonomy":"product_brand","embeddable":true,"href":"https:\/\/olemosaic.orbitalia.org\/pt-pt\/wp-json\/wp\/v2\/product_brand?post=32452"},{"taxonomy":"product_cat","embeddable":true,"href":"https:\/\/olemosaic.orbitalia.org\/pt-pt\/wp-json\/wp\/v2\/product_cat?post=32452"},{"taxonomy":"product_tag","embeddable":true,"href":"https:\/\/olemosaic.orbitalia.org\/pt-pt\/wp-json\/wp\/v2\/product_tag?post=32452"}],"curies":[{"name":"wp","href":"https:\/\/api.w.org\/{rel}","templated":true}]}}