{"id":32420,"date":"2025-02-20T22:32:29","date_gmt":"2025-02-20T22:32:29","guid":{"rendered":"https:\/\/olemosaic.orbitalia.org\/producto\/iman-de-metal-salamandra-barcelona-plata-8-cm\/"},"modified":"2025-07-25T20:36:42","modified_gmt":"2025-07-25T18:36:42","slug":"iman-de-metal-salamandra-barcelona-prata-8-cm","status":"publish","type":"product","link":"https:\/\/olemosaic.orbitalia.org\/pt-pt\/produto\/iman-de-metal-salamandra-barcelona-prata-8-cm\/","title":{"rendered":"\u00cdman de metal. Salamandra. Barcelona. Prata. 8 cm."},"content":{"rendered":"<p>Este \u00edman met\u00e1lico de 8 cm \u00e9 uma representa\u00e7\u00e3o vibrante de Barcelona, ideal para quem deseja levar um peda\u00e7o da rica cultura da cidade. O design destaca-se pelo seu mosaico colorido de salamandras, que presta homenagem ao estilo ic\u00f3nico de Antoni Gaud\u00ed, conhecido pela sua criatividade e pelo uso de cores vibrantes. As salamandras, dispostas de forma harmoniosa, apresentam tonalidades azuis, verdes, vermelhas e amarelas, criando um efeito visual que capta a ess\u00eancia vibrante e art\u00edstica da cidade.<\/p>\n<p>A palavra &#8220;Barcelona&#8221; surge na parte superior do \u00edman, garantindo que esta recorda\u00e7\u00e3o seja facilmente reconhec\u00edvel e representativa da sua origem. A textura da superf\u00edcie sugere o uso de t\u00e9cnicas cer\u00e2micas tradicionais, evocando a rica heran\u00e7a cultural da cidade e o seu apre\u00e7o pela arte e pela natureza. Este \u00edman n\u00e3o \u00e9 apenas um acess\u00f3rio decorativo perfeito para a casa, mas tamb\u00e9m um s\u00edmbolo das maravilhas arquitet\u00f3nicas e art\u00edsticas que Barcelona oferece aos seus visitantes.<\/p>\n<p>Na Ol\u00e9 Mosaic, especializamo-nos em oferecer recorda\u00e7\u00f5es aut\u00eanticas por grosso. Este \u00edman de salamandra \u00e9 uma excelente op\u00e7\u00e3o para lojas de presentes tur\u00edsticos que desejem proporcionar recorda\u00e7\u00f5es representativas e cheias de cor aos turistas que procuram postais das suas experi\u00eancias em Espanha. Um verdadeiro presente que celebra a magia de Barcelona e o seu legado art\u00edstico.<\/p>\n","protected":false},"excerpt":{"rendered":"<p>\u00cdman met\u00e1lico de 8 cm que capta a ess\u00eancia vibrante de Barcelona com o seu design de salamandras. Coloridas e decorativas, as salamandras disp\u00f5em-se sobre um fundo de mosaico, evocando o famoso estilo de Gaud\u00ed. Os detalhes em azul, verde, vermelho e amarelo acrescentam um toque alegre, enquanto a palavra \u00abBarcelona\u00bb na parte superior real\u00e7a a sua origem. Este \u00edman \u00e9 uma recorda\u00e7\u00e3o ideal que celebra a arte e a cultura da cidade.<\/p>\n","protected":false},"featured_media":12900,"template":"","meta":{"_acf_changed":false},"product_brand":[],"product_cat":[699],"product_tag":[516],"class_list":{"0":"post-32420","1":"product","2":"type-product","3":"status-publish","4":"has-post-thumbnail","6":"product_cat-imanes","7":"product_tag-animais","8":"pa_ciudad-barcelona","9":"pa_motivo-salamandras","10":"pa_pais-espana","12":"first","13":"instock","14":"shipping-taxable","15":"product-type-simple"},"acf":[],"_links":{"self":[{"href":"https:\/\/olemosaic.orbitalia.org\/pt-pt\/wp-json\/wp\/v2\/product\/32420","targetHints":{"allow":["GET"]}}],"collection":[{"href":"https:\/\/olemosaic.orbitalia.org\/pt-pt\/wp-json\/wp\/v2\/product"}],"about":[{"href":"https:\/\/olemosaic.orbitalia.org\/pt-pt\/wp-json\/wp\/v2\/types\/product"}],"wp:featuredmedia":[{"embeddable":true,"href":"https:\/\/olemosaic.orbitalia.org\/pt-pt\/wp-json\/wp\/v2\/media\/12900"}],"wp:attachment":[{"href":"https:\/\/olemosaic.orbitalia.org\/pt-pt\/wp-json\/wp\/v2\/media?parent=32420"}],"wp:term":[{"taxonomy":"product_brand","embeddable":true,"href":"https:\/\/olemosaic.orbitalia.org\/pt-pt\/wp-json\/wp\/v2\/product_brand?post=32420"},{"taxonomy":"product_cat","embeddable":true,"href":"https:\/\/olemosaic.orbitalia.org\/pt-pt\/wp-json\/wp\/v2\/product_cat?post=32420"},{"taxonomy":"product_tag","embeddable":true,"href":"https:\/\/olemosaic.orbitalia.org\/pt-pt\/wp-json\/wp\/v2\/product_tag?post=32420"}],"curies":[{"name":"wp","href":"https:\/\/api.w.org\/{rel}","templated":true}]}}