{"id":32384,"date":"2025-02-20T22:32:27","date_gmt":"2025-02-20T22:32:27","guid":{"rendered":"https:\/\/olemosaic.orbitalia.org\/producto\/iman-de-metal-salamandra-plata-8-cm\/"},"modified":"2025-07-25T19:43:33","modified_gmt":"2025-07-25T17:43:33","slug":"iman-de-metal-salamandra-prata-8-cm","status":"publish","type":"product","link":"https:\/\/olemosaic.orbitalia.org\/pt-pt\/produto\/iman-de-metal-salamandra-prata-8-cm\/","title":{"rendered":"\u00cdman de metal. Salamandra. Prata. 8 cm."},"content":{"rendered":"<p>Este \u00edman met\u00e1lico de 8 cm \u00e9 uma representa\u00e7\u00e3o colorida de salamandras, uma recorda\u00e7\u00e3o aut\u00eantica que captura a ess\u00eancia da rica fauna espanhola. Com um design vibrante que combina detalhes em tons de azul, vermelho e verde, este divertido \u00edman destaca-se sobre um fundo de mosaico evocativo que recorda a arquitetura t\u00edpica catal\u00e3. Cada salamandra, ilustrada com precis\u00e3o, parece ganhar vida gra\u00e7as \u00e0 meticulosa aten\u00e7\u00e3o aos detalhes no seu design, que real\u00e7a a sua textura e forma, criando um efeito visual cativante.<\/p>\n<p>A t\u00e9cnica artesanal utilizada neste \u00edman destaca a tradi\u00e7\u00e3o art\u00edstica da regi\u00e3o, tornando este produto num excelente souvenir que encapsula a liga\u00e7\u00e3o cultural com a natureza e a arte de Espanha. Este \u00edman n\u00e3o \u00e9 apenas funcional, permitindo decorar qualquer superf\u00edcie met\u00e1lica, mas tamb\u00e9m serve como um atraente elemento decorativo que evoca recorda\u00e7\u00f5es das visitas a paisagens naturais espanholas.<\/p>\n<p>Na Ol\u00e9 Mosaic, somos especialistas na distribui\u00e7\u00e3o de souvenirs por grosso e oferecemos uma variedade de produtos que celebram a cultura e a arte local. Este \u00edman de salamandras \u00e9 uma op\u00e7\u00e3o ideal para lojas de presentes tur\u00edsticos que procuram produtos aut\u00eanticos e significativos para os seus clientes. Com o seu apelo visual e a sua relev\u00e2ncia cultural, \u00e9 um presente perfeito para quem deseja levar um pedacinho de Espanha para casa.<\/p>\n","protected":false},"excerpt":{"rendered":"<p>\u00cdman met\u00e1lico de 8 cm com uma representa\u00e7\u00e3o colorida de salamandras, que reflete a rica fauna espanhola. Este design vibrante inclui detalhes em tons de azul, vermelho e verde sobre um fundo com mosaicos evocativos, o que lhe confere um toque art\u00edstico. A t\u00e9cnica utilizada real\u00e7a o estilo artesanal, tornando-o numa recorda\u00e7\u00e3o ideal que captura a ess\u00eancia cultural de regi\u00f5es como a Catalunha. Perfeito para os amantes da natureza e da arte.<\/p>\n","protected":false},"featured_media":12897,"template":"","meta":{"_acf_changed":false},"product_brand":[],"product_cat":[699],"product_tag":[516],"class_list":{"0":"post-32384","1":"product","2":"type-product","3":"status-publish","4":"has-post-thumbnail","6":"product_cat-imanes","7":"product_tag-animais","8":"pa_motivo-salamandras","10":"first","11":"instock","12":"shipping-taxable","13":"product-type-simple"},"acf":[],"_links":{"self":[{"href":"https:\/\/olemosaic.orbitalia.org\/pt-pt\/wp-json\/wp\/v2\/product\/32384","targetHints":{"allow":["GET"]}}],"collection":[{"href":"https:\/\/olemosaic.orbitalia.org\/pt-pt\/wp-json\/wp\/v2\/product"}],"about":[{"href":"https:\/\/olemosaic.orbitalia.org\/pt-pt\/wp-json\/wp\/v2\/types\/product"}],"wp:featuredmedia":[{"embeddable":true,"href":"https:\/\/olemosaic.orbitalia.org\/pt-pt\/wp-json\/wp\/v2\/media\/12897"}],"wp:attachment":[{"href":"https:\/\/olemosaic.orbitalia.org\/pt-pt\/wp-json\/wp\/v2\/media?parent=32384"}],"wp:term":[{"taxonomy":"product_brand","embeddable":true,"href":"https:\/\/olemosaic.orbitalia.org\/pt-pt\/wp-json\/wp\/v2\/product_brand?post=32384"},{"taxonomy":"product_cat","embeddable":true,"href":"https:\/\/olemosaic.orbitalia.org\/pt-pt\/wp-json\/wp\/v2\/product_cat?post=32384"},{"taxonomy":"product_tag","embeddable":true,"href":"https:\/\/olemosaic.orbitalia.org\/pt-pt\/wp-json\/wp\/v2\/product_tag?post=32384"}],"curies":[{"name":"wp","href":"https:\/\/api.w.org\/{rel}","templated":true}]}}