{"id":32380,"date":"2025-02-20T22:32:27","date_gmt":"2025-02-20T22:32:27","guid":{"rendered":"https:\/\/olemosaic.orbitalia.org\/producto\/iman-de-metal-toro-mallorca-8-cm\/"},"modified":"2025-07-25T20:26:35","modified_gmt":"2025-07-25T18:26:35","slug":"iman-de-metal-touro-maiorca-8-cm","status":"publish","type":"product","link":"https:\/\/olemosaic.orbitalia.org\/pt-pt\/produto\/iman-de-metal-touro-maiorca-8-cm\/","title":{"rendered":"\u00cdman de metal. Touro. Maiorca. 8 cm."},"content":{"rendered":"<p>Este \u00edman met\u00e1lico de 8 cm \u00e9 uma recorda\u00e7\u00e3o vibrante de Maiorca que evoca a rica tradi\u00e7\u00e3o cultural e art\u00edstica da ilha. O seu design destaca dois majestosos touros representados em mosaicos coloridos, que simbolizam a ess\u00eancia do folclore balear e a paix\u00e3o pela tauromaquia nesta regi\u00e3o. Com um fundo azul claro que real\u00e7a os tons intensos e quentes dos touros, este \u00edman torna-se uma obra de arte que cativa qualquer admirador.<\/p>\n<p>A representa\u00e7\u00e3o dos touros \u00e9 cuidadosamente elaborada com detalhes que refletem um estilo moderno e alegre, conferindo um toque art\u00edstico que complementa a beleza natural de Maiorca. Na parte superior do \u00edman, a palavra &#8220;MALLORCA&#8221; aparece em letras coloridas, enfatizando a sua liga\u00e7\u00e3o direta com a cultura local e tornando este artigo numa recorda\u00e7\u00e3o ideal para quem visitou a ilha.<\/p>\n<p>Na Ol\u00e9 Mosaic, dedicamo-nos \u00e0 distribui\u00e7\u00e3o de recorda\u00e7\u00f5es por grosso, e este \u00edman \u00e9 uma excelente op\u00e7\u00e3o para as lojas de presentes tur\u00edsticos que procuram oferecer produtos aut\u00eanticos e cheios de significado. Este \u00edman de touros n\u00e3o \u00e9 apenas um objeto decorativo, mas tamb\u00e9m um s\u00edmbolo representativo da vida em Maiorca, perfeito para levar um peda\u00e7o da ilha no dia a dia.<\/p>\n","protected":false},"excerpt":{"rendered":"<p>\u00cdman de metal de 8 cm com um design vibrante que mostra dois touros representados em mosaicos coloridos, um s\u00edmbolo da tradi\u00e7\u00e3o e cultura de Maiorca. A pe\u00e7a, com um fundo azul claro, real\u00e7a os tons intensos dos touros, oferecendo um toque art\u00edstico e alegre. A palavra &#8220;MALLORCA&#8221; aparece na parte superior em letras coloridas, acrescentando apelo visual a esta recorda\u00e7\u00e3o que captura a ess\u00eancia do folclore balear.<\/p>\n","protected":false},"featured_media":9972,"template":"","meta":{"_acf_changed":false},"product_brand":[],"product_cat":[699],"product_tag":[516],"class_list":{"0":"post-32380","1":"product","2":"type-product","3":"status-publish","4":"has-post-thumbnail","6":"product_cat-imanes","7":"product_tag-animais","8":"pa_ciudad-mallorca","9":"pa_motivo-touros","10":"pa_pais-espana","12":"first","13":"instock","14":"shipping-taxable","15":"product-type-simple"},"acf":[],"_links":{"self":[{"href":"https:\/\/olemosaic.orbitalia.org\/pt-pt\/wp-json\/wp\/v2\/product\/32380","targetHints":{"allow":["GET"]}}],"collection":[{"href":"https:\/\/olemosaic.orbitalia.org\/pt-pt\/wp-json\/wp\/v2\/product"}],"about":[{"href":"https:\/\/olemosaic.orbitalia.org\/pt-pt\/wp-json\/wp\/v2\/types\/product"}],"wp:featuredmedia":[{"embeddable":true,"href":"https:\/\/olemosaic.orbitalia.org\/pt-pt\/wp-json\/wp\/v2\/media\/9972"}],"wp:attachment":[{"href":"https:\/\/olemosaic.orbitalia.org\/pt-pt\/wp-json\/wp\/v2\/media?parent=32380"}],"wp:term":[{"taxonomy":"product_brand","embeddable":true,"href":"https:\/\/olemosaic.orbitalia.org\/pt-pt\/wp-json\/wp\/v2\/product_brand?post=32380"},{"taxonomy":"product_cat","embeddable":true,"href":"https:\/\/olemosaic.orbitalia.org\/pt-pt\/wp-json\/wp\/v2\/product_cat?post=32380"},{"taxonomy":"product_tag","embeddable":true,"href":"https:\/\/olemosaic.orbitalia.org\/pt-pt\/wp-json\/wp\/v2\/product_tag?post=32380"}],"curies":[{"name":"wp","href":"https:\/\/api.w.org\/{rel}","templated":true}]}}