{"id":32325,"date":"2025-02-20T22:32:25","date_gmt":"2025-02-20T22:32:25","guid":{"rendered":"https:\/\/olemosaic.orbitalia.org\/producto\/iman-de-metal-don-quijote-plata-8-cm\/"},"modified":"2025-07-25T19:23:50","modified_gmt":"2025-07-25T17:23:50","slug":"iman-de-metal-dom-quixote-prata-8-cm","status":"publish","type":"product","link":"https:\/\/olemosaic.orbitalia.org\/pt-pt\/produto\/iman-de-metal-dom-quixote-prata-8-cm\/","title":{"rendered":"\u00cdman de metal. Dom Quixote. Prata. 8 cm."},"content":{"rendered":"<p>Este \u00edman met\u00e1lico de 8 cm \u00e9 uma homenagem a Dom Quixote, uma das figuras mais emblem\u00e1ticas da literatura espanhola. Com um design vibrante que evoca a arte do mosaico, o \u00edman apresenta um colorido retrato do cavaleiro junto ao seu fiel Rocinante, capturando a ess\u00eancia desta figura lend\u00e1ria. O fundo verde resplandece com tonalidades alegres, enquanto um sol radiante brilha no canto superior, adicionando um toque de calor e otimismo \u00e0 composi\u00e7\u00e3o. O texto \u201cDOM QUIXOTE\u201d destaca-se com uma tipografia apelativa, sublinhando a sua import\u00e2ncia cultural como s\u00edmbolo da luta idealista.<\/p>\n<p>Esta pe\u00e7a n\u00e3o \u00e9 apenas uma recorda\u00e7\u00e3o atraente, mas um aut\u00eantico lembrete do rico patrim\u00f3nio liter\u00e1rio espanhol, que inspirou gera\u00e7\u00f5es com as suas li\u00e7\u00f5es sobre a coragem e a honra. Sendo um \u00edman de alta qualidade, \u00e9 perfeito para adornar qualquer superf\u00edcie met\u00e1lica, tornando-se um tema de conversa cativante para quem o exibe nas suas casas. Na Ol\u00e9 Mosaic, orgulhamo-nos de oferecer recorda\u00e7\u00f5es que refletem a cultura e a tradi\u00e7\u00e3o espanholas, e este \u00edman de Dom Quixote \u00e9 uma excelente op\u00e7\u00e3o para lojas de presentes tur\u00edsticos que procuram produtos aut\u00eanticos e representativos. Como grossistas de recorda\u00e7\u00f5es, garantimos a qualidade e o artesanato em cada uma das nossas pe\u00e7as, fazendo deste \u00edman um presente inesquec\u00edvel.<\/p>\n","protected":false},"excerpt":{"rendered":"<p>\u00cdman met\u00e1lico de 8 cm que representa Dom Quixote, uma das figuras mais emblem\u00e1ticas da literatura espanhola. Este colorido \u00edman apresenta um design inspirado na arte do mosaico, com tonalidades vibrantes que real\u00e7am o ic\u00f3nico cavaleiro junto ao seu fiel corcel. O fundo verde e o sol radiante adicionam um toque alegre, enquanto o texto &#8220;DOM QUIXOTE&#8221; sublinha a sua import\u00e2ncia cultural. Uma recorda\u00e7\u00e3o perfeita da tradi\u00e7\u00e3o liter\u00e1ria espanhola.<\/p>\n","protected":false},"featured_media":9886,"template":"","meta":{"_acf_changed":false},"product_brand":[],"product_cat":[699],"product_tag":[516],"class_list":{"0":"post-32325","1":"product","2":"type-product","3":"status-publish","4":"has-post-thumbnail","6":"product_cat-imanes","7":"product_tag-animais","8":"pa_motivo-dom-quixote","10":"first","11":"instock","12":"shipping-taxable","13":"product-type-simple"},"acf":[],"_links":{"self":[{"href":"https:\/\/olemosaic.orbitalia.org\/pt-pt\/wp-json\/wp\/v2\/product\/32325","targetHints":{"allow":["GET"]}}],"collection":[{"href":"https:\/\/olemosaic.orbitalia.org\/pt-pt\/wp-json\/wp\/v2\/product"}],"about":[{"href":"https:\/\/olemosaic.orbitalia.org\/pt-pt\/wp-json\/wp\/v2\/types\/product"}],"wp:featuredmedia":[{"embeddable":true,"href":"https:\/\/olemosaic.orbitalia.org\/pt-pt\/wp-json\/wp\/v2\/media\/9886"}],"wp:attachment":[{"href":"https:\/\/olemosaic.orbitalia.org\/pt-pt\/wp-json\/wp\/v2\/media?parent=32325"}],"wp:term":[{"taxonomy":"product_brand","embeddable":true,"href":"https:\/\/olemosaic.orbitalia.org\/pt-pt\/wp-json\/wp\/v2\/product_brand?post=32325"},{"taxonomy":"product_cat","embeddable":true,"href":"https:\/\/olemosaic.orbitalia.org\/pt-pt\/wp-json\/wp\/v2\/product_cat?post=32325"},{"taxonomy":"product_tag","embeddable":true,"href":"https:\/\/olemosaic.orbitalia.org\/pt-pt\/wp-json\/wp\/v2\/product_tag?post=32325"}],"curies":[{"name":"wp","href":"https:\/\/api.w.org\/{rel}","templated":true}]}}