{"id":32228,"date":"2025-02-20T22:32:23","date_gmt":"2025-02-20T22:32:23","guid":{"rendered":"https:\/\/olemosaic.orbitalia.org\/producto\/iman-de-metal-dragon-barcelona-8-cm\/"},"modified":"2025-07-25T18:47:48","modified_gmt":"2025-07-25T16:47:48","slug":"iman-de-metal-dragao-barcelona-8-cm","status":"publish","type":"product","link":"https:\/\/olemosaic.orbitalia.org\/pt-pt\/produto\/iman-de-metal-dragao-barcelona-8-cm\/","title":{"rendered":"\u00cdman de metal. Drag\u00e3o. Barcelona. 8 cm."},"content":{"rendered":"<p>Este \u00edman met\u00e1lico de 8 cm \u00e9 uma aut\u00eantica homenagem ao emblem\u00e1tico drag\u00e3o do Park G\u00fcell de Barcelona, uma das obras-primas do arquiteto Antoni Gaud\u00ed, conhecido pelo seu estilo singular e colorido. O \u00edman apresenta um design vibrante de mosaico que capta a ess\u00eancia do famoso r\u00e9ptil cer\u00e2mico, caracterizado pelas suas cores chamativas e formas sinuosas, que refletem a magia arquitet\u00f3nica da cidade. A composi\u00e7\u00e3o gr\u00e1fica n\u00e3o s\u00f3 destaca o drag\u00e3o, como o situa num ambiente natural, rodeado de elementos que evocam o esp\u00edrito l\u00fadico e org\u00e2nico do Park G\u00fcell. O fundo azul, que evoca o c\u00e9u de Barcelona, oferece um contraste perfeito com as cores vivas do drag\u00e3o, enquanto o nome &#8220;Barcelona&#8221; se apresenta em letras chamativas, garantindo que esta recorda\u00e7\u00e3o seja um aut\u00eantico s\u00edmbolo da cultura catal\u00e3.<\/p>\n<p>Este \u00edman n\u00e3o \u00e9 apenas um objeto decorativo, mas uma recorda\u00e7\u00e3o significativa que evoca a hist\u00f3ria e a riqueza cultural de Barcelona. Como distribuidor grossista de souvenirs, a Ol\u00e9 Mosaic oferece produtos aut\u00eanticos que real\u00e7am a diversidade e o encanto de cada destino. Este \u00edman do drag\u00e3o \u00e9 uma op\u00e7\u00e3o ideal para os turistas que procuram levar um peda\u00e7o da beleza de Barcelona, tornando-se uma pe\u00e7a perfeita para as lojas de presentes tur\u00edsticos que desejem oferecer recorda\u00e7\u00f5es de alta qualidade e relev\u00e2ncia cultural.<\/p>\n","protected":false},"excerpt":{"rendered":"<p>\u00cdman met\u00e1lico de 8 cm inspirado no famoso drag\u00e3o do Parque G\u00fcell de Barcelona. Este \u00edman apresenta um design vibrante de mosaico, com cores brilhantes que representam a ic\u00f3nica escultura. A base mostra uma composi\u00e7\u00e3o gr\u00e1fica que destaca o drag\u00e3o num ambiente natural, complementada por um fundo azul que evoca o c\u00e9u da cidade. O nome &#8220;Barcelona&#8221; aparece em letras chamativas, o que torna este souvenir uma pe\u00e7a \u00fanica e representativa da cultura catal\u00e3.<\/p>\n","protected":false},"featured_media":11400,"template":"","meta":{"_acf_changed":false},"product_brand":[],"product_cat":[699],"product_tag":[],"class_list":{"0":"post-32228","1":"product","2":"type-product","3":"status-publish","4":"has-post-thumbnail","6":"product_cat-imanes","7":"pa_ciudad-barcelona","8":"pa_motivo-dragao","9":"pa_pais-espana","11":"first","12":"instock","13":"shipping-taxable","14":"product-type-simple"},"acf":[],"_links":{"self":[{"href":"https:\/\/olemosaic.orbitalia.org\/pt-pt\/wp-json\/wp\/v2\/product\/32228","targetHints":{"allow":["GET"]}}],"collection":[{"href":"https:\/\/olemosaic.orbitalia.org\/pt-pt\/wp-json\/wp\/v2\/product"}],"about":[{"href":"https:\/\/olemosaic.orbitalia.org\/pt-pt\/wp-json\/wp\/v2\/types\/product"}],"wp:featuredmedia":[{"embeddable":true,"href":"https:\/\/olemosaic.orbitalia.org\/pt-pt\/wp-json\/wp\/v2\/media\/11400"}],"wp:attachment":[{"href":"https:\/\/olemosaic.orbitalia.org\/pt-pt\/wp-json\/wp\/v2\/media?parent=32228"}],"wp:term":[{"taxonomy":"product_brand","embeddable":true,"href":"https:\/\/olemosaic.orbitalia.org\/pt-pt\/wp-json\/wp\/v2\/product_brand?post=32228"},{"taxonomy":"product_cat","embeddable":true,"href":"https:\/\/olemosaic.orbitalia.org\/pt-pt\/wp-json\/wp\/v2\/product_cat?post=32228"},{"taxonomy":"product_tag","embeddable":true,"href":"https:\/\/olemosaic.orbitalia.org\/pt-pt\/wp-json\/wp\/v2\/product_tag?post=32228"}],"curies":[{"name":"wp","href":"https:\/\/api.w.org\/{rel}","templated":true}]}}