{"id":32120,"date":"2025-02-20T23:32:18","date_gmt":"2025-02-20T22:32:18","guid":{"rendered":"https:\/\/olemosaic.orbitalia.org\/producto\/iman-de-metal-panoramica-marbella-8-cm\/"},"modified":"2025-07-25T18:59:09","modified_gmt":"2025-07-25T16:59:09","slug":"iman-de-metal-panoramica-marbella-8-cm-pt-pt","status":"publish","type":"product","link":"https:\/\/olemosaic.orbitalia.org\/pt-pt\/produto\/iman-de-metal-panoramica-marbella-8-cm-pt-pt\/","title":{"rendered":"\u00cdman de metal. Panor\u00e2mica. Marbella. 8 cm."},"content":{"rendered":"<p>Este \u00edman met\u00e1lico, com uma vibrante panor\u00e2mica de Marbella, \u00e9 a recorda\u00e7\u00e3o perfeita para quem deseja levar um pouco do encanto andaluz. Com um tamanho de 8 cm, este atraente \u00edman apresenta uma ilustra\u00e7\u00e3o colorida que capta a ess\u00eancia de uma pra\u00e7a t\u00edpica de Marbella. No centro, destaca-se uma fonte rodeada de plantas encantadoras e a arquitetura branca que caracteriza a regi\u00e3o. As letras que formam o nome &#8220;Marbella&#8221; foram desenhadas em tons brilhantes, atraindo o olhar e proporcionando um contraste visual que real\u00e7a o design.<\/p>\n<p>Cada detalhe deste \u00edman foi pintado \u00e0 m\u00e3o, o que reflete n\u00e3o s\u00f3 a beleza do local, mas tamb\u00e9m a arte e o folclore local. A rica tradi\u00e7\u00e3o de mosaicos da Andaluzia est\u00e1 presente neste design, evocando a hist\u00f3ria e o ambiente vibrante de Marbella. Este \u00edman n\u00e3o \u00e9 apenas um acess\u00f3rio decorativo, mas um aut\u00eantico souvenir que encapsula a cultura e a vida desta bela cidade costeira.<\/p>\n<p>Na Ol\u00e9 Mosaic, somos distribuidores de souvenirs por grosso, oferecendo produtos que celebram a identidade cultural de Espanha. Este \u00edman de Marbella destaca-se como uma excelente op\u00e7\u00e3o para lojas de presentes tur\u00edsticos que procuram artigos que combinem qualidade e autenticidade, tornando cada compra uma experi\u00eancia \u00fanica para os turistas.<\/p>\n","protected":false},"excerpt":{"rendered":"<p>\u00cdman met\u00e1lico de 8 cm com uma vibrante panor\u00e2mica de Marbella. Este atraente \u00edman apresenta uma ilustra\u00e7\u00e3o colorida de uma pra\u00e7a andaluza com uma fonte e detalhes de mosaico, que capta a ess\u00eancia do encantador ambiente de Marbella. Destacam-se letras em tons brilhantes que formam o nome &#8220;Marbella&#8221;, emolduradas por um fundo repleto de plantas e arquitetura t\u00edpica da regi\u00e3o. O seu design artesanal, pintado \u00e0 m\u00e3o, real\u00e7a a beleza e o folclore local, tornando-o uma recorda\u00e7\u00e3o perfeita.<\/p>\n","protected":false},"featured_media":9884,"template":"","meta":{"_acf_changed":false},"product_brand":[],"product_cat":[699],"product_tag":[],"class_list":{"0":"post-32120","1":"product","2":"type-product","3":"status-publish","4":"has-post-thumbnail","6":"product_cat-imanes","7":"pa_ciudad-marbella","8":"pa_motivo-panoramas","9":"pa_pais-espana","11":"first","12":"instock","13":"shipping-taxable","14":"product-type-simple"},"acf":[],"_links":{"self":[{"href":"https:\/\/olemosaic.orbitalia.org\/pt-pt\/wp-json\/wp\/v2\/product\/32120","targetHints":{"allow":["GET"]}}],"collection":[{"href":"https:\/\/olemosaic.orbitalia.org\/pt-pt\/wp-json\/wp\/v2\/product"}],"about":[{"href":"https:\/\/olemosaic.orbitalia.org\/pt-pt\/wp-json\/wp\/v2\/types\/product"}],"wp:featuredmedia":[{"embeddable":true,"href":"https:\/\/olemosaic.orbitalia.org\/pt-pt\/wp-json\/wp\/v2\/media\/9884"}],"wp:attachment":[{"href":"https:\/\/olemosaic.orbitalia.org\/pt-pt\/wp-json\/wp\/v2\/media?parent=32120"}],"wp:term":[{"taxonomy":"product_brand","embeddable":true,"href":"https:\/\/olemosaic.orbitalia.org\/pt-pt\/wp-json\/wp\/v2\/product_brand?post=32120"},{"taxonomy":"product_cat","embeddable":true,"href":"https:\/\/olemosaic.orbitalia.org\/pt-pt\/wp-json\/wp\/v2\/product_cat?post=32120"},{"taxonomy":"product_tag","embeddable":true,"href":"https:\/\/olemosaic.orbitalia.org\/pt-pt\/wp-json\/wp\/v2\/product_tag?post=32120"}],"curies":[{"name":"wp","href":"https:\/\/api.w.org\/{rel}","templated":true}]}}