{"id":32119,"date":"2025-02-20T23:32:18","date_gmt":"2025-02-20T22:32:18","guid":{"rendered":"https:\/\/olemosaic.orbitalia.org\/producto\/iman-de-metal-panoramica-barcelona-negro-8-cm-3\/"},"modified":"2025-07-25T20:41:54","modified_gmt":"2025-07-25T18:41:54","slug":"iman-de-metal-panoramica-barcelona-preto-8-cm-3","status":"publish","type":"product","link":"https:\/\/olemosaic.orbitalia.org\/pt-pt\/produto\/iman-de-metal-panoramica-barcelona-preto-8-cm-3\/","title":{"rendered":"\u00cdman de metal. Panor\u00e2mica. Parque G\u00fcell. Barcelona. Preto. 8 cm."},"content":{"rendered":"<p>Este \u00edman met\u00e1lico com uma vibrante panor\u00e2mica de Barcelona \u00e9 uma cativante representa\u00e7\u00e3o da ess\u00eancia desta emblem\u00e1tica cidade. Com 8 cm de tamanho, o \u00edman apresenta um design colorido que destaca alguns dos monumentos mais ic\u00f3nicos de Barcelona, como a majestosa Sagrada Fam\u00edlia e o inovador Parque G\u00fcell, tudo num estilo art\u00edstico de mosaico que evoca a rica heran\u00e7a cultural da regi\u00e3o. O seu fundo preto real\u00e7a as cores brilhantes das ilustra\u00e7\u00f5es, criando um atraente contraste visual que capta a aten\u00e7\u00e3o de qualquer pessoa. O texto &#8220;I \u2665 Barcelona&#8221; complementa o design de forma moderna, tornando-o uma recorda\u00e7\u00e3o perfeita para quem explorou as ruas e a arquitetura desta maravilha mediterr\u00e2nica.<\/p>\n<p>Este \u00edman n\u00e3o \u00e9 apenas um objeto decorativo, mas um aut\u00eantico souvenir que encapsula o esp\u00edrito vibrante de Barcelona. Representa a criatividade da sua arquitetura e o amor pela cidade, sendo uma excelente op\u00e7\u00e3o para turistas que procuram uma recorda\u00e7\u00e3o significativa da sua visita. Na Ol\u00e9 Mosaic, como distribuidores de souvenirs por grosso, oferecemos este \u00edman como uma maravilhosa op\u00e7\u00e3o para lojas de presentes tur\u00edsticos que desejem proporcionar aos seus clientes uma pe\u00e7a aut\u00eantica que celebre a riqueza cultural e art\u00edstica de Barcelona. Ideal para quem procura um toque desta cidade cheia de vida na sua casa.<\/p>\n","protected":false},"excerpt":{"rendered":"<p>\u00cdman de metal de 8 cm com uma vibrante panor\u00e2mica de Barcelona. Este atraente \u00edman apresenta um design colorido inspirado nos emblem\u00e1ticos monumentos da cidade, como a Sagrada Fam\u00edlia e o Parque G\u00fcell, tudo num estilo de mosaico. Com um fundo preto que contrasta com as cores brilhantes, inclui o texto &#8220;I \u2665 Barcelona&#8221;, captando a ess\u00eancia da cidade de forma art\u00edstica e moderna. Ideal como recorda\u00e7\u00e3o das suas viagens ou como presente.<\/p>\n","protected":false},"featured_media":11412,"template":"","meta":{"_acf_changed":false},"product_brand":[],"product_cat":[699],"product_tag":[],"class_list":{"0":"post-32119","1":"product","2":"type-product","3":"status-publish","4":"has-post-thumbnail","6":"product_cat-imanes","7":"pa_ciudad-barcelona","8":"pa_motivo-panoramas","9":"pa_pais-espana","11":"first","12":"instock","13":"shipping-taxable","14":"product-type-simple"},"acf":[],"_links":{"self":[{"href":"https:\/\/olemosaic.orbitalia.org\/pt-pt\/wp-json\/wp\/v2\/product\/32119","targetHints":{"allow":["GET"]}}],"collection":[{"href":"https:\/\/olemosaic.orbitalia.org\/pt-pt\/wp-json\/wp\/v2\/product"}],"about":[{"href":"https:\/\/olemosaic.orbitalia.org\/pt-pt\/wp-json\/wp\/v2\/types\/product"}],"wp:featuredmedia":[{"embeddable":true,"href":"https:\/\/olemosaic.orbitalia.org\/pt-pt\/wp-json\/wp\/v2\/media\/11412"}],"wp:attachment":[{"href":"https:\/\/olemosaic.orbitalia.org\/pt-pt\/wp-json\/wp\/v2\/media?parent=32119"}],"wp:term":[{"taxonomy":"product_brand","embeddable":true,"href":"https:\/\/olemosaic.orbitalia.org\/pt-pt\/wp-json\/wp\/v2\/product_brand?post=32119"},{"taxonomy":"product_cat","embeddable":true,"href":"https:\/\/olemosaic.orbitalia.org\/pt-pt\/wp-json\/wp\/v2\/product_cat?post=32119"},{"taxonomy":"product_tag","embeddable":true,"href":"https:\/\/olemosaic.orbitalia.org\/pt-pt\/wp-json\/wp\/v2\/product_tag?post=32119"}],"curies":[{"name":"wp","href":"https:\/\/api.w.org\/{rel}","templated":true}]}}