{"id":32117,"date":"2025-02-20T22:32:18","date_gmt":"2025-02-20T22:32:18","guid":{"rendered":"https:\/\/olemosaic.orbitalia.org\/producto\/iman-de-metal-panoramica-barcelona-negro-11-cm\/"},"modified":"2025-07-25T18:56:47","modified_gmt":"2025-07-25T16:56:47","slug":"iman-de-metal-panoramica-barcelona-preto-11-cm","status":"publish","type":"product","link":"https:\/\/olemosaic.orbitalia.org\/pt-pt\/produto\/iman-de-metal-panoramica-barcelona-preto-11-cm\/","title":{"rendered":"\u00cdman de metal. Panor\u00e2mica. Barcelona. Preto. 11 cm."},"content":{"rendered":"<p>Este \u00edman met\u00e1lico, com uma vibrante panor\u00e2mica de Barcelona, \u00e9 uma recorda\u00e7\u00e3o imprescind\u00edvel para quem deseja levar um peda\u00e7o desta emblem\u00e1tica cidade mediterr\u00e2nica. Com os seus 11 cm, este atraente \u00edman apresenta um design colorido e estilizado que capta a ess\u00eancia dos monumentos mais ic\u00f3nicos de Barcelona, como a majestosa Sagrada Fam\u00edlia e o deslumbrante Parc G\u00fcell. As brilhantes tonalidades em mosaico destacam-se espetacularmente sobre o fundo preto, criando um efeito visual que atrai a aten\u00e7\u00e3o e evoca a riqueza cultural da capital catal\u00e3. O nome &#8220;Barcelona&#8221; \u00e9 exibido em letras grandes, real\u00e7ando ainda mais a identidade local e o seu estilo reconhec\u00edvel.<\/p>\n<p>Este \u00edman n\u00e3o \u00e9 apenas uma pe\u00e7a funcional para manter as suas recorda\u00e7\u00f5es vis\u00edveis no frigor\u00edfico, mas tamb\u00e9m representa um aut\u00eantico s\u00edmbolo da arte e da arquitetura da cidade, ideal para turistas que procuram souvenirs \u00fanicos. O seu fabrico em metal garante durabilidade, tornando-o uma recorda\u00e7\u00e3o permanente de uma visita a um dos destinos mais desejados da Europa. Na Ol\u00e9 Mosaic, especializados na distribui\u00e7\u00e3o de souvenirs por grosso, asseguramos que este \u00edman de Barcelona seja uma excelente op\u00e7\u00e3o para lojas de presentes tur\u00edsticos que oferecem produtos que celebram o patrim\u00f3nio cultural espanhol. Perfeito para quem procura souvenirs de qualidade que reflitam a ess\u00eancia de Barcelona.<\/p>\n","protected":false},"excerpt":{"rendered":"<p>\u00cdman de metal com uma vibrante panor\u00e2mica de Barcelona, de 11 cm. Este atraente souvenir apresenta um design colorido e estilizado, inspirado nos monumentos mais emblem\u00e1ticos da cidade, como a Sagrada Fam\u00edlia e o Parc G\u00fcell. As cores brilhantes em mosaico contrastam com o fundo preto, criando um efeito visual apelativo. O nome &#8220;Barcelona&#8221; destaca-se em letras grandes, captando a ess\u00eancia cultural desta emblem\u00e1tica cidade mediterr\u00e2nica.<\/p>\n","protected":false},"featured_media":8792,"template":"","meta":{"_acf_changed":false},"product_brand":[],"product_cat":[699],"product_tag":[],"class_list":{"0":"post-32117","1":"product","2":"type-product","3":"status-publish","4":"has-post-thumbnail","6":"product_cat-imanes","7":"pa_ciudad-barcelona","8":"pa_motivo-panoramas","9":"pa_pais-espana","11":"first","12":"instock","13":"shipping-taxable","14":"product-type-simple"},"acf":[],"_links":{"self":[{"href":"https:\/\/olemosaic.orbitalia.org\/pt-pt\/wp-json\/wp\/v2\/product\/32117","targetHints":{"allow":["GET"]}}],"collection":[{"href":"https:\/\/olemosaic.orbitalia.org\/pt-pt\/wp-json\/wp\/v2\/product"}],"about":[{"href":"https:\/\/olemosaic.orbitalia.org\/pt-pt\/wp-json\/wp\/v2\/types\/product"}],"wp:featuredmedia":[{"embeddable":true,"href":"https:\/\/olemosaic.orbitalia.org\/pt-pt\/wp-json\/wp\/v2\/media\/8792"}],"wp:attachment":[{"href":"https:\/\/olemosaic.orbitalia.org\/pt-pt\/wp-json\/wp\/v2\/media?parent=32117"}],"wp:term":[{"taxonomy":"product_brand","embeddable":true,"href":"https:\/\/olemosaic.orbitalia.org\/pt-pt\/wp-json\/wp\/v2\/product_brand?post=32117"},{"taxonomy":"product_cat","embeddable":true,"href":"https:\/\/olemosaic.orbitalia.org\/pt-pt\/wp-json\/wp\/v2\/product_cat?post=32117"},{"taxonomy":"product_tag","embeddable":true,"href":"https:\/\/olemosaic.orbitalia.org\/pt-pt\/wp-json\/wp\/v2\/product_tag?post=32117"}],"curies":[{"name":"wp","href":"https:\/\/api.w.org\/{rel}","templated":true}]}}