{"id":32115,"date":"2025-02-20T23:32:18","date_gmt":"2025-02-20T22:32:18","guid":{"rendered":"https:\/\/olemosaic.orbitalia.org\/producto\/iman-de-metal-panoramica-barcelona-8-cm-7\/"},"modified":"2025-07-25T20:39:12","modified_gmt":"2025-07-25T18:39:12","slug":"iman-de-metal-panoramica-barcelona-8-cm-7-pt-pt","status":"publish","type":"product","link":"https:\/\/olemosaic.orbitalia.org\/pt-pt\/produto\/iman-de-metal-panoramica-barcelona-8-cm-7-pt-pt\/","title":{"rendered":"\u00cdman de metal. Panor\u00e2mica. Arquitetura Gaud\u00ed. Barcelona. 8 cm."},"content":{"rendered":"<p>Este \u00edman met\u00e1lico, com uma vibrante panor\u00e2mica de Barcelona, \u00e9 a recorda\u00e7\u00e3o perfeita para evocar a alegria e a beleza desta ic\u00f3nica cidade mediterr\u00e2nica. Com um tamanho de 8 cm, apresenta um design colorido inspirado no famoso mosaico de Gaud\u00ed, que integra elementos emblem\u00e1ticos como a majestosa Sagrada Fam\u00edlia, o maravilhoso Parque G\u00fcell e outros edif\u00edcios representativos da arquitetura modernista da cidade. O fundo azul claro confere um toque fresco e luminoso, enquanto a moldura multicolor emoldura a cena com uma explos\u00e3o de cores que celebram a criatividade barcelonesa. Na parte superior, o ic\u00f3nico texto &#8220;I \u2665 Barcelona&#8221; destaca-se, tornando este \u00edman n\u00e3o apenas uma recorda\u00e7\u00e3o, mas uma declara\u00e7\u00e3o de amor \u00e0 cidade.<\/p>\n<p>Este \u00edman n\u00e3o \u00e9 apenas um objeto decorativo, mas um s\u00edmbolo da rica heran\u00e7a cultural que Barcelona oferece aos seus visitantes. Ideal para quem deseja levar um peda\u00e7o da cidade para casa, este souvenir \u00e9 uma excelente op\u00e7\u00e3o para turistas que procuram produtos aut\u00eanticos que representem a sua experi\u00eancia em Barcelona. Na Ol\u00e9 Mosaic, como distribuidores de souvenirs por grosso, oferecemos este \u00edman de Barcelona, garantindo qualidade e autenticidade para lojas de presentes tur\u00edsticos que desejem destacar o melhor da cultura espanhola.<\/p>\n","protected":false},"excerpt":{"rendered":"<p>\u00cdman met\u00e1lico de 8 cm com uma vibrante panor\u00e2mica de Barcelona. Este \u00edman colorido apresenta um design inspirado no famoso mosaico de Gaud\u00ed, mostrando a Sagrada Fam\u00edlia, o Parque G\u00fcell e outros edif\u00edcios emblem\u00e1ticos da cidade. Decorado com um fundo azul claro e rodeado por uma moldura multicolor, inclui o ic\u00f3nico texto &#8220;I \u2665 Barcelona&#8221;. Ideal para recordar a beleza desta cidade mediterr\u00e2nica.<\/p>\n","protected":false},"featured_media":11430,"template":"","meta":{"_acf_changed":false},"product_brand":[],"product_cat":[699],"product_tag":[],"class_list":{"0":"post-32115","1":"product","2":"type-product","3":"status-publish","4":"has-post-thumbnail","6":"product_cat-imanes","7":"pa_ciudad-barcelona","8":"pa_motivo-panoramas","9":"pa_pais-espana","11":"first","12":"instock","13":"shipping-taxable","14":"product-type-simple"},"acf":[],"_links":{"self":[{"href":"https:\/\/olemosaic.orbitalia.org\/pt-pt\/wp-json\/wp\/v2\/product\/32115","targetHints":{"allow":["GET"]}}],"collection":[{"href":"https:\/\/olemosaic.orbitalia.org\/pt-pt\/wp-json\/wp\/v2\/product"}],"about":[{"href":"https:\/\/olemosaic.orbitalia.org\/pt-pt\/wp-json\/wp\/v2\/types\/product"}],"wp:featuredmedia":[{"embeddable":true,"href":"https:\/\/olemosaic.orbitalia.org\/pt-pt\/wp-json\/wp\/v2\/media\/11430"}],"wp:attachment":[{"href":"https:\/\/olemosaic.orbitalia.org\/pt-pt\/wp-json\/wp\/v2\/media?parent=32115"}],"wp:term":[{"taxonomy":"product_brand","embeddable":true,"href":"https:\/\/olemosaic.orbitalia.org\/pt-pt\/wp-json\/wp\/v2\/product_brand?post=32115"},{"taxonomy":"product_cat","embeddable":true,"href":"https:\/\/olemosaic.orbitalia.org\/pt-pt\/wp-json\/wp\/v2\/product_cat?post=32115"},{"taxonomy":"product_tag","embeddable":true,"href":"https:\/\/olemosaic.orbitalia.org\/pt-pt\/wp-json\/wp\/v2\/product_tag?post=32115"}],"curies":[{"name":"wp","href":"https:\/\/api.w.org\/{rel}","templated":true}]}}