{"id":32023,"date":"2025-02-20T22:32:14","date_gmt":"2025-02-20T22:32:14","guid":{"rendered":"https:\/\/olemosaic.orbitalia.org\/producto\/iman-de-metal-panoramica-barcelona-11-cm\/"},"modified":"2025-07-25T20:02:49","modified_gmt":"2025-07-25T18:02:49","slug":"iman-de-metal-panoramica-barcelona-11-cm-pt-pt","status":"publish","type":"product","link":"https:\/\/olemosaic.orbitalia.org\/pt-pt\/produto\/iman-de-metal-panoramica-barcelona-11-cm-pt-pt\/","title":{"rendered":"\u00cdman de metal. Panor\u00e2mica. Barcelona. 11 cm."},"content":{"rendered":"<p>Este \u00edman met\u00e1lico com a panor\u00e2mica de Barcelona \u00e9 uma recorda\u00e7\u00e3o vibrante e colorida que capta a ess\u00eancia da ic\u00f3nica cidade. Com 11 cm de comprimento, apresenta uma ilustra\u00e7\u00e3o detalhada e art\u00edstica dos emblem\u00e1ticos monumentos barceloneses, como a Sagrada Fam\u00edlia e o Parque G\u00fcell, realizados num estilo que evoca o famoso trencad\u00eds, a t\u00e9cnica de mosaico utilizada pelo arquiteto Antoni Gaud\u00ed. A parte superior do \u00edman destaca o nome &#8220;Barcelona&#8221; numa tipografia estilizada, que complementa a cena com a sua rica paleta de cores vivas, reflexo da singularidade arquitet\u00f3nica e cultural da cidade.<\/p>\n<p>Este \u00edman n\u00e3o s\u00f3 serve como um atraente objeto decorativo, como tamb\u00e9m representa uma pe\u00e7a aut\u00eantica da cultura catal\u00e3, ideal para turistas que procuram um souvenir representativo. O seu design evoca a beleza de Barcelona e permite aos visitantes levar para casa um peda\u00e7o do seu assombroso patrim\u00f3nio arquitet\u00f3nico. Na Ol\u00e9 Mosaic, especializamo-nos na distribui\u00e7\u00e3o de souvenirs por grosso, e este \u00edman de Barcelona \u00e9 uma excelente op\u00e7\u00e3o para lojas de presentes tur\u00edsticos que procuram oferecer produtos aut\u00eanticos e de qualidade. Perfeito para quem deseja uma recorda\u00e7\u00e3o que combine arte e cultura, este \u00edman \u00e9 uma op\u00e7\u00e3o ideal para fomentar o apre\u00e7o pelos souvenirs de Barcelona.<\/p>\n","protected":false},"excerpt":{"rendered":"<p>\u00cdman de metal com uma vibrante panor\u00e2mica de Barcelona, de 11 cm. Esta atraente recorda\u00e7\u00e3o apresenta uma colorida ilustra\u00e7\u00e3o dos monumentos mais emblem\u00e1ticos da cidade, como a Sagrada Fam\u00edlia e o Parque G\u00fcell, num estilo que evoca o trencad\u00eds. Na parte superior, o texto &#8220;Barcelona&#8221;, com uma tipografia estilizada, complementa a cena com um rico mosaico de cores vivas que capta a ess\u00eancia cultural e arquitet\u00f3nica da cidade.<\/p>\n","protected":false},"featured_media":8995,"template":"","meta":{"_acf_changed":false},"product_brand":[],"product_cat":[699],"product_tag":[],"class_list":{"0":"post-32023","1":"product","2":"type-product","3":"status-publish","4":"has-post-thumbnail","6":"product_cat-imanes","7":"pa_ciudad-barcelona","8":"pa_motivo-panoramas","9":"pa_pais-espana","11":"first","12":"instock","13":"shipping-taxable","14":"product-type-simple"},"acf":[],"_links":{"self":[{"href":"https:\/\/olemosaic.orbitalia.org\/pt-pt\/wp-json\/wp\/v2\/product\/32023","targetHints":{"allow":["GET"]}}],"collection":[{"href":"https:\/\/olemosaic.orbitalia.org\/pt-pt\/wp-json\/wp\/v2\/product"}],"about":[{"href":"https:\/\/olemosaic.orbitalia.org\/pt-pt\/wp-json\/wp\/v2\/types\/product"}],"wp:featuredmedia":[{"embeddable":true,"href":"https:\/\/olemosaic.orbitalia.org\/pt-pt\/wp-json\/wp\/v2\/media\/8995"}],"wp:attachment":[{"href":"https:\/\/olemosaic.orbitalia.org\/pt-pt\/wp-json\/wp\/v2\/media?parent=32023"}],"wp:term":[{"taxonomy":"product_brand","embeddable":true,"href":"https:\/\/olemosaic.orbitalia.org\/pt-pt\/wp-json\/wp\/v2\/product_brand?post=32023"},{"taxonomy":"product_cat","embeddable":true,"href":"https:\/\/olemosaic.orbitalia.org\/pt-pt\/wp-json\/wp\/v2\/product_cat?post=32023"},{"taxonomy":"product_tag","embeddable":true,"href":"https:\/\/olemosaic.orbitalia.org\/pt-pt\/wp-json\/wp\/v2\/product_tag?post=32023"}],"curies":[{"name":"wp","href":"https:\/\/api.w.org\/{rel}","templated":true}]}}