{"id":32022,"date":"2025-02-20T23:32:14","date_gmt":"2025-02-20T22:32:14","guid":{"rendered":"https:\/\/olemosaic.orbitalia.org\/producto\/iman-de-metal-panoramica-barcelona-8-cm-3\/"},"modified":"2025-07-25T20:20:31","modified_gmt":"2025-07-25T18:20:31","slug":"iman-de-metal-panoramica-barcelona-8-cm-3-pt-pt","status":"publish","type":"product","link":"https:\/\/olemosaic.orbitalia.org\/pt-pt\/produto\/iman-de-metal-panoramica-barcelona-8-cm-3-pt-pt\/","title":{"rendered":"\u00cdman de metal. Panor\u00e2mica. Parc G\u00fcell. Barcelona. 8 cm."},"content":{"rendered":"<p>Este \u00edman met\u00e1lico com a panor\u00e2mica de Barcelona \u00e9 o souvenir perfeito para quem deseja levar um pedacinho da vibrante cultura catal\u00e3 para casa. Com dimens\u00f5es de 8 cm, este atraente \u00edman apresenta uma ilustra\u00e7\u00e3o cativante que destaca algumas das estruturas mais ic\u00f3nicas da cidade, como a majestosa Sagrada Fam\u00edlia e o famoso drag\u00e3o de mosaico do Park G\u00fcell. A composi\u00e7\u00e3o visual \u00e9 enriquecida com uma paleta de cores brilhantes que real\u00e7a os mosaicos distintivos que adornam muitas das obras de Gaud\u00ed, celebrando assim o seu legado art\u00edstico.<\/p>\n<p>Os detalhes meticulosamente plasmados no \u00edman n\u00e3o s\u00f3 captam a ess\u00eancia arquitet\u00f3nica de Barcelona, como tamb\u00e9m evocam a atmosfera festiva desta cidade cosmopolita. Ideal para adornar qualquer superf\u00edcie met\u00e1lica em casa, este \u00edman \u00e9 uma excelente op\u00e7\u00e3o para quem procura souvenirs de qualidade e relev\u00e2ncia cultural, tornando-se uma recorda\u00e7\u00e3o constante das maravilhas que Barcelona oferece. Na Ol\u00e9 Mosaic, como grossistas de souvenirs, oferecemos produtos aut\u00eanticos e de design que destacam o patrim\u00f3nio cultural de cada regi\u00e3o. Este \u00edman n\u00e3o \u00e9 um simples acess\u00f3rio, mas um testemunho da rica tradi\u00e7\u00e3o art\u00edstica que caracteriza esta emblem\u00e1tica cidade.<\/p>\n","protected":false},"excerpt":{"rendered":"<p>\u00cdman met\u00e1lico com uma vibrante panor\u00e2mica de Barcelona, de 8 cm. Este atraente \u00edman apresenta uma colorida ilustra\u00e7\u00e3o inspirada nas ic\u00f3nicas estruturas da cidade, como a Sagrada Fam\u00edlia e o famoso drag\u00e3o de mosaico do Park G\u00fcell. Com um design que real\u00e7a os mosaicos distintivos e uma brilhante paleta de cores, \u00e9 o souvenir perfeito que capta a ess\u00eancia art\u00edstica de Barcelona, ideal para decorar qualquer superf\u00edcie met\u00e1lica da casa.<\/p>\n","protected":false},"featured_media":11426,"template":"","meta":{"_acf_changed":false},"product_brand":[],"product_cat":[699],"product_tag":[],"class_list":{"0":"post-32022","1":"product","2":"type-product","3":"status-publish","4":"has-post-thumbnail","6":"product_cat-imanes","7":"pa_ciudad-barcelona","8":"pa_motivo-panoramas","9":"pa_pais-espana","11":"first","12":"instock","13":"shipping-taxable","14":"product-type-simple"},"acf":[],"_links":{"self":[{"href":"https:\/\/olemosaic.orbitalia.org\/pt-pt\/wp-json\/wp\/v2\/product\/32022","targetHints":{"allow":["GET"]}}],"collection":[{"href":"https:\/\/olemosaic.orbitalia.org\/pt-pt\/wp-json\/wp\/v2\/product"}],"about":[{"href":"https:\/\/olemosaic.orbitalia.org\/pt-pt\/wp-json\/wp\/v2\/types\/product"}],"wp:featuredmedia":[{"embeddable":true,"href":"https:\/\/olemosaic.orbitalia.org\/pt-pt\/wp-json\/wp\/v2\/media\/11426"}],"wp:attachment":[{"href":"https:\/\/olemosaic.orbitalia.org\/pt-pt\/wp-json\/wp\/v2\/media?parent=32022"}],"wp:term":[{"taxonomy":"product_brand","embeddable":true,"href":"https:\/\/olemosaic.orbitalia.org\/pt-pt\/wp-json\/wp\/v2\/product_brand?post=32022"},{"taxonomy":"product_cat","embeddable":true,"href":"https:\/\/olemosaic.orbitalia.org\/pt-pt\/wp-json\/wp\/v2\/product_cat?post=32022"},{"taxonomy":"product_tag","embeddable":true,"href":"https:\/\/olemosaic.orbitalia.org\/pt-pt\/wp-json\/wp\/v2\/product_tag?post=32022"}],"curies":[{"name":"wp","href":"https:\/\/api.w.org\/{rel}","templated":true}]}}