{"id":32020,"date":"2025-02-20T22:32:14","date_gmt":"2025-02-20T22:32:14","guid":{"rendered":"https:\/\/olemosaic.orbitalia.org\/producto\/iman-de-metal-buho-negro-8-cm\/"},"modified":"2025-07-25T18:57:10","modified_gmt":"2025-07-25T16:57:10","slug":"iman-de-metal-mocho-preto-8-cm","status":"publish","type":"product","link":"https:\/\/olemosaic.orbitalia.org\/pt-pt\/produto\/iman-de-metal-mocho-preto-8-cm\/","title":{"rendered":"\u00cdman de metal. Mocho. Preto. 8 cm."},"content":{"rendered":"<p>Este \u00edman met\u00e1lico com a imagem de dois mochos coloridos \u00e9 uma representa\u00e7\u00e3o vibrante da arte do mosaico, ideal para quem procura uma recorda\u00e7\u00e3o aut\u00eantica da rica cultura visual espanhola. Com um tamanho de 8 cm, o seu design destaca-se sobre uma base preta que real\u00e7a os tons intensos e chamativos dos mochos, elaborados num estilo mosaico que evoca a tradi\u00e7\u00e3o art\u00edstica do pa\u00eds. Cada mocho apresenta uma paleta de cores brilhantes que simboliza a diversidade e a alegria, tornando-se uma pe\u00e7a perfeita para adicionar um toque de cor a qualquer espa\u00e7o. Este \u00edman n\u00e3o \u00e9 apenas um objeto decorativo; \u00e9 tamb\u00e9m um s\u00edmbolo da heran\u00e7a cultural e da criatividade art\u00edstica de Espanha, que destaca a aprecia\u00e7\u00e3o pela arte das cer\u00e2micas e mosaicos que caracterizam v\u00e1rias regi\u00f5es, como a Andaluzia. Na Ol\u00e9 Mosaic, oferecemos este \u00edman como um excelente souvenir para lojas de presentes tur\u00edsticos que procuram produtos \u00fanicos e representativos. Este \u00edman de mochos \u00e9 uma op\u00e7\u00e3o de destaque para quem deseja levar para casa um peda\u00e7o da tradi\u00e7\u00e3o art\u00edstica espanhola, sendo tamb\u00e9m uma excelente ideia de presente para amigos e familiares.<\/p>\n","protected":false},"excerpt":{"rendered":"<p>\u00cdman met\u00e1lico com dois mochos coloridos, inspirado na arte do mosaico, que adiciona um toque vibrante a qualquer espa\u00e7o. Com um design de 8 cm, este \u00edman apresenta uma base preta que real\u00e7a os tons chamativos dos mochos, elaborados ao estilo mosaico com uma variedade de cores brilhantes. Perfeito como souvenir ou decora\u00e7\u00e3o, \u00e9 uma recorda\u00e7\u00e3o encantadora da rica cultura visual espanhola.<\/p>\n","protected":false},"featured_media":11207,"template":"","meta":{"_acf_changed":false},"product_brand":[],"product_cat":[699],"product_tag":[516],"class_list":{"0":"post-32020","1":"product","2":"type-product","3":"status-publish","4":"has-post-thumbnail","6":"product_cat-imanes","7":"product_tag-animais","8":"pa_motivo-corujas","10":"first","11":"instock","12":"shipping-taxable","13":"product-type-simple"},"acf":[],"_links":{"self":[{"href":"https:\/\/olemosaic.orbitalia.org\/pt-pt\/wp-json\/wp\/v2\/product\/32020","targetHints":{"allow":["GET"]}}],"collection":[{"href":"https:\/\/olemosaic.orbitalia.org\/pt-pt\/wp-json\/wp\/v2\/product"}],"about":[{"href":"https:\/\/olemosaic.orbitalia.org\/pt-pt\/wp-json\/wp\/v2\/types\/product"}],"wp:featuredmedia":[{"embeddable":true,"href":"https:\/\/olemosaic.orbitalia.org\/pt-pt\/wp-json\/wp\/v2\/media\/11207"}],"wp:attachment":[{"href":"https:\/\/olemosaic.orbitalia.org\/pt-pt\/wp-json\/wp\/v2\/media?parent=32020"}],"wp:term":[{"taxonomy":"product_brand","embeddable":true,"href":"https:\/\/olemosaic.orbitalia.org\/pt-pt\/wp-json\/wp\/v2\/product_brand?post=32020"},{"taxonomy":"product_cat","embeddable":true,"href":"https:\/\/olemosaic.orbitalia.org\/pt-pt\/wp-json\/wp\/v2\/product_cat?post=32020"},{"taxonomy":"product_tag","embeddable":true,"href":"https:\/\/olemosaic.orbitalia.org\/pt-pt\/wp-json\/wp\/v2\/product_tag?post=32020"}],"curies":[{"name":"wp","href":"https:\/\/api.w.org\/{rel}","templated":true}]}}