{"id":31997,"date":"2025-02-20T22:32:13","date_gmt":"2025-02-20T22:32:13","guid":{"rendered":"https:\/\/olemosaic.orbitalia.org\/producto\/iman-de-metal-bailaora-negro-8-cm\/"},"modified":"2025-07-25T18:57:40","modified_gmt":"2025-07-25T16:57:40","slug":"iman-de-metal-bailarina-flamenco-preto-8-cm","status":"publish","type":"product","link":"https:\/\/olemosaic.orbitalia.org\/pt-pt\/produto\/iman-de-metal-bailarina-flamenco-preto-8-cm\/","title":{"rendered":"\u00cdman de metal. Bailarina de Flamenco. Preto. 8 cm."},"content":{"rendered":"<p>Este \u00edman met\u00e1lico, com a ilustra\u00e7\u00e3o de uma bailarina de flamenco, \u00e9 uma recorda\u00e7\u00e3o atrativa que capta a ess\u00eancia vibrante da cultura espanhola. Com os seus 8 cm, este \u00edman apresenta uma bailarina trajada com um colorido vestido de folhos, adornado com tons intensos de vermelho e azul que se destacam sobre um fundo preto. A figura da bailarina, cuidadosamente desenhada, evoca a paix\u00e3o e o ritmo do flamenco, uma arte que simboliza o cora\u00e7\u00e3o e a alma de Espanha. Levanta uma m\u00e3o num gesto expressivo, enquanto o seu outro bra\u00e7o se envolve no seu vestido, transportando quem o observa para uma cena de dan\u00e7a num p\u00e1tio andaluz.<\/p>\n<p>O design inclui a palavra &#8220;ESPA\u00d1A&#8221; em letras grandes e chamativas, assegurando que este \u00edman n\u00e3o sirva apenas como um adorno para qualquer superf\u00edcie met\u00e1lica, mas tamb\u00e9m como um lembrete constante das tradi\u00e7\u00f5es culturais do pa\u00eds. Ideal para turistas que procuram recorda\u00e7\u00f5es representativas, este \u00edman de bailarina \u00e9 uma excelente forma de levar para casa um peda\u00e7o da cultura flamenca.<\/p>\n<p>Na Ol\u00e9 Mosaic, oferecemos uma vasta gama de souvenirs de Espanha que refletem a riqueza cultural de diversas regi\u00f5es, e este \u00edman de bailarina \u00e9 uma pe\u00e7a-chave que atrair\u00e1 a aten\u00e7\u00e3o de todos os que desejem recordar a sua visita. Como grossistas de souvenirs, garantimos autenticidade e qualidade em cada produto, fazendo deste \u00edman uma op\u00e7\u00e3o perfeita para lojas de presentes tur\u00edsticos.<\/p>\n","protected":false},"excerpt":{"rendered":"<p>\u00cdman de metal com uma ilustra\u00e7\u00e3o vibrante de uma bailarina de flamenco, inspirado na cultura espanhola. Com um tamanho de 8 cm, o \u00edman mostra a figura da bailarina com um colorido vestido de folhos, com detalhes em vermelho e azul, e a palavra &#8220;ESPA\u00d1A&#8221; em letras grandes. O fundo preto real\u00e7a as cores vivas do design, evocando a paix\u00e3o e a arte do flamenco espanhol. Ideal para decorar qualquer superf\u00edcie met\u00e1lica e levar um toque de Espanha para o seu lar.<\/p>\n","protected":false},"featured_media":6964,"template":"","meta":{"_acf_changed":false},"product_brand":[],"product_cat":[699],"product_tag":[],"class_list":{"0":"post-31997","1":"product","2":"type-product","3":"status-publish","4":"has-post-thumbnail","6":"product_cat-imanes","7":"pa_motivo-dancarinos","9":"first","10":"instock","11":"shipping-taxable","12":"product-type-simple"},"acf":[],"_links":{"self":[{"href":"https:\/\/olemosaic.orbitalia.org\/pt-pt\/wp-json\/wp\/v2\/product\/31997","targetHints":{"allow":["GET"]}}],"collection":[{"href":"https:\/\/olemosaic.orbitalia.org\/pt-pt\/wp-json\/wp\/v2\/product"}],"about":[{"href":"https:\/\/olemosaic.orbitalia.org\/pt-pt\/wp-json\/wp\/v2\/types\/product"}],"wp:featuredmedia":[{"embeddable":true,"href":"https:\/\/olemosaic.orbitalia.org\/pt-pt\/wp-json\/wp\/v2\/media\/6964"}],"wp:attachment":[{"href":"https:\/\/olemosaic.orbitalia.org\/pt-pt\/wp-json\/wp\/v2\/media?parent=31997"}],"wp:term":[{"taxonomy":"product_brand","embeddable":true,"href":"https:\/\/olemosaic.orbitalia.org\/pt-pt\/wp-json\/wp\/v2\/product_brand?post=31997"},{"taxonomy":"product_cat","embeddable":true,"href":"https:\/\/olemosaic.orbitalia.org\/pt-pt\/wp-json\/wp\/v2\/product_cat?post=31997"},{"taxonomy":"product_tag","embeddable":true,"href":"https:\/\/olemosaic.orbitalia.org\/pt-pt\/wp-json\/wp\/v2\/product_tag?post=31997"}],"curies":[{"name":"wp","href":"https:\/\/api.w.org\/{rel}","templated":true}]}}