{"id":31995,"date":"2025-02-20T22:32:13","date_gmt":"2025-02-20T22:32:13","guid":{"rendered":"https:\/\/olemosaic.orbitalia.org\/producto\/iman-de-metal-bailaora-madrid-negro-8-cm\/"},"modified":"2025-07-25T19:46:57","modified_gmt":"2025-07-25T17:46:57","slug":"iman-de-metal-bailarina-flamenco-madrid-preto-8-cm","status":"publish","type":"product","link":"https:\/\/olemosaic.orbitalia.org\/pt-pt\/produto\/iman-de-metal-bailarina-flamenco-madrid-preto-8-cm\/","title":{"rendered":"\u00cdman de metal. Bailarina de Flamenco. Madrid. Preto. 8 cm."},"content":{"rendered":"<p>Este \u00edman met\u00e1lico com a ilustra\u00e7\u00e3o de duas bailarinas de flamenco \u00e9 uma representa\u00e7\u00e3o vibrante do esp\u00edrito madrileno. Com um tamanho de 8 cm, o seu design preto serve como um fundo elegante que real\u00e7a as cores vivas dos trajes das bailarinas, ricamente adornados com detalhes em mosaico que captam a ess\u00eancia e a paix\u00e3o do flamenco. As figuras, trajadas com deslumbrantes vestidos vermelhos e verdes, dan\u00e7am com gra\u00e7a, transmitindo a energia e a emo\u00e7\u00e3o desta arte espanhola. A palavra &#8220;MADRID&#8221; na parte superior, com tipografia colorida, adiciona um toque distintivo e atrativo, tornando este souvenir uma recorda\u00e7\u00e3o imprescind\u00edvel da capital espanhola.<\/p>\n<p>Este \u00edman n\u00e3o \u00e9 apenas uma pe\u00e7a decorativa, mas tamb\u00e9m um s\u00edmbolo do patrim\u00f3nio cultural de Espanha, ideal para quem procura souvenirs aut\u00eanticos que celebrem a tradi\u00e7\u00e3o flamenca. O seu design apelativo e colorido torna-o uma excelente op\u00e7\u00e3o para turistas que desejam levar um peda\u00e7o de Madrid para casa. Na Ol\u00e9 Mosaic, como grossistas de souvenirs, oferecemos produtos de alta qualidade que refletem a rica cultura espanhola, fazendo deste \u00edman de bailarinas um artigo perfeito para lojas de presentes tur\u00edsticos que apreciam o artesanato aut\u00eantico e o valor cultural.<\/p>\n","protected":false},"excerpt":{"rendered":"<p>\u00cdman met\u00e1lico com a ilustra\u00e7\u00e3o de duas bailarinas de flamenco, um design vibrante que evoca o esp\u00edrito de Madrid. Este modelo preto de 8 cm apresenta um fundo simples que real\u00e7a as cores vivas dos trajes das bailarinas, ricamente adornados com detalhes em mosaico. As figuras, trajadas com deslumbrantes vestidos vermelhos e verdes, captam a ess\u00eancia da arte flamenca, enquanto a palavra &#8220;MADRID&#8221; na parte superior adiciona um toque distintivo e atrativo.<\/p>\n","protected":false},"featured_media":8958,"template":"","meta":{"_acf_changed":false},"product_brand":[],"product_cat":[699],"product_tag":[],"class_list":{"0":"post-31995","1":"product","2":"type-product","3":"status-publish","4":"has-post-thumbnail","6":"product_cat-imanes","7":"pa_ciudad-madrid","8":"pa_motivo-dancarinos","9":"pa_pais-espana","11":"first","12":"instock","13":"shipping-taxable","14":"product-type-simple"},"acf":[],"_links":{"self":[{"href":"https:\/\/olemosaic.orbitalia.org\/pt-pt\/wp-json\/wp\/v2\/product\/31995","targetHints":{"allow":["GET"]}}],"collection":[{"href":"https:\/\/olemosaic.orbitalia.org\/pt-pt\/wp-json\/wp\/v2\/product"}],"about":[{"href":"https:\/\/olemosaic.orbitalia.org\/pt-pt\/wp-json\/wp\/v2\/types\/product"}],"wp:featuredmedia":[{"embeddable":true,"href":"https:\/\/olemosaic.orbitalia.org\/pt-pt\/wp-json\/wp\/v2\/media\/8958"}],"wp:attachment":[{"href":"https:\/\/olemosaic.orbitalia.org\/pt-pt\/wp-json\/wp\/v2\/media?parent=31995"}],"wp:term":[{"taxonomy":"product_brand","embeddable":true,"href":"https:\/\/olemosaic.orbitalia.org\/pt-pt\/wp-json\/wp\/v2\/product_brand?post=31995"},{"taxonomy":"product_cat","embeddable":true,"href":"https:\/\/olemosaic.orbitalia.org\/pt-pt\/wp-json\/wp\/v2\/product_cat?post=31995"},{"taxonomy":"product_tag","embeddable":true,"href":"https:\/\/olemosaic.orbitalia.org\/pt-pt\/wp-json\/wp\/v2\/product_tag?post=31995"}],"curies":[{"name":"wp","href":"https:\/\/api.w.org\/{rel}","templated":true}]}}