{"id":31973,"date":"2025-02-20T22:32:13","date_gmt":"2025-02-20T22:32:13","guid":{"rendered":"https:\/\/olemosaic.orbitalia.org\/producto\/iman-de-metal-toro-plata-8-cm\/"},"modified":"2025-07-25T23:57:32","modified_gmt":"2025-07-25T21:57:32","slug":"iman-de-metal-touro-prata-8-cm","status":"publish","type":"product","link":"https:\/\/olemosaic.orbitalia.org\/pt-pt\/produto\/iman-de-metal-touro-prata-8-cm\/","title":{"rendered":"\u00cdman de metal. Touro. Prata. 8 cm."},"content":{"rendered":"<p>Este \u00edman met\u00e1lico com forma de touro \u00e9 um souvenir emblem\u00e1tico que captura a ess\u00eancia de Espanha com eleg\u00e2ncia e cor. Com um tamanho de 8 cm, este atraente \u00edman apresenta um design art\u00edstico em mosaico que combina uma paleta de cores vibrantes, incluindo vermelhos intensos, amarelos e laranjas, simbolizando a for\u00e7a e o car\u00e1ter indom\u00e1vel do touro, animal emblem\u00e1tico da cultura espanhola. A figura do touro, representada num estilo visual distintivo, situa-se sobre um fundo branco que real\u00e7a o seu brilho, enquanto a palavra &#8220;ESPA\u00d1A&#8221; est\u00e1 impressa em letras proeminentes, sublinhando a sua relev\u00e2ncia como recorda\u00e7\u00e3o para aqueles que desejam levar um pedacinho do pa\u00eds consigo.<\/p>\n<p>Este \u00edman n\u00e3o \u00e9 apenas ideal para decorar um frigor\u00edfico, mas tamb\u00e9m \u00e9 um presente perfeito que evoca a rica cultura e tradi\u00e7\u00e3o espanhola, especialmente em regi\u00f5es onde a tauromaquia e o folclore associado s\u00e3o parte importante da identidade local. Na Ol\u00e9 Mosaic, como grossistas de souvenirs, oferecemos produtos que refletem autenticamente as tradi\u00e7\u00f5es de Espanha, e este \u00edman de touro \u00e9 uma excelente op\u00e7\u00e3o para lojas de presentes tur\u00edsticos que procuram artigos que conectem com os visitantes. A sua originalidade, design atraente e simbolismo cultural tornam-no uma recorda\u00e7\u00e3o valiosa e representativa da heran\u00e7a espanhola.<\/p>\n","protected":false},"excerpt":{"rendered":"<p>\u00cdman de metal com forma de touro, s\u00edmbolo emblem\u00e1tico de Espanha, de 8 cm. Este atraente \u00edman apresenta um design art\u00edstico em mosaico com uma paleta de cores vibrantes que inclui vermelhos, amarelos e laranjas, representando a for\u00e7a e o car\u00e1ter do touro. A palavra &#8220;ESPA\u00d1A&#8221; est\u00e1 impressa em letras proeminentes, o que o torna uma recorda\u00e7\u00e3o ideal que evoca a rica cultura e tradi\u00e7\u00e3o espanhola. Perfeito para decorar o frigor\u00edfico ou como presente.<\/p>\n","protected":false},"featured_media":9973,"template":"","meta":{"_acf_changed":false},"product_brand":[],"product_cat":[699],"product_tag":[516],"class_list":{"0":"post-31973","1":"product","2":"type-product","3":"status-publish","4":"has-post-thumbnail","6":"product_cat-imanes","7":"product_tag-animais","8":"pa_motivo-touros","10":"first","11":"instock","12":"shipping-taxable","13":"product-type-simple"},"acf":[],"_links":{"self":[{"href":"https:\/\/olemosaic.orbitalia.org\/pt-pt\/wp-json\/wp\/v2\/product\/31973","targetHints":{"allow":["GET"]}}],"collection":[{"href":"https:\/\/olemosaic.orbitalia.org\/pt-pt\/wp-json\/wp\/v2\/product"}],"about":[{"href":"https:\/\/olemosaic.orbitalia.org\/pt-pt\/wp-json\/wp\/v2\/types\/product"}],"wp:featuredmedia":[{"embeddable":true,"href":"https:\/\/olemosaic.orbitalia.org\/pt-pt\/wp-json\/wp\/v2\/media\/9973"}],"wp:attachment":[{"href":"https:\/\/olemosaic.orbitalia.org\/pt-pt\/wp-json\/wp\/v2\/media?parent=31973"}],"wp:term":[{"taxonomy":"product_brand","embeddable":true,"href":"https:\/\/olemosaic.orbitalia.org\/pt-pt\/wp-json\/wp\/v2\/product_brand?post=31973"},{"taxonomy":"product_cat","embeddable":true,"href":"https:\/\/olemosaic.orbitalia.org\/pt-pt\/wp-json\/wp\/v2\/product_cat?post=31973"},{"taxonomy":"product_tag","embeddable":true,"href":"https:\/\/olemosaic.orbitalia.org\/pt-pt\/wp-json\/wp\/v2\/product_tag?post=31973"}],"curies":[{"name":"wp","href":"https:\/\/api.w.org\/{rel}","templated":true}]}}