{"id":31958,"date":"2025-02-20T22:32:12","date_gmt":"2025-02-20T22:32:12","guid":{"rendered":"https:\/\/olemosaic.orbitalia.org\/producto\/iman-de-metal-salamandra-barcelona\/"},"modified":"2025-07-25T19:49:30","modified_gmt":"2025-07-25T17:49:30","slug":"iman-de-metal-salamandra-barcelona-pt-pt","status":"publish","type":"product","link":"https:\/\/olemosaic.orbitalia.org\/pt-pt\/produto\/iman-de-metal-salamandra-barcelona-pt-pt\/","title":{"rendered":"\u00cdman de metal. Salamandra. Barcelona."},"content":{"rendered":"<p>Este \u00edman met\u00e1lico com forma de salamandra \u00e9 uma encantadora recorda\u00e7\u00e3o, inspirado no ic\u00f3nico mosaico de Gaud\u00ed em Barcelona. Desenhado com pe\u00e7as de cores vibrantes em tons azuis, verdes, amarelos e vermelhos, este \u00edman evoca n\u00e3o s\u00f3 a ess\u00eancia art\u00edstica da capital catal\u00e3, mas tamb\u00e9m o maravilhoso trabalho de mosaico que caracteriza as obras de Antoni Gaud\u00ed. A salamandra, representa\u00e7\u00e3o emblem\u00e1tica da criatividade modernista, apresenta-se numa postura din\u00e2mica, captando a aten\u00e7\u00e3o com o seu design estilizado e contempor\u00e2neo. No centro do \u00edman, a palavra &#8220;Barcelona&#8221; destaca-se com uma tipografia clara e atraente, acrescentando um toque pessoal e aut\u00eantico.<\/p>\n<p>O \u00edman \u00e9 perfeito para decorar qualquer superf\u00edcie met\u00e1lica, como frigor\u00edficos ou quadros, e funciona como uma recorda\u00e7\u00e3o constante da rica cultura e da arquitetura singular que define a cidade. Esta recorda\u00e7\u00e3o n\u00e3o \u00e9 apenas um artigo decorativo, mas tamb\u00e9m um s\u00edmbolo da diversidade cultural que se experimenta ao visitar Barcelona. Na Ol\u00e9 Mosaic, como grossista de souvenirs, oferecemos produtos que refletem a autenticidade e o esp\u00edrito de cada regi\u00e3o. Este \u00edman de salamandra \u00e9 uma op\u00e7\u00e3o ideal para lojas de presentes tur\u00edsticos que procuram oferecer aos seus clientes recorda\u00e7\u00f5es aut\u00eanticas e representativas da vibrante vida em Barcelona.<\/p>\n","protected":false},"excerpt":{"rendered":"<p>\u00cdman met\u00e1lico com forma de salamandra, inspirado no famoso mosaico de Gaud\u00ed em Barcelona. Este colorido \u00edman apresenta um design vibrante com tesselas em tons azuis, verdes, amarelos e vermelhos, evocando a ess\u00eancia art\u00edstica da cidade. Com a palavra &#8220;Barcelona&#8221; destacada no centro, \u00e9 o souvenir ideal para recordar a rica cultura e a criatividade arquitet\u00f3nica da capital catal\u00e3. Perfeito para decorar qualquer superf\u00edcie met\u00e1lica.<\/p>\n","protected":false},"featured_media":6320,"template":"","meta":{"_acf_changed":false},"product_brand":[],"product_cat":[699],"product_tag":[516],"class_list":{"0":"post-31958","1":"product","2":"type-product","3":"status-publish","4":"has-post-thumbnail","6":"product_cat-imanes","7":"product_tag-animais","8":"pa_ciudad-barcelona","9":"pa_motivo-salamandras","10":"pa_pais-espana","12":"first","13":"instock","14":"shipping-taxable","15":"product-type-simple"},"acf":[],"_links":{"self":[{"href":"https:\/\/olemosaic.orbitalia.org\/pt-pt\/wp-json\/wp\/v2\/product\/31958","targetHints":{"allow":["GET"]}}],"collection":[{"href":"https:\/\/olemosaic.orbitalia.org\/pt-pt\/wp-json\/wp\/v2\/product"}],"about":[{"href":"https:\/\/olemosaic.orbitalia.org\/pt-pt\/wp-json\/wp\/v2\/types\/product"}],"wp:featuredmedia":[{"embeddable":true,"href":"https:\/\/olemosaic.orbitalia.org\/pt-pt\/wp-json\/wp\/v2\/media\/6320"}],"wp:attachment":[{"href":"https:\/\/olemosaic.orbitalia.org\/pt-pt\/wp-json\/wp\/v2\/media?parent=31958"}],"wp:term":[{"taxonomy":"product_brand","embeddable":true,"href":"https:\/\/olemosaic.orbitalia.org\/pt-pt\/wp-json\/wp\/v2\/product_brand?post=31958"},{"taxonomy":"product_cat","embeddable":true,"href":"https:\/\/olemosaic.orbitalia.org\/pt-pt\/wp-json\/wp\/v2\/product_cat?post=31958"},{"taxonomy":"product_tag","embeddable":true,"href":"https:\/\/olemosaic.orbitalia.org\/pt-pt\/wp-json\/wp\/v2\/product_tag?post=31958"}],"curies":[{"name":"wp","href":"https:\/\/api.w.org\/{rel}","templated":true}]}}